{"id":751,"date":"2021-06-15T10:40:41","date_gmt":"2021-06-15T10:40:41","guid":{"rendered":"http:\/\/www.nunner.com\/?page_id=751"},"modified":"2021-07-06T14:11:52","modified_gmt":"2021-07-06T14:11:52","slug":"managementul-si-achizitiile-de-transport","status":"publish","type":"page","link":"https:\/\/www.nunner.com\/ro\/4pl-lead-logistics-provider-llp-services\/carrier-management-and-procurement\/","title":{"rendered":"Managementul transportatorilor \u0219i achizi\u021bii publice"},"content":{"rendered":"<div data-elementor-type=\"wp-page\" data-elementor-id=\"751\" class=\"elementor elementor-751\" wpc-filter-elementor-widget=\"1\" data-elementor-post-type=\"page\">\n\t\t\t\t\t\t<section class=\"elementor-section elementor-top-section elementor-element elementor-element-3322a4c elementor-section-height-min-height elementor-section-boxed elementor-section-height-default elementor-section-items-middle\" data-id=\"3322a4c\" data-element_type=\"section\" data-e-type=\"section\" data-settings=\"{&quot;background_background&quot;:&quot;classic&quot;}\">\n\t\t\t\t\t\t<div class=\"elementor-container elementor-column-gap-default\">\n\t\t\t\t\t<div class=\"elementor-column elementor-col-100 elementor-top-column elementor-element elementor-element-1dc4034\" data-id=\"1dc4034\" data-element_type=\"column\" data-e-type=\"column\">\n\t\t\t<div class=\"elementor-widget-wrap\">\n\t\t\t\t\t\t\t<\/div>\n\t\t<\/div>\n\t\t\t\t\t<\/div>\n\t\t<\/section>\n\t\t\t\t<section class=\"elementor-section elementor-top-section elementor-element elementor-element-50600f1 elementor-section-boxed elementor-section-height-default elementor-section-height-default\" data-id=\"50600f1\" data-element_type=\"section\" data-e-type=\"section\">\n\t\t\t\t\t\t<div class=\"elementor-container elementor-column-gap-default\">\n\t\t\t\t\t<div class=\"elementor-column elementor-col-100 elementor-top-column elementor-element elementor-element-feedcb3\" data-id=\"feedcb3\" data-element_type=\"column\" data-e-type=\"column\">\n\t\t\t<div class=\"elementor-widget-wrap elementor-element-populated\">\n\t\t\t\t\t\t<div class=\"elementor-element elementor-element-40f4e5d elementor-align-center elementor-widget elementor-widget-breadcrumbs\" data-id=\"40f4e5d\" data-element_type=\"widget\" data-e-type=\"widget\" data-widget_type=\"breadcrumbs.default\">\n\t\t\t\t<div class=\"elementor-widget-container\">\n\t\t\t\t\t<p id=\"breadcrumbs\"><span><span><a href=\"https:\/\/www.nunner.com\/ro\/\">Acas\u0103<\/a><\/span><\/span><\/p>\t\t\t\t<\/div>\n\t\t\t\t<\/div>\n\t\t\t\t\t<\/div>\n\t\t<\/div>\n\t\t\t\t\t<\/div>\n\t\t<\/section>\n\t\t\t\t<section class=\"elementor-section elementor-top-section elementor-element elementor-element-46c8773 elementor-section-boxed elementor-section-height-default elementor-section-height-default\" data-id=\"46c8773\" data-element_type=\"section\" data-e-type=\"section\" data-settings=\"{&quot;background_background&quot;:&quot;classic&quot;}\">\n\t\t\t\t\t\t<div class=\"elementor-container elementor-column-gap-default\">\n\t\t\t\t\t<div class=\"elementor-column elementor-col-100 elementor-top-column elementor-element elementor-element-9ec71d4\" data-id=\"9ec71d4\" data-element_type=\"column\" data-e-type=\"column\">\n\t\t\t<div class=\"elementor-widget-wrap elementor-element-populated\">\n\t\t\t\t\t\t<div class=\"elementor-element elementor-element-6bfc285 elementor-widget elementor-widget-heading\" data-id=\"6bfc285\" data-element_type=\"widget\" data-e-type=\"widget\" data-widget_type=\"heading.default\">\n\t\t\t\t<div class=\"elementor-widget-container\">\n\t\t\t\t\t<h2 class=\"elementor-heading-title elementor-size-default\">Managementul transportatorilor \u0219i achizi\u021bii publice<\/h2>\t\t\t\t<\/div>\n\t\t\t\t<\/div>\n\t\t\t\t<div class=\"elementor-element elementor-element-2f194ac elementor-widget elementor-widget-image\" data-id=\"2f194ac\" data-element_type=\"widget\" data-e-type=\"widget\" data-widget_type=\"image.default\">\n\t\t\t\t<div class=\"elementor-widget-container\">\n\t\t\t\t\t\t\t\t\t\t\t\t\t\t\t<img fetchpriority=\"high\" decoding=\"async\" width=\"600\" height=\"222\" src=\"https:\/\/www.nunner.com\/wp-content\/uploads\/2021\/06\/4PL-LLP-Carrier-management-and-procurement.jpeg\" class=\"attachment-large size-large wp-image-243\" alt=\"\" srcset=\"https:\/\/www.nunner.com\/wp-content\/uploads\/2021\/06\/4PL-LLP-Carrier-management-and-procurement.jpeg 600w, https:\/\/www.nunner.com\/wp-content\/uploads\/2021\/06\/4PL-LLP-Carrier-management-and-procurement-300x111.jpeg 300w\" sizes=\"(max-width: 600px) 100vw, 600px\" \/>\t\t\t\t\t\t\t\t\t\t\t\t\t\t\t<\/div>\n\t\t\t\t<\/div>\n\t\t\t\t\t<\/div>\n\t\t<\/div>\n\t\t\t\t\t<\/div>\n\t\t<\/section>\n\t\t\t\t<section class=\"elementor-section elementor-top-section elementor-element elementor-element-0652b85 elementor-section-boxed elementor-section-height-default elementor-section-height-default\" data-id=\"0652b85\" data-element_type=\"section\" data-e-type=\"section\" data-settings=\"{&quot;background_background&quot;:&quot;classic&quot;}\">\n\t\t\t\t\t\t<div class=\"elementor-container elementor-column-gap-default\">\n\t\t\t\t\t<div class=\"elementor-column elementor-col-100 elementor-top-column elementor-element elementor-element-4427fa3\" data-id=\"4427fa3\" data-element_type=\"column\" data-e-type=\"column\">\n\t\t\t<div class=\"elementor-widget-wrap elementor-element-populated\">\n\t\t\t\t\t\t<div class=\"elementor-element elementor-element-b210233 elementor-widget elementor-widget-text-editor\" data-id=\"b210233\" data-element_type=\"widget\" data-e-type=\"widget\" data-widget_type=\"text-editor.default\">\n\t\t\t\t<div class=\"elementor-widget-container\">\n\t\t\t\t\t\t\t\t\t<p>Deoarece pie\u021bele sunt volatile, capacitatea \u0219i costurile transportatorilor fluctueaz\u0103 \u00een mod constant. Managerii transportatorilor Nunner au o cunoa\u0219tere aprofundat\u0103 a pie\u021bei europene de transport de marf\u0103 \u0219i a tendin\u021belor. Ne folosim de volumele mai multor clien\u021bi pentru a oferi cele mai bune tarife disponibile pe pia\u021b\u0103. Al\u0103turi de costuri, capacitatea este esen\u021bial\u0103 pentru gestionarea cu succes a re\u021belei dumneavoastr\u0103. Nunner are peste 400 de transportatori \u0219i furnizori \u0219i putem oferi capacitate acolo unde al\u021bii nu pot.<\/p><p>Nunner 4PL\/LLP poate utiliza transportatorii proprii contracta\u021bi pentru re\u021beaua dumneavoastr\u0103 \u0219i \u00eei poate extinde prin intermediul echipei noastre de achizi\u021bii \u0219i a procesului nostru de achizi\u021bie pentru a asigura cea mai bun\u0103 potrivire. Cu toate acestea, este de asemenea posibil s\u0103 folosi\u021bi contractele proprii ale clien\u021bilor no\u0219tri cu transportatorii. \u00cen acest caz, vom gestiona \u0219i optimiza performan\u021ba transportatorilor dumneavoastr\u0103.<\/p><div class=\"wpb_text_column wpb_content_element\"><div class=\"wpb_wrapper\"><p>\u00cen numele clien\u021bilor no\u0219tri, gestion\u0103m cererile de desp\u0103gubire ale transportatorilor \u0219i ne asigur\u0103m c\u0103 se va ob\u021bine o desp\u0103gubire maxim\u0103. Rezultatele sunt m\u0103surate \u0219i raportate prin intermediul metodologiei PPM. Serviciile pe care le oferim sunt:<\/p><ul><li>Achizi\u021bionarea transportatorului<\/li><li>Managementul performan\u021bei transportatorului<\/li><li>\u00cembarcarea la bordul transportatorului<\/li><li>Gestionarea cererilor de desp\u0103gubire<\/li><li>Audituri \u0219i formare pentru transportatori<\/li><li>Gestionarea capacit\u0103\u021bii<\/li><li>Managementul crizei<\/li><li>Integrarea sistemului de transport<\/li><li>Raportare BI<\/li><li>Actualiz\u0103ri privind tendin\u021bele pie\u021bei<\/li><li>Gestiona\u021bi \u0219i coordona\u021bi programele comune de \u00eembun\u0103t\u0103\u021bire a transportatorilor \u0219i furnizorilor<\/li><\/ul><\/div><\/div>\t\t\t\t\t\t\t\t<\/div>\n\t\t\t\t<\/div>\n\t\t\t\t\t<\/div>\n\t\t<\/div>\n\t\t\t\t\t<\/div>\n\t\t<\/section>\n\t\t\t\t<\/div>","protected":false},"excerpt":{"rendered":"<p>Carrier management and procurement As markets are volatile, carrier capacity and costs are fluctuating constantly. Nunner carrier managers have a deep knowledge of the European freight market and trends. We leverage volumes of multiple clients to provide the best available rates in the market. Next to costs, capacity is key to manage your network successful. [&hellip;]<\/p>\n","protected":false},"author":1,"featured_media":0,"parent":235,"menu_order":2,"comment_status":"closed","ping_status":"closed","template":"elementor_header_footer","meta":{"footnotes":""},"class_list":["post-751","page","type-page","status-publish","hentry"],"yoast_head":"<!-- This site is optimized with the Yoast SEO plugin v27.3 - https:\/\/yoast.com\/product\/yoast-seo-wordpress\/ -->\n<title>Carrier Management and Procurement - Nunner Logistics<\/title>\n<meta name=\"robots\" content=\"index, follow, max-snippet:-1, max-image-preview:large, max-video-preview:-1\" \/>\n<link rel=\"canonical\" href=\"https:\/\/www.nunner.com\/ro\/4pl-lead-logistics-provider-llp-services\/managementul-si-achizitiile-de-transport\/\" \/>\n<meta property=\"og:locale\" content=\"ro_RO\" \/>\n<meta property=\"og:type\" content=\"article\" \/>\n<meta property=\"og:title\" content=\"Carrier Management and Procurement - Nunner Logistics\" \/>\n<meta property=\"og:description\" content=\"Carrier management and procurement As markets are volatile, carrier capacity and costs are fluctuating constantly. Nunner carrier managers have a deep knowledge of the European freight market and trends. We leverage volumes of multiple clients to provide the best available rates in the market. Next to costs, capacity is key to manage your network successful. [&hellip;]\" \/>\n<meta property=\"og:url\" content=\"https:\/\/www.nunner.com\/ro\/4pl-lead-logistics-provider-llp-services\/managementul-si-achizitiile-de-transport\/\" \/>\n<meta property=\"og:site_name\" content=\"Nunner Logistics\" \/>\n<meta property=\"article:publisher\" content=\"https:\/\/www.facebook.com\/Nunner-Logistics-1478544265712063\/\" \/>\n<meta property=\"article:modified_time\" content=\"2021-07-06T14:11:52+00:00\" \/>\n<meta property=\"og:image\" content=\"http:\/\/www.nunner.com\/wp-content\/uploads\/2021\/06\/4PL-LLP-Carrier-management-and-procurement.jpeg\" \/>\n<meta name=\"twitter:card\" content=\"summary_large_image\" \/>\n<meta name=\"twitter:label1\" content=\"Timp estimat pentru citire\" \/>\n\t<meta name=\"twitter:data1\" content=\"1 minut\" \/>\n<script type=\"application\/ld+json\" class=\"yoast-schema-graph\">{\"@context\":\"https:\\\/\\\/schema.org\",\"@graph\":[{\"@type\":\"WebPage\",\"@id\":\"https:\\\/\\\/www.nunner.com\\\/4pl-lead-logistics-provider-llp-services\\\/carrier-management-and-procurement\\\/\",\"url\":\"https:\\\/\\\/www.nunner.com\\\/4pl-lead-logistics-provider-llp-services\\\/carrier-management-and-procurement\\\/\",\"name\":\"Carrier Management and Procurement - Nunner Logistics\",\"isPartOf\":{\"@id\":\"https:\\\/\\\/www.nunner.com\\\/pt\\\/#website\"},\"primaryImageOfPage\":{\"@id\":\"https:\\\/\\\/www.nunner.com\\\/4pl-lead-logistics-provider-llp-services\\\/carrier-management-and-procurement\\\/#primaryimage\"},\"image\":{\"@id\":\"https:\\\/\\\/www.nunner.com\\\/4pl-lead-logistics-provider-llp-services\\\/carrier-management-and-procurement\\\/#primaryimage\"},\"thumbnailUrl\":\"http:\\\/\\\/www.nunner.com\\\/wp-content\\\/uploads\\\/2021\\\/06\\\/4PL-LLP-Carrier-management-and-procurement.jpeg\",\"datePublished\":\"2021-06-15T10:40:41+00:00\",\"dateModified\":\"2021-07-06T14:11:52+00:00\",\"breadcrumb\":{\"@id\":\"https:\\\/\\\/www.nunner.com\\\/4pl-lead-logistics-provider-llp-services\\\/carrier-management-and-procurement\\\/#breadcrumb\"},\"inLanguage\":\"ro-RO\",\"potentialAction\":[{\"@type\":\"ReadAction\",\"target\":[\"https:\\\/\\\/www.nunner.com\\\/4pl-lead-logistics-provider-llp-services\\\/carrier-management-and-procurement\\\/\"]}]},{\"@type\":\"ImageObject\",\"inLanguage\":\"ro-RO\",\"@id\":\"https:\\\/\\\/www.nunner.com\\\/4pl-lead-logistics-provider-llp-services\\\/carrier-management-and-procurement\\\/#primaryimage\",\"url\":\"http:\\\/\\\/www.nunner.com\\\/wp-content\\\/uploads\\\/2021\\\/06\\\/4PL-LLP-Carrier-management-and-procurement.jpeg\",\"contentUrl\":\"http:\\\/\\\/www.nunner.com\\\/wp-content\\\/uploads\\\/2021\\\/06\\\/4PL-LLP-Carrier-management-and-procurement.jpeg\"},{\"@type\":\"BreadcrumbList\",\"@id\":\"https:\\\/\\\/www.nunner.com\\\/4pl-lead-logistics-provider-llp-services\\\/carrier-management-and-procurement\\\/#breadcrumb\",\"itemListElement\":[{\"@type\":\"ListItem\",\"position\":1,\"name\":\"Home\",\"item\":\"https:\\\/\\\/www.nunner.com\\\/\"},{\"@type\":\"ListItem\",\"position\":2,\"name\":\"4PL\\\/LLP\",\"item\":\"https:\\\/\\\/www.nunner.com\\\/4pl-lead-logistics-provider-llp-services\\\/\"},{\"@type\":\"ListItem\",\"position\":3,\"name\":\"Carrier Management and Procurement\"}]},{\"@type\":\"WebSite\",\"@id\":\"https:\\\/\\\/www.nunner.com\\\/pt\\\/#website\",\"url\":\"https:\\\/\\\/www.nunner.com\\\/pt\\\/\",\"name\":\"Nunner Logistics\",\"description\":\"Nobody goes further\",\"publisher\":{\"@id\":\"https:\\\/\\\/www.nunner.com\\\/pt\\\/#organization\"},\"potentialAction\":[{\"@type\":\"SearchAction\",\"target\":{\"@type\":\"EntryPoint\",\"urlTemplate\":\"https:\\\/\\\/www.nunner.com\\\/pt\\\/?s={search_term_string}\"},\"query-input\":{\"@type\":\"PropertyValueSpecification\",\"valueRequired\":true,\"valueName\":\"search_term_string\"}}],\"inLanguage\":\"ro-RO\"},{\"@type\":\"Organization\",\"@id\":\"https:\\\/\\\/www.nunner.com\\\/pt\\\/#organization\",\"name\":\"Nunner\",\"url\":\"https:\\\/\\\/www.nunner.com\\\/pt\\\/\",\"logo\":{\"@type\":\"ImageObject\",\"inLanguage\":\"ro-RO\",\"@id\":\"https:\\\/\\\/www.nunner.com\\\/pt\\\/#\\\/schema\\\/logo\\\/image\\\/\",\"url\":\"http:\\\/\\\/www.nunner.com\\\/wp-content\\\/uploads\\\/2021\\\/06\\\/Nunner-logo-fc.png\",\"contentUrl\":\"http:\\\/\\\/www.nunner.com\\\/wp-content\\\/uploads\\\/2021\\\/06\\\/Nunner-logo-fc.png\",\"width\":570,\"height\":627,\"caption\":\"Nunner\"},\"image\":{\"@id\":\"https:\\\/\\\/www.nunner.com\\\/pt\\\/#\\\/schema\\\/logo\\\/image\\\/\"},\"sameAs\":[\"https:\\\/\\\/www.facebook.com\\\/Nunner-Logistics-1478544265712063\\\/\",\"https:\\\/\\\/www.linkedin.com\\\/company\\\/5214685\\\/\",\"https:\\\/\\\/plus.google.com\\\/u\\\/0\\\/105282352768544693550\"]}]}<\/script>\n<!-- \/ Yoast SEO plugin. -->","yoast_head_json":{"title":"Managementul transportatorilor \u0219i achizi\u021bii - Nunner Logistics","robots":{"index":"index","follow":"follow","max-snippet":"max-snippet:-1","max-image-preview":"max-image-preview:large","max-video-preview":"max-video-preview:-1"},"canonical":"https:\/\/www.nunner.com\/ro\/4pl-lead-logistics-provider-llp-services\/managementul-si-achizitiile-de-transport\/","og_locale":"ro_RO","og_type":"article","og_title":"Carrier Management and Procurement - Nunner Logistics","og_description":"Carrier management and procurement As markets are volatile, carrier capacity and costs are fluctuating constantly. Nunner carrier managers have a deep knowledge of the European freight market and trends. We leverage volumes of multiple clients to provide the best available rates in the market. Next to costs, capacity is key to manage your network successful. [&hellip;]","og_url":"https:\/\/www.nunner.com\/ro\/4pl-lead-logistics-provider-llp-services\/managementul-si-achizitiile-de-transport\/","og_site_name":"Nunner Logistics","article_publisher":"https:\/\/www.facebook.com\/Nunner-Logistics-1478544265712063\/","article_modified_time":"2021-07-06T14:11:52+00:00","og_image":[{"url":"http:\/\/www.nunner.com\/wp-content\/uploads\/2021\/06\/4PL-LLP-Carrier-management-and-procurement.jpeg","type":"","width":"","height":""}],"twitter_card":"summary_large_image","twitter_misc":{"Timp estimat pentru citire":"1 minut"},"schema":{"@context":"https:\/\/schema.org","@graph":[{"@type":"WebPage","@id":"https:\/\/www.nunner.com\/4pl-lead-logistics-provider-llp-services\/carrier-management-and-procurement\/","url":"https:\/\/www.nunner.com\/4pl-lead-logistics-provider-llp-services\/carrier-management-and-procurement\/","name":"Managementul transportatorilor \u0219i achizi\u021bii - Nunner Logistics","isPartOf":{"@id":"https:\/\/www.nunner.com\/pt\/#website"},"primaryImageOfPage":{"@id":"https:\/\/www.nunner.com\/4pl-lead-logistics-provider-llp-services\/carrier-management-and-procurement\/#primaryimage"},"image":{"@id":"https:\/\/www.nunner.com\/4pl-lead-logistics-provider-llp-services\/carrier-management-and-procurement\/#primaryimage"},"thumbnailUrl":"http:\/\/www.nunner.com\/wp-content\/uploads\/2021\/06\/4PL-LLP-Carrier-management-and-procurement.jpeg","datePublished":"2021-06-15T10:40:41+00:00","dateModified":"2021-07-06T14:11:52+00:00","breadcrumb":{"@id":"https:\/\/www.nunner.com\/4pl-lead-logistics-provider-llp-services\/carrier-management-and-procurement\/#breadcrumb"},"inLanguage":"ro-RO","potentialAction":[{"@type":"ReadAction","target":["https:\/\/www.nunner.com\/4pl-lead-logistics-provider-llp-services\/carrier-management-and-procurement\/"]}]},{"@type":"ImageObject","inLanguage":"ro-RO","@id":"https:\/\/www.nunner.com\/4pl-lead-logistics-provider-llp-services\/carrier-management-and-procurement\/#primaryimage","url":"http:\/\/www.nunner.com\/wp-content\/uploads\/2021\/06\/4PL-LLP-Carrier-management-and-procurement.jpeg","contentUrl":"http:\/\/www.nunner.com\/wp-content\/uploads\/2021\/06\/4PL-LLP-Carrier-management-and-procurement.jpeg"},{"@type":"BreadcrumbList","@id":"https:\/\/www.nunner.com\/4pl-lead-logistics-provider-llp-services\/carrier-management-and-procurement\/#breadcrumb","itemListElement":[{"@type":"ListItem","position":1,"name":"Home","item":"https:\/\/www.nunner.com\/"},{"@type":"ListItem","position":2,"name":"4PL\/LLP","item":"https:\/\/www.nunner.com\/4pl-lead-logistics-provider-llp-services\/"},{"@type":"ListItem","position":3,"name":"Carrier Management and Procurement"}]},{"@type":"WebSite","@id":"https:\/\/www.nunner.com\/pt\/#website","url":"https:\/\/www.nunner.com\/pt\/","name":"Nunner Logistics","description":"Nobody goes further","publisher":{"@id":"https:\/\/www.nunner.com\/pt\/#organization"},"potentialAction":[{"@type":"SearchAction","target":{"@type":"EntryPoint","urlTemplate":"https:\/\/www.nunner.com\/pt\/?s={search_term_string}"},"query-input":{"@type":"PropertyValueSpecification","valueRequired":true,"valueName":"search_term_string"}}],"inLanguage":"ro-RO"},{"@type":"Organization","@id":"https:\/\/www.nunner.com\/pt\/#organization","name":"Nunner","url":"https:\/\/www.nunner.com\/pt\/","logo":{"@type":"ImageObject","inLanguage":"ro-RO","@id":"https:\/\/www.nunner.com\/pt\/#\/schema\/logo\/image\/","url":"http:\/\/www.nunner.com\/wp-content\/uploads\/2021\/06\/Nunner-logo-fc.png","contentUrl":"http:\/\/www.nunner.com\/wp-content\/uploads\/2021\/06\/Nunner-logo-fc.png","width":570,"height":627,"caption":"Nunner"},"image":{"@id":"https:\/\/www.nunner.com\/pt\/#\/schema\/logo\/image\/"},"sameAs":["https:\/\/www.facebook.com\/Nunner-Logistics-1478544265712063\/","https:\/\/www.linkedin.com\/company\/5214685\/","https:\/\/plus.google.com\/u\/0\/105282352768544693550"]}]}},"_links":{"self":[{"href":"https:\/\/www.nunner.com\/ro\/wp-json\/wp\/v2\/pages\/751","targetHints":{"allow":["GET"]}}],"collection":[{"href":"https:\/\/www.nunner.com\/ro\/wp-json\/wp\/v2\/pages"}],"about":[{"href":"https:\/\/www.nunner.com\/ro\/wp-json\/wp\/v2\/types\/page"}],"author":[{"embeddable":true,"href":"https:\/\/www.nunner.com\/ro\/wp-json\/wp\/v2\/users\/1"}],"replies":[{"embeddable":true,"href":"https:\/\/www.nunner.com\/ro\/wp-json\/wp\/v2\/comments?post=751"}],"version-history":[{"count":12,"href":"https:\/\/www.nunner.com\/ro\/wp-json\/wp\/v2\/pages\/751\/revisions"}],"predecessor-version":[{"id":5518,"href":"https:\/\/www.nunner.com\/ro\/wp-json\/wp\/v2\/pages\/751\/revisions\/5518"}],"up":[{"embeddable":true,"href":"https:\/\/www.nunner.com\/ro\/wp-json\/wp\/v2\/pages\/235"}],"wp:attachment":[{"href":"https:\/\/www.nunner.com\/ro\/wp-json\/wp\/v2\/media?parent=751"}],"curies":[{"name":"wp","href":"https:\/\/api.w.org\/{rel}","templated":true}]}}