{"id":6631,"date":"2022-11-25T13:23:07","date_gmt":"2022-11-25T13:23:07","guid":{"rendered":"https:\/\/www.nunner.com\/?page_id=6631"},"modified":"2022-11-25T13:29:11","modified_gmt":"2022-11-25T13:29:11","slug":"academie-de-calugarite-2","status":"publish","type":"page","link":"https:\/\/www.nunner.com\/ro\/academy\/","title":{"rendered":"Academia"},"content":{"rendered":"<div data-elementor-type=\"wp-page\" data-elementor-id=\"6631\" class=\"elementor elementor-6631\" wpc-filter-elementor-widget=\"1\" data-elementor-post-type=\"page\">\n\t\t\t\t\t\t<section class=\"elementor-section elementor-top-section elementor-element elementor-element-dd25fb2 elementor-section-height-min-height elementor-section-boxed elementor-section-height-default elementor-section-items-middle\" data-id=\"dd25fb2\" data-element_type=\"section\" data-e-type=\"section\" data-settings=\"{&quot;background_background&quot;:&quot;classic&quot;}\">\n\t\t\t\t\t\t\t<div class=\"elementor-background-overlay\"><\/div>\n\t\t\t\t\t\t\t<div class=\"elementor-container elementor-column-gap-default\">\n\t\t\t\t\t<div class=\"elementor-column elementor-col-100 elementor-top-column elementor-element elementor-element-f42d016\" data-id=\"f42d016\" data-element_type=\"column\" data-e-type=\"column\">\n\t\t\t<div class=\"elementor-widget-wrap elementor-element-populated\">\n\t\t\t\t\t\t<div class=\"elementor-element elementor-element-8b91bd4 elementor-widget elementor-widget-heading\" data-id=\"8b91bd4\" data-element_type=\"widget\" data-e-type=\"widget\" data-widget_type=\"heading.default\">\n\t\t\t\t<div class=\"elementor-widget-container\">\n\t\t\t\t\t<h1 class=\"elementor-heading-title elementor-size-default\">Working at Nunner<\/h1>\t\t\t\t<\/div>\n\t\t\t\t<\/div>\n\t\t\t\t<div class=\"elementor-element elementor-element-8f8451e elementor-widget elementor-widget-heading\" data-id=\"8f8451e\" data-element_type=\"widget\" data-e-type=\"widget\" data-widget_type=\"heading.default\">\n\t\t\t\t<div class=\"elementor-widget-container\">\n\t\t\t\t\t<h5 class=\"elementor-heading-title elementor-size-default\">Academia<\/h5>\t\t\t\t<\/div>\n\t\t\t\t<\/div>\n\t\t\t\t\t<\/div>\n\t\t<\/div>\n\t\t\t\t\t<\/div>\n\t\t<\/section>\n\t\t\t\t<section class=\"elementor-section elementor-top-section elementor-element elementor-element-0a622de elementor-section-boxed elementor-section-height-default elementor-section-height-default\" data-id=\"0a622de\" data-element_type=\"section\" data-e-type=\"section\">\n\t\t\t\t\t\t<div class=\"elementor-container elementor-column-gap-default\">\n\t\t\t\t\t<div class=\"elementor-column elementor-col-100 elementor-top-column elementor-element elementor-element-52d9cb6\" data-id=\"52d9cb6\" data-element_type=\"column\" data-e-type=\"column\">\n\t\t\t<div class=\"elementor-widget-wrap elementor-element-populated\">\n\t\t\t\t\t\t<div class=\"elementor-element elementor-element-32adc0d elementor-nav-menu__align-center elementor-nav-menu--dropdown-tablet elementor-nav-menu__text-align-aside elementor-nav-menu--toggle elementor-nav-menu--burger elementor-widget elementor-widget-nav-menu\" data-id=\"32adc0d\" data-element_type=\"widget\" data-e-type=\"widget\" data-settings=\"{&quot;layout&quot;:&quot;horizontal&quot;,&quot;submenu_icon&quot;:{&quot;value&quot;:&quot;&lt;i class=\\&quot;fas fa-caret-down\\&quot; aria-hidden=\\&quot;true\\&quot;&gt;&lt;\\\/i&gt;&quot;,&quot;library&quot;:&quot;fa-solid&quot;},&quot;toggle&quot;:&quot;burger&quot;}\" data-widget_type=\"nav-menu.default\">\n\t\t\t\t<div class=\"elementor-widget-container\">\n\t\t\t\t\t\t\t\t<nav aria-label=\"Meniu\" class=\"elementor-nav-menu--main elementor-nav-menu__container elementor-nav-menu--layout-horizontal e--pointer-underline e--animation-fade\">\n\t\t\t\t<ul id=\"menu-1-32adc0d\" class=\"elementor-nav-menu\"><li class=\"menu-item menu-item-type-post_type menu-item-object-page menu-item-6629\"><a href=\"https:\/\/www.nunner.com\/ro\/working-at-nunner\/\" class=\"elementor-item\">Working at Nunner<\/a><\/li>\n<li class=\"menu-item menu-item-type-post_type_archive menu-item-object-vacatures menu-item-6601\"><a href=\"https:\/\/www.nunner.com\/ro\/vacatures\/\" class=\"elementor-item\">Prezentare general\u0103 a postului<\/a><\/li>\n<li class=\"menu-item menu-item-type-post_type menu-item-object-page menu-item-6624\"><a href=\"https:\/\/www.nunner.com\/ro\/our-company\/\" class=\"elementor-item\">Compania noastr\u0103<\/a><\/li>\n<li class=\"menu-item menu-item-type-post_type menu-item-object-page menu-item-6626\"><a href=\"https:\/\/www.nunner.com\/ro\/teams\/\" class=\"elementor-item\">Echipe<\/a><\/li>\n<li class=\"menu-item menu-item-type-post_type menu-item-object-page menu-item-6642\"><a href=\"https:\/\/www.nunner.com\/ro\/academy\/\" class=\"elementor-item\">Academia<\/a><\/li>\n<li class=\"menu-item menu-item-type-post_type menu-item-object-page menu-item-6641\"><a href=\"https:\/\/www.nunner.com\/ro\/internships\/\" class=\"elementor-item\">Stagii de practic\u0103<\/a><\/li>\n<\/ul>\t\t\t<\/nav>\n\t\t\t\t\t<div class=\"elementor-menu-toggle\" role=\"button\" tabindex=\"0\" aria-label=\"Menu Toggle\" aria-expanded=\"false\">\n\t\t\t<i aria-hidden=\"true\" role=\"presentation\" class=\"elementor-menu-toggle__icon--open eicon-menu-bar\"><\/i><i aria-hidden=\"true\" role=\"presentation\" class=\"elementor-menu-toggle__icon--close eicon-close\"><\/i>\t\t<\/div>\n\t\t\t\t\t<nav class=\"elementor-nav-menu--dropdown elementor-nav-menu__container\" aria-hidden=\"true\">\n\t\t\t\t<ul id=\"menu-2-32adc0d\" class=\"elementor-nav-menu\"><li class=\"menu-item menu-item-type-post_type menu-item-object-page menu-item-6629\"><a href=\"https:\/\/www.nunner.com\/ro\/working-at-nunner\/\" class=\"elementor-item\" tabindex=\"-1\">Working at Nunner<\/a><\/li>\n<li class=\"menu-item menu-item-type-post_type_archive menu-item-object-vacatures menu-item-6601\"><a href=\"https:\/\/www.nunner.com\/ro\/vacatures\/\" class=\"elementor-item\" tabindex=\"-1\">Prezentare general\u0103 a postului<\/a><\/li>\n<li class=\"menu-item menu-item-type-post_type menu-item-object-page menu-item-6624\"><a href=\"https:\/\/www.nunner.com\/ro\/our-company\/\" class=\"elementor-item\" tabindex=\"-1\">Compania noastr\u0103<\/a><\/li>\n<li class=\"menu-item menu-item-type-post_type menu-item-object-page menu-item-6626\"><a href=\"https:\/\/www.nunner.com\/ro\/teams\/\" class=\"elementor-item\" tabindex=\"-1\">Echipe<\/a><\/li>\n<li class=\"menu-item menu-item-type-post_type menu-item-object-page menu-item-6642\"><a href=\"https:\/\/www.nunner.com\/ro\/academy\/\" class=\"elementor-item\" tabindex=\"-1\">Academia<\/a><\/li>\n<li class=\"menu-item menu-item-type-post_type menu-item-object-page menu-item-6641\"><a href=\"https:\/\/www.nunner.com\/ro\/internships\/\" class=\"elementor-item\" tabindex=\"-1\">Stagii de practic\u0103<\/a><\/li>\n<\/ul>\t\t\t<\/nav>\n\t\t\t\t\t\t<\/div>\n\t\t\t\t<\/div>\n\t\t\t\t\t<\/div>\n\t\t<\/div>\n\t\t\t\t\t<\/div>\n\t\t<\/section>\n\t\t\t\t<section class=\"elementor-section elementor-top-section elementor-element elementor-element-49760cba elementor-section-boxed elementor-section-height-default elementor-section-height-default\" data-id=\"49760cba\" data-element_type=\"section\" data-e-type=\"section\" data-settings=\"{&quot;background_background&quot;:&quot;classic&quot;}\">\n\t\t\t\t\t\t<div class=\"elementor-container elementor-column-gap-default\">\n\t\t\t\t\t<div class=\"elementor-column elementor-col-100 elementor-top-column elementor-element elementor-element-49d52ef5\" data-id=\"49d52ef5\" data-element_type=\"column\" data-e-type=\"column\">\n\t\t\t<div class=\"elementor-widget-wrap elementor-element-populated\">\n\t\t\t\t\t\t<div class=\"elementor-element elementor-element-5adda37 elementor-widget elementor-widget-heading\" data-id=\"5adda37\" data-element_type=\"widget\" data-e-type=\"widget\" data-widget_type=\"heading.default\">\n\t\t\t\t<div class=\"elementor-widget-container\">\n\t\t\t\t\t<h2 class=\"elementor-heading-title elementor-size-default\">Academia Nunner<\/h2>\t\t\t\t<\/div>\n\t\t\t\t<\/div>\n\t\t\t\t<div class=\"elementor-element elementor-element-bd0c0af elementor-widget elementor-widget-image\" data-id=\"bd0c0af\" data-element_type=\"widget\" data-e-type=\"widget\" data-widget_type=\"image.default\">\n\t\t\t\t<div class=\"elementor-widget-container\">\n\t\t\t\t\t\t\t\t\t\t\t\t\t\t\t<img fetchpriority=\"high\" decoding=\"async\" width=\"800\" height=\"334\" src=\"https:\/\/www.nunner.com\/wp-content\/uploads\/2021\/07\/shutterstock_275553788-1024x427.jpg\" class=\"attachment-large size-large wp-image-5696\" alt=\"\" srcset=\"https:\/\/www.nunner.com\/wp-content\/uploads\/2021\/07\/shutterstock_275553788-1024x427.jpg 1024w, https:\/\/www.nunner.com\/wp-content\/uploads\/2021\/07\/shutterstock_275553788-300x125.jpg 300w, https:\/\/www.nunner.com\/wp-content\/uploads\/2021\/07\/shutterstock_275553788-768x320.jpg 768w, https:\/\/www.nunner.com\/wp-content\/uploads\/2021\/07\/shutterstock_275553788-16x7.jpg 16w, https:\/\/www.nunner.com\/wp-content\/uploads\/2021\/07\/shutterstock_275553788.jpg 1200w\" sizes=\"(max-width: 800px) 100vw, 800px\" \/>\t\t\t\t\t\t\t\t\t\t\t\t\t\t\t<\/div>\n\t\t\t\t<\/div>\n\t\t\t\t\t<\/div>\n\t\t<\/div>\n\t\t\t\t\t<\/div>\n\t\t<\/section>\n\t\t\t\t<section class=\"elementor-section elementor-top-section elementor-element elementor-element-01511e0 elementor-section-boxed elementor-section-height-default elementor-section-height-default\" data-id=\"01511e0\" data-element_type=\"section\" data-e-type=\"section\" data-settings=\"{&quot;background_background&quot;:&quot;classic&quot;}\">\n\t\t\t\t\t\t<div class=\"elementor-container elementor-column-gap-default\">\n\t\t\t\t\t<div class=\"elementor-column elementor-col-100 elementor-top-column elementor-element elementor-element-e7a7349\" data-id=\"e7a7349\" data-element_type=\"column\" data-e-type=\"column\">\n\t\t\t<div class=\"elementor-widget-wrap elementor-element-populated\">\n\t\t\t\t\t\t<div class=\"elementor-element elementor-element-f1f37c9 elementor-widget elementor-widget-text-editor\" data-id=\"f1f37c9\" data-element_type=\"widget\" data-e-type=\"widget\" data-widget_type=\"text-editor.default\">\n\t\t\t\t<div class=\"elementor-widget-container\">\n\t\t\t\t\t\t\t\t\t<p>La Nunner \u0219tim c\u0103 este necesar un serviciu excep\u021bional pentru clien\u021bi. \u00cen fiecare an aloc\u0103m un buget pentru ini\u021biative de servicii pentru clien\u021bi \u0219i pentru dezvoltarea angaja\u021bilor.<\/p><p>Cum facem asta? Ne instruim oamenii la locul de munc\u0103, \u00een ceea ce prive\u0219te modul \u00een care func\u021bioneaz\u0103 sistemele noastre, procedurile etc. Acest lucru este extrem de important din cauza proceselor noastre extrem de sofisticate. \u00cei \u00eenva\u021b\u0103 pe angaja\u021bii no\u0219tri s\u0103 fac\u0103 ceva pas cu pas.<\/p><p>Pe de alt\u0103 parte, ne educ\u0103m oamenii despre cum s\u0103 se g\u00e2ndeasc\u0103 la serviciu \u00een orice situa\u021bie \u0219i apoi s\u0103 aleag\u0103 cea mai bun\u0103 ac\u021biune de \u00eentreprins (\u0219i s\u0103 g\u00e2ndeasc\u0103 \u00een afara cutiei) \u00een func\u021bie de situa\u021bie. Comentariile clien\u021bilor, complimentele, reclama\u021biile \u0219i informa\u021biile despre concuren\u021b\u0103 sunt esen\u021biale \u00een acest sens.<\/p><p>Nunner ofer\u0103 educa\u021bie angaja\u021bilor s\u0103i. \u00cencorpor\u0103m toate aspectele culturii noastre de servicii \u00een educa\u021bia noastr\u0103 \u00cempreun\u0103 cu Indicia Total Performance am dezvoltat propriul nostru\u00a0<span class=\"Apple-style-span\">PERFORMAN\u021a\u0102 TOTAL\u0102 NUNNER\u00a0<\/span>ACADEMIA \u00een care asocia\u021bii no\u0219tri sunt educa\u021bi pentru a-\u0219i dezvolta competen\u021bele generale \u0219i competen\u021bele care sunt esen\u021biale pentru performan\u021ba lor zilnic\u0103. Ne concentr\u0103m, printre altele, pe uniformitate, dep\u0103\u0219irea a\u0219tept\u0103rilor clien\u021bilor, cooperare intern\u0103, consolidarea echipei, dezvoltare personal\u0103 \u0219i multe altele.<\/p><p>Personalul Nunner \u00een\u021belege c\u0103 nu este suficient s\u0103 respecte scenariul \u0219i s\u0103 furnizeze serviciul. Un serviciu excelent nu \u00eenseamn\u0103 doar respectarea unei proceduri sau a unei secven\u021be de pa\u0219i. Este vorba despre aplicarea mentalit\u0103\u021bii noastre de serviciu la principiile de serviciu dovedite.<\/p>\t\t\t\t\t\t\t\t<\/div>\n\t\t\t\t<\/div>\n\t\t\t\t\t<\/div>\n\t\t<\/div>\n\t\t\t\t\t<\/div>\n\t\t<\/section>\n\t\t\t\t<\/div>","protected":false},"excerpt":{"rendered":"<p>Working at Nunner Academy Nunner academy At Nunner we know that\u00a0 exceptional customer service is necessary. We allocate a budget every year for customer service initiatives and employee development. How do we do that? We train our people on the job, on how our systems work, how the procedures are etc. This is extremely important [&hellip;]<\/p>\n","protected":false},"author":1,"featured_media":0,"parent":0,"menu_order":13,"comment_status":"closed","ping_status":"closed","template":"elementor_header_footer","meta":{"footnotes":""},"class_list":["post-6631","page","type-page","status-publish","hentry"],"yoast_head":"<!-- This site is optimized with the Yoast SEO plugin v27.3 - https:\/\/yoast.com\/product\/yoast-seo-wordpress\/ -->\n<title>Academy - Nunner Logistics<\/title>\n<meta name=\"robots\" content=\"index, follow, max-snippet:-1, max-image-preview:large, max-video-preview:-1\" \/>\n<link rel=\"canonical\" href=\"https:\/\/www.nunner.com\/ro\/academie-de-calugarite-2\/\" \/>\n<meta property=\"og:locale\" content=\"ro_RO\" \/>\n<meta property=\"og:type\" content=\"article\" \/>\n<meta property=\"og:title\" content=\"Academy - Nunner Logistics\" \/>\n<meta property=\"og:description\" content=\"Working at Nunner Academy Nunner academy At Nunner we know that\u00a0 exceptional customer service is necessary. We allocate a budget every year for customer service initiatives and employee development. How do we do that? We train our people on the job, on how our systems work, how the procedures are etc. This is extremely important [&hellip;]\" \/>\n<meta property=\"og:url\" content=\"https:\/\/www.nunner.com\/ro\/academie-de-calugarite-2\/\" \/>\n<meta property=\"og:site_name\" content=\"Nunner Logistics\" \/>\n<meta property=\"article:publisher\" content=\"https:\/\/www.facebook.com\/Nunner-Logistics-1478544265712063\/\" \/>\n<meta property=\"article:modified_time\" content=\"2022-11-25T13:29:11+00:00\" \/>\n<meta property=\"og:image\" content=\"https:\/\/www.nunner.com\/wp-content\/uploads\/2021\/07\/shutterstock_275553788-1024x427.jpg\" \/>\n<meta name=\"twitter:card\" content=\"summary_large_image\" \/>\n<meta name=\"twitter:label1\" content=\"Timp estimat pentru citire\" \/>\n\t<meta name=\"twitter:data1\" content=\"2 minute\" \/>\n<script type=\"application\/ld+json\" class=\"yoast-schema-graph\">{\"@context\":\"https:\\\/\\\/schema.org\",\"@graph\":[{\"@type\":\"WebPage\",\"@id\":\"https:\\\/\\\/www.nunner.com\\\/academy\\\/\",\"url\":\"https:\\\/\\\/www.nunner.com\\\/academy\\\/\",\"name\":\"Academy - Nunner Logistics\",\"isPartOf\":{\"@id\":\"https:\\\/\\\/www.nunner.com\\\/pt\\\/#website\"},\"primaryImageOfPage\":{\"@id\":\"https:\\\/\\\/www.nunner.com\\\/academy\\\/#primaryimage\"},\"image\":{\"@id\":\"https:\\\/\\\/www.nunner.com\\\/academy\\\/#primaryimage\"},\"thumbnailUrl\":\"https:\\\/\\\/www.nunner.com\\\/wp-content\\\/uploads\\\/2021\\\/07\\\/shutterstock_275553788-1024x427.jpg\",\"datePublished\":\"2022-11-25T13:23:07+00:00\",\"dateModified\":\"2022-11-25T13:29:11+00:00\",\"breadcrumb\":{\"@id\":\"https:\\\/\\\/www.nunner.com\\\/academy\\\/#breadcrumb\"},\"inLanguage\":\"ro-RO\",\"potentialAction\":[{\"@type\":\"ReadAction\",\"target\":[\"https:\\\/\\\/www.nunner.com\\\/academy\\\/\"]}]},{\"@type\":\"ImageObject\",\"inLanguage\":\"ro-RO\",\"@id\":\"https:\\\/\\\/www.nunner.com\\\/academy\\\/#primaryimage\",\"url\":\"https:\\\/\\\/www.nunner.com\\\/wp-content\\\/uploads\\\/2021\\\/07\\\/shutterstock_275553788-1024x427.jpg\",\"contentUrl\":\"https:\\\/\\\/www.nunner.com\\\/wp-content\\\/uploads\\\/2021\\\/07\\\/shutterstock_275553788-1024x427.jpg\"},{\"@type\":\"BreadcrumbList\",\"@id\":\"https:\\\/\\\/www.nunner.com\\\/academy\\\/#breadcrumb\",\"itemListElement\":[{\"@type\":\"ListItem\",\"position\":1,\"name\":\"Home\",\"item\":\"https:\\\/\\\/www.nunner.com\\\/\"},{\"@type\":\"ListItem\",\"position\":2,\"name\":\"Academy\"}]},{\"@type\":\"WebSite\",\"@id\":\"https:\\\/\\\/www.nunner.com\\\/pt\\\/#website\",\"url\":\"https:\\\/\\\/www.nunner.com\\\/pt\\\/\",\"name\":\"Nunner Logistics\",\"description\":\"Nobody goes further\",\"publisher\":{\"@id\":\"https:\\\/\\\/www.nunner.com\\\/pt\\\/#organization\"},\"potentialAction\":[{\"@type\":\"SearchAction\",\"target\":{\"@type\":\"EntryPoint\",\"urlTemplate\":\"https:\\\/\\\/www.nunner.com\\\/pt\\\/?s={search_term_string}\"},\"query-input\":{\"@type\":\"PropertyValueSpecification\",\"valueRequired\":true,\"valueName\":\"search_term_string\"}}],\"inLanguage\":\"ro-RO\"},{\"@type\":\"Organization\",\"@id\":\"https:\\\/\\\/www.nunner.com\\\/pt\\\/#organization\",\"name\":\"Nunner\",\"url\":\"https:\\\/\\\/www.nunner.com\\\/pt\\\/\",\"logo\":{\"@type\":\"ImageObject\",\"inLanguage\":\"ro-RO\",\"@id\":\"https:\\\/\\\/www.nunner.com\\\/pt\\\/#\\\/schema\\\/logo\\\/image\\\/\",\"url\":\"http:\\\/\\\/www.nunner.com\\\/wp-content\\\/uploads\\\/2021\\\/06\\\/Nunner-logo-fc.png\",\"contentUrl\":\"http:\\\/\\\/www.nunner.com\\\/wp-content\\\/uploads\\\/2021\\\/06\\\/Nunner-logo-fc.png\",\"width\":570,\"height\":627,\"caption\":\"Nunner\"},\"image\":{\"@id\":\"https:\\\/\\\/www.nunner.com\\\/pt\\\/#\\\/schema\\\/logo\\\/image\\\/\"},\"sameAs\":[\"https:\\\/\\\/www.facebook.com\\\/Nunner-Logistics-1478544265712063\\\/\",\"https:\\\/\\\/www.linkedin.com\\\/company\\\/5214685\\\/\",\"https:\\\/\\\/plus.google.com\\\/u\\\/0\\\/105282352768544693550\"]}]}<\/script>\n<!-- \/ Yoast SEO plugin. -->","yoast_head_json":{"title":"Academy - Nunner Logistics","robots":{"index":"index","follow":"follow","max-snippet":"max-snippet:-1","max-image-preview":"max-image-preview:large","max-video-preview":"max-video-preview:-1"},"canonical":"https:\/\/www.nunner.com\/ro\/academie-de-calugarite-2\/","og_locale":"ro_RO","og_type":"article","og_title":"Academy - Nunner Logistics","og_description":"Working at Nunner Academy Nunner academy At Nunner we know that\u00a0 exceptional customer service is necessary. We allocate a budget every year for customer service initiatives and employee development. How do we do that? We train our people on the job, on how our systems work, how the procedures are etc. This is extremely important [&hellip;]","og_url":"https:\/\/www.nunner.com\/ro\/academie-de-calugarite-2\/","og_site_name":"Nunner Logistics","article_publisher":"https:\/\/www.facebook.com\/Nunner-Logistics-1478544265712063\/","article_modified_time":"2022-11-25T13:29:11+00:00","og_image":[{"url":"https:\/\/www.nunner.com\/wp-content\/uploads\/2021\/07\/shutterstock_275553788-1024x427.jpg","type":"","width":"","height":""}],"twitter_card":"summary_large_image","twitter_misc":{"Timp estimat pentru citire":"2 minute"},"schema":{"@context":"https:\/\/schema.org","@graph":[{"@type":"WebPage","@id":"https:\/\/www.nunner.com\/academy\/","url":"https:\/\/www.nunner.com\/academy\/","name":"Academy - Nunner Logistics","isPartOf":{"@id":"https:\/\/www.nunner.com\/pt\/#website"},"primaryImageOfPage":{"@id":"https:\/\/www.nunner.com\/academy\/#primaryimage"},"image":{"@id":"https:\/\/www.nunner.com\/academy\/#primaryimage"},"thumbnailUrl":"https:\/\/www.nunner.com\/wp-content\/uploads\/2021\/07\/shutterstock_275553788-1024x427.jpg","datePublished":"2022-11-25T13:23:07+00:00","dateModified":"2022-11-25T13:29:11+00:00","breadcrumb":{"@id":"https:\/\/www.nunner.com\/academy\/#breadcrumb"},"inLanguage":"ro-RO","potentialAction":[{"@type":"ReadAction","target":["https:\/\/www.nunner.com\/academy\/"]}]},{"@type":"ImageObject","inLanguage":"ro-RO","@id":"https:\/\/www.nunner.com\/academy\/#primaryimage","url":"https:\/\/www.nunner.com\/wp-content\/uploads\/2021\/07\/shutterstock_275553788-1024x427.jpg","contentUrl":"https:\/\/www.nunner.com\/wp-content\/uploads\/2021\/07\/shutterstock_275553788-1024x427.jpg"},{"@type":"BreadcrumbList","@id":"https:\/\/www.nunner.com\/academy\/#breadcrumb","itemListElement":[{"@type":"ListItem","position":1,"name":"Home","item":"https:\/\/www.nunner.com\/"},{"@type":"ListItem","position":2,"name":"Academy"}]},{"@type":"WebSite","@id":"https:\/\/www.nunner.com\/pt\/#website","url":"https:\/\/www.nunner.com\/pt\/","name":"Nunner Logistics","description":"Nobody goes further","publisher":{"@id":"https:\/\/www.nunner.com\/pt\/#organization"},"potentialAction":[{"@type":"SearchAction","target":{"@type":"EntryPoint","urlTemplate":"https:\/\/www.nunner.com\/pt\/?s={search_term_string}"},"query-input":{"@type":"PropertyValueSpecification","valueRequired":true,"valueName":"search_term_string"}}],"inLanguage":"ro-RO"},{"@type":"Organization","@id":"https:\/\/www.nunner.com\/pt\/#organization","name":"Nunner","url":"https:\/\/www.nunner.com\/pt\/","logo":{"@type":"ImageObject","inLanguage":"ro-RO","@id":"https:\/\/www.nunner.com\/pt\/#\/schema\/logo\/image\/","url":"http:\/\/www.nunner.com\/wp-content\/uploads\/2021\/06\/Nunner-logo-fc.png","contentUrl":"http:\/\/www.nunner.com\/wp-content\/uploads\/2021\/06\/Nunner-logo-fc.png","width":570,"height":627,"caption":"Nunner"},"image":{"@id":"https:\/\/www.nunner.com\/pt\/#\/schema\/logo\/image\/"},"sameAs":["https:\/\/www.facebook.com\/Nunner-Logistics-1478544265712063\/","https:\/\/www.linkedin.com\/company\/5214685\/","https:\/\/plus.google.com\/u\/0\/105282352768544693550"]}]}},"_links":{"self":[{"href":"https:\/\/www.nunner.com\/ro\/wp-json\/wp\/v2\/pages\/6631","targetHints":{"allow":["GET"]}}],"collection":[{"href":"https:\/\/www.nunner.com\/ro\/wp-json\/wp\/v2\/pages"}],"about":[{"href":"https:\/\/www.nunner.com\/ro\/wp-json\/wp\/v2\/types\/page"}],"author":[{"embeddable":true,"href":"https:\/\/www.nunner.com\/ro\/wp-json\/wp\/v2\/users\/1"}],"replies":[{"embeddable":true,"href":"https:\/\/www.nunner.com\/ro\/wp-json\/wp\/v2\/comments?post=6631"}],"version-history":[{"count":7,"href":"https:\/\/www.nunner.com\/ro\/wp-json\/wp\/v2\/pages\/6631\/revisions"}],"predecessor-version":[{"id":6655,"href":"https:\/\/www.nunner.com\/ro\/wp-json\/wp\/v2\/pages\/6631\/revisions\/6655"}],"wp:attachment":[{"href":"https:\/\/www.nunner.com\/ro\/wp-json\/wp\/v2\/media?parent=6631"}],"curies":[{"name":"wp","href":"https:\/\/api.w.org\/{rel}","templated":true}]}}