{"id":976,"date":"2021-06-15T11:46:43","date_gmt":"2021-06-15T11:46:43","guid":{"rendered":"http:\/\/www.nunner.com\/?page_id=976"},"modified":"2021-07-27T13:40:27","modified_gmt":"2021-07-27T13:40:27","slug":"shared-warehouse","status":"publish","type":"page","link":"https:\/\/www.nunner.com\/pt\/warehousing\/shared-warehouse\/","title":{"rendered":"Armaz\u00e9m partilhado"},"content":{"rendered":"<div data-elementor-type=\"wp-page\" data-elementor-id=\"976\" class=\"elementor elementor-976\" wpc-filter-elementor-widget=\"1\" data-elementor-post-type=\"page\">\n\t\t\t\t\t\t<section class=\"elementor-section elementor-top-section elementor-element elementor-element-3322a4c elementor-section-height-min-height elementor-section-boxed elementor-section-height-default elementor-section-items-middle\" data-id=\"3322a4c\" data-element_type=\"section\" data-e-type=\"section\" data-settings=\"{&quot;background_background&quot;:&quot;classic&quot;}\">\n\t\t\t\t\t\t<div class=\"elementor-container elementor-column-gap-default\">\n\t\t\t\t\t<div class=\"elementor-column elementor-col-100 elementor-top-column elementor-element elementor-element-1dc4034\" data-id=\"1dc4034\" data-element_type=\"column\" data-e-type=\"column\">\n\t\t\t<div class=\"elementor-widget-wrap\">\n\t\t\t\t\t\t\t<\/div>\n\t\t<\/div>\n\t\t\t\t\t<\/div>\n\t\t<\/section>\n\t\t\t\t<section class=\"elementor-section elementor-top-section elementor-element elementor-element-c6d107e elementor-section-boxed elementor-section-height-default elementor-section-height-default\" data-id=\"c6d107e\" data-element_type=\"section\" data-e-type=\"section\">\n\t\t\t\t\t\t<div class=\"elementor-container elementor-column-gap-default\">\n\t\t\t\t\t<div class=\"elementor-column elementor-col-100 elementor-top-column elementor-element elementor-element-7147a59\" data-id=\"7147a59\" data-element_type=\"column\" data-e-type=\"column\">\n\t\t\t<div class=\"elementor-widget-wrap elementor-element-populated\">\n\t\t\t\t\t\t<div class=\"elementor-element elementor-element-7b46679 elementor-align-center elementor-widget elementor-widget-breadcrumbs\" data-id=\"7b46679\" data-element_type=\"widget\" data-e-type=\"widget\" data-widget_type=\"breadcrumbs.default\">\n\t\t\t\t<div class=\"elementor-widget-container\">\n\t\t\t\t\t<p id=\"breadcrumbs\"><span><span><a href=\"https:\/\/www.nunner.com\/pt\/\">In\u00edcio<\/a><\/span><\/span><\/p>\t\t\t\t<\/div>\n\t\t\t\t<\/div>\n\t\t\t\t\t<\/div>\n\t\t<\/div>\n\t\t\t\t\t<\/div>\n\t\t<\/section>\n\t\t\t\t<section class=\"elementor-section elementor-top-section elementor-element elementor-element-5e491368 elementor-section-boxed elementor-section-height-default elementor-section-height-default\" data-id=\"5e491368\" data-element_type=\"section\" data-e-type=\"section\" data-settings=\"{&quot;background_background&quot;:&quot;classic&quot;}\">\n\t\t\t\t\t\t<div class=\"elementor-container elementor-column-gap-default\">\n\t\t\t\t\t<div class=\"elementor-column elementor-col-100 elementor-top-column elementor-element elementor-element-2005d0a7\" data-id=\"2005d0a7\" data-element_type=\"column\" data-e-type=\"column\">\n\t\t\t<div class=\"elementor-widget-wrap elementor-element-populated\">\n\t\t\t\t\t\t<div class=\"elementor-element elementor-element-6bfc285 elementor-widget elementor-widget-heading\" data-id=\"6bfc285\" data-element_type=\"widget\" data-e-type=\"widget\" data-widget_type=\"heading.default\">\n\t\t\t\t<div class=\"elementor-widget-container\">\n\t\t\t\t\t<h2 class=\"elementor-heading-title elementor-size-default\">Armaz\u00e9m partilhado<\/h2>\t\t\t\t<\/div>\n\t\t\t\t<\/div>\n\t\t\t\t<div class=\"elementor-element elementor-element-3c211fdd elementor-widget elementor-widget-image\" data-id=\"3c211fdd\" data-element_type=\"widget\" data-e-type=\"widget\" data-widget_type=\"image.default\">\n\t\t\t\t<div class=\"elementor-widget-container\">\n\t\t\t\t\t\t\t\t\t\t\t\t\t\t\t<img fetchpriority=\"high\" decoding=\"async\" width=\"800\" height=\"333\" src=\"https:\/\/www.nunner.com\/wp-content\/uploads\/2021\/07\/pallettruck-Warehouse-foto-1024x426.jpg\" class=\"attachment-large size-large wp-image-5737\" alt=\"\" srcset=\"https:\/\/www.nunner.com\/wp-content\/uploads\/2021\/07\/pallettruck-Warehouse-foto-1024x426.jpg 1024w, https:\/\/www.nunner.com\/wp-content\/uploads\/2021\/07\/pallettruck-Warehouse-foto-300x125.jpg 300w, https:\/\/www.nunner.com\/wp-content\/uploads\/2021\/07\/pallettruck-Warehouse-foto-768x319.jpg 768w, https:\/\/www.nunner.com\/wp-content\/uploads\/2021\/07\/pallettruck-Warehouse-foto-16x7.jpg 16w, https:\/\/www.nunner.com\/wp-content\/uploads\/2021\/07\/pallettruck-Warehouse-foto.jpg 1200w\" sizes=\"(max-width: 800px) 100vw, 800px\" \/>\t\t\t\t\t\t\t\t\t\t\t\t\t\t\t<\/div>\n\t\t\t\t<\/div>\n\t\t\t\t\t<\/div>\n\t\t<\/div>\n\t\t\t\t\t<\/div>\n\t\t<\/section>\n\t\t\t\t<section class=\"elementor-section elementor-top-section elementor-element elementor-element-0652b85 elementor-section-boxed elementor-section-height-default elementor-section-height-default\" data-id=\"0652b85\" data-element_type=\"section\" data-e-type=\"section\" data-settings=\"{&quot;background_background&quot;:&quot;classic&quot;}\">\n\t\t\t\t\t\t<div class=\"elementor-container elementor-column-gap-default\">\n\t\t\t\t\t<div class=\"elementor-column elementor-col-100 elementor-top-column elementor-element elementor-element-4427fa3\" data-id=\"4427fa3\" data-element_type=\"column\" data-e-type=\"column\">\n\t\t\t<div class=\"elementor-widget-wrap elementor-element-populated\">\n\t\t\t\t\t\t<div class=\"elementor-element elementor-element-b210233 elementor-widget elementor-widget-text-editor\" data-id=\"b210233\" data-element_type=\"widget\" data-e-type=\"widget\" data-widget_type=\"text-editor.default\">\n\t\t\t\t<div class=\"elementor-widget-container\">\n\t\t\t\t\t\t\t\t\t<p>A Nunner traz-lhe a mais recente tecnologia e melhores pr\u00e1ticas para optimizar o seu sistema de armazenagem e distribui\u00e7\u00e3o, dando-lhe uma flexibilidade operacional inigual\u00e1vel e um controlo de distribui\u00e7\u00e3o melhorado para que possa servir melhor os seus clientes. Se os seus volumes s\u00e3o limitados, voc\u00ea pode se beneficiar desta solu\u00e7\u00e3o. Ela lhe oferece a flexibilidade e as vantagens de custo de compartilhar espa\u00e7o, m\u00e3o-de-obra, equipamentos e transporte, al\u00e9m de opera\u00e7\u00f5es consistentemente excelentes. As solu\u00e7\u00f5es de armazenagem e distribui\u00e7\u00e3o compartilhada dos seus clientes ir\u00e3o atender \u00e0s suas necessidades.<\/p><p>A Nunner concentra-se em clientes da mesma ind\u00fastria que muitas vezes t\u00eam uma carteira de clientes semelhante ou a mesma, a fim de oferecer a esses clientes vantagens em termos de escala, custo e flexibilidade. N\u00f3s tamb\u00e9m tentamos combinar clientes com perfis complementares de demanda sazonal. Mas para que fique claro, todos os clientes potenciais s\u00e3o bem-vindos a utilizar as nossas instala\u00e7\u00f5es partilhadas. Oferecemos servi\u00e7os log\u00edsticos abrangentes numa base flex\u00edvel em muitas ind\u00fastrias e em toda a Europa.<\/p>\t\t\t\t\t\t\t\t<\/div>\n\t\t\t\t<\/div>\n\t\t\t\t\t<\/div>\n\t\t<\/div>\n\t\t\t\t\t<\/div>\n\t\t<\/section>\n\t\t\t\t<\/div>","protected":false},"excerpt":{"rendered":"<p>Shared warehouse Nunner brings you the latest technology and best practices to optimize your warehousing and distribution system, giving you unparalleled operational flexibility and enhanced distribution control so you can better serve your customers. If your volumes are limited you can take benefit of this solution. It offers you the flexibility and cost advantages of [&hellip;]<\/p>\n","protected":false},"author":1,"featured_media":0,"parent":331,"menu_order":2,"comment_status":"closed","ping_status":"closed","template":"elementor_header_footer","meta":{"footnotes":""},"class_list":["post-976","page","type-page","status-publish","hentry"],"yoast_head":"<!-- This site is optimized with the Yoast SEO plugin v27.3 - https:\/\/yoast.com\/product\/yoast-seo-wordpress\/ -->\n<title>Shared warehouse - Nunner Logistics<\/title>\n<meta name=\"robots\" content=\"index, follow, max-snippet:-1, max-image-preview:large, max-video-preview:-1\" \/>\n<link rel=\"canonical\" href=\"https:\/\/www.nunner.com\/pt\/estocagem\/shared-warehouse\/\" \/>\n<meta property=\"og:locale\" content=\"pt_PT\" \/>\n<meta property=\"og:type\" content=\"article\" \/>\n<meta property=\"og:title\" content=\"Shared warehouse - Nunner Logistics\" \/>\n<meta property=\"og:description\" content=\"Shared warehouse Nunner brings you the latest technology and best practices to optimize your warehousing and distribution system, giving you unparalleled operational flexibility and enhanced distribution control so you can better serve your customers. If your volumes are limited you can take benefit of this solution. It offers you the flexibility and cost advantages of [&hellip;]\" \/>\n<meta property=\"og:url\" content=\"https:\/\/www.nunner.com\/pt\/estocagem\/shared-warehouse\/\" \/>\n<meta property=\"og:site_name\" content=\"Nunner Logistics\" \/>\n<meta property=\"article:publisher\" content=\"https:\/\/www.facebook.com\/Nunner-Logistics-1478544265712063\/\" \/>\n<meta property=\"article:modified_time\" content=\"2021-07-27T13:40:27+00:00\" \/>\n<meta property=\"og:image\" content=\"http:\/\/www.nunner.com\/wp-content\/uploads\/2021\/07\/pallettruck-Warehouse-foto-1024x426.jpg\" \/>\n<meta name=\"twitter:card\" content=\"summary_large_image\" \/>\n<meta name=\"twitter:label1\" content=\"Tempo estimado de leitura\" \/>\n\t<meta name=\"twitter:data1\" content=\"1 minuto\" \/>\n<script type=\"application\/ld+json\" class=\"yoast-schema-graph\">{\"@context\":\"https:\\\/\\\/schema.org\",\"@graph\":[{\"@type\":\"WebPage\",\"@id\":\"https:\\\/\\\/www.nunner.com\\\/zh\\\/%e4%bb%93%e5%82%a8\\\/%e5%85%b1%e4%ba%ab%e4%bb%93%e5%ba%93\\\/\",\"url\":\"https:\\\/\\\/www.nunner.com\\\/zh\\\/%e4%bb%93%e5%82%a8\\\/%e5%85%b1%e4%ba%ab%e4%bb%93%e5%ba%93\\\/\",\"name\":\"Shared warehouse - Nunner Logistics\",\"isPartOf\":{\"@id\":\"https:\\\/\\\/www.nunner.com\\\/pt\\\/#website\"},\"primaryImageOfPage\":{\"@id\":\"https:\\\/\\\/www.nunner.com\\\/zh\\\/%e4%bb%93%e5%82%a8\\\/%e5%85%b1%e4%ba%ab%e4%bb%93%e5%ba%93\\\/#primaryimage\"},\"image\":{\"@id\":\"https:\\\/\\\/www.nunner.com\\\/zh\\\/%e4%bb%93%e5%82%a8\\\/%e5%85%b1%e4%ba%ab%e4%bb%93%e5%ba%93\\\/#primaryimage\"},\"thumbnailUrl\":\"http:\\\/\\\/www.nunner.com\\\/wp-content\\\/uploads\\\/2021\\\/07\\\/pallettruck-Warehouse-foto-1024x426.jpg\",\"datePublished\":\"2021-06-15T11:46:43+00:00\",\"dateModified\":\"2021-07-27T13:40:27+00:00\",\"breadcrumb\":{\"@id\":\"https:\\\/\\\/www.nunner.com\\\/zh\\\/%e4%bb%93%e5%82%a8\\\/%e5%85%b1%e4%ba%ab%e4%bb%93%e5%ba%93\\\/#breadcrumb\"},\"inLanguage\":\"pt-PT\",\"potentialAction\":[{\"@type\":\"ReadAction\",\"target\":[\"https:\\\/\\\/www.nunner.com\\\/zh\\\/%e4%bb%93%e5%82%a8\\\/%e5%85%b1%e4%ba%ab%e4%bb%93%e5%ba%93\\\/\"]}]},{\"@type\":\"ImageObject\",\"inLanguage\":\"pt-PT\",\"@id\":\"https:\\\/\\\/www.nunner.com\\\/zh\\\/%e4%bb%93%e5%82%a8\\\/%e5%85%b1%e4%ba%ab%e4%bb%93%e5%ba%93\\\/#primaryimage\",\"url\":\"http:\\\/\\\/www.nunner.com\\\/wp-content\\\/uploads\\\/2021\\\/07\\\/pallettruck-Warehouse-foto-1024x426.jpg\",\"contentUrl\":\"http:\\\/\\\/www.nunner.com\\\/wp-content\\\/uploads\\\/2021\\\/07\\\/pallettruck-Warehouse-foto-1024x426.jpg\"},{\"@type\":\"BreadcrumbList\",\"@id\":\"https:\\\/\\\/www.nunner.com\\\/zh\\\/%e4%bb%93%e5%82%a8\\\/%e5%85%b1%e4%ba%ab%e4%bb%93%e5%ba%93\\\/#breadcrumb\",\"itemListElement\":[{\"@type\":\"ListItem\",\"position\":1,\"name\":\"Home\",\"item\":\"https:\\\/\\\/www.nunner.com\\\/\"},{\"@type\":\"ListItem\",\"position\":2,\"name\":\"Warehousing\",\"item\":\"https:\\\/\\\/www.nunner.com\\\/zh\\\/%e4%bb%93%e5%82%a8\\\/\"},{\"@type\":\"ListItem\",\"position\":3,\"name\":\"Shared warehouse\"}]},{\"@type\":\"WebSite\",\"@id\":\"https:\\\/\\\/www.nunner.com\\\/pt\\\/#website\",\"url\":\"https:\\\/\\\/www.nunner.com\\\/pt\\\/\",\"name\":\"Nunner Logistics\",\"description\":\"Nobody goes further\",\"publisher\":{\"@id\":\"https:\\\/\\\/www.nunner.com\\\/pt\\\/#organization\"},\"potentialAction\":[{\"@type\":\"SearchAction\",\"target\":{\"@type\":\"EntryPoint\",\"urlTemplate\":\"https:\\\/\\\/www.nunner.com\\\/pt\\\/?s={search_term_string}\"},\"query-input\":{\"@type\":\"PropertyValueSpecification\",\"valueRequired\":true,\"valueName\":\"search_term_string\"}}],\"inLanguage\":\"pt-PT\"},{\"@type\":\"Organization\",\"@id\":\"https:\\\/\\\/www.nunner.com\\\/pt\\\/#organization\",\"name\":\"Nunner\",\"url\":\"https:\\\/\\\/www.nunner.com\\\/pt\\\/\",\"logo\":{\"@type\":\"ImageObject\",\"inLanguage\":\"pt-PT\",\"@id\":\"https:\\\/\\\/www.nunner.com\\\/pt\\\/#\\\/schema\\\/logo\\\/image\\\/\",\"url\":\"http:\\\/\\\/www.nunner.com\\\/wp-content\\\/uploads\\\/2021\\\/06\\\/Nunner-logo-fc.png\",\"contentUrl\":\"http:\\\/\\\/www.nunner.com\\\/wp-content\\\/uploads\\\/2021\\\/06\\\/Nunner-logo-fc.png\",\"width\":570,\"height\":627,\"caption\":\"Nunner\"},\"image\":{\"@id\":\"https:\\\/\\\/www.nunner.com\\\/pt\\\/#\\\/schema\\\/logo\\\/image\\\/\"},\"sameAs\":[\"https:\\\/\\\/www.facebook.com\\\/Nunner-Logistics-1478544265712063\\\/\",\"https:\\\/\\\/www.linkedin.com\\\/company\\\/5214685\\\/\",\"https:\\\/\\\/plus.google.com\\\/u\\\/0\\\/105282352768544693550\"]}]}<\/script>\n<!-- \/ Yoast SEO plugin. -->","yoast_head_json":{"title":"Armaz\u00e9m partilhado - Nunner Logistics","robots":{"index":"index","follow":"follow","max-snippet":"max-snippet:-1","max-image-preview":"max-image-preview:large","max-video-preview":"max-video-preview:-1"},"canonical":"https:\/\/www.nunner.com\/pt\/estocagem\/shared-warehouse\/","og_locale":"pt_PT","og_type":"article","og_title":"Shared warehouse - Nunner Logistics","og_description":"Shared warehouse Nunner brings you the latest technology and best practices to optimize your warehousing and distribution system, giving you unparalleled operational flexibility and enhanced distribution control so you can better serve your customers. If your volumes are limited you can take benefit of this solution. It offers you the flexibility and cost advantages of [&hellip;]","og_url":"https:\/\/www.nunner.com\/pt\/estocagem\/shared-warehouse\/","og_site_name":"Nunner Logistics","article_publisher":"https:\/\/www.facebook.com\/Nunner-Logistics-1478544265712063\/","article_modified_time":"2021-07-27T13:40:27+00:00","og_image":[{"url":"http:\/\/www.nunner.com\/wp-content\/uploads\/2021\/07\/pallettruck-Warehouse-foto-1024x426.jpg","type":"","width":"","height":""}],"twitter_card":"summary_large_image","twitter_misc":{"Tempo estimado de leitura":"1 minuto"},"schema":{"@context":"https:\/\/schema.org","@graph":[{"@type":"WebPage","@id":"https:\/\/www.nunner.com\/zh\/%e4%bb%93%e5%82%a8\/%e5%85%b1%e4%ba%ab%e4%bb%93%e5%ba%93\/","url":"https:\/\/www.nunner.com\/zh\/%e4%bb%93%e5%82%a8\/%e5%85%b1%e4%ba%ab%e4%bb%93%e5%ba%93\/","name":"Armaz\u00e9m partilhado - Nunner Logistics","isPartOf":{"@id":"https:\/\/www.nunner.com\/pt\/#website"},"primaryImageOfPage":{"@id":"https:\/\/www.nunner.com\/zh\/%e4%bb%93%e5%82%a8\/%e5%85%b1%e4%ba%ab%e4%bb%93%e5%ba%93\/#primaryimage"},"image":{"@id":"https:\/\/www.nunner.com\/zh\/%e4%bb%93%e5%82%a8\/%e5%85%b1%e4%ba%ab%e4%bb%93%e5%ba%93\/#primaryimage"},"thumbnailUrl":"http:\/\/www.nunner.com\/wp-content\/uploads\/2021\/07\/pallettruck-Warehouse-foto-1024x426.jpg","datePublished":"2021-06-15T11:46:43+00:00","dateModified":"2021-07-27T13:40:27+00:00","breadcrumb":{"@id":"https:\/\/www.nunner.com\/zh\/%e4%bb%93%e5%82%a8\/%e5%85%b1%e4%ba%ab%e4%bb%93%e5%ba%93\/#breadcrumb"},"inLanguage":"pt-PT","potentialAction":[{"@type":"ReadAction","target":["https:\/\/www.nunner.com\/zh\/%e4%bb%93%e5%82%a8\/%e5%85%b1%e4%ba%ab%e4%bb%93%e5%ba%93\/"]}]},{"@type":"ImageObject","inLanguage":"pt-PT","@id":"https:\/\/www.nunner.com\/zh\/%e4%bb%93%e5%82%a8\/%e5%85%b1%e4%ba%ab%e4%bb%93%e5%ba%93\/#primaryimage","url":"http:\/\/www.nunner.com\/wp-content\/uploads\/2021\/07\/pallettruck-Warehouse-foto-1024x426.jpg","contentUrl":"http:\/\/www.nunner.com\/wp-content\/uploads\/2021\/07\/pallettruck-Warehouse-foto-1024x426.jpg"},{"@type":"BreadcrumbList","@id":"https:\/\/www.nunner.com\/zh\/%e4%bb%93%e5%82%a8\/%e5%85%b1%e4%ba%ab%e4%bb%93%e5%ba%93\/#breadcrumb","itemListElement":[{"@type":"ListItem","position":1,"name":"Home","item":"https:\/\/www.nunner.com\/"},{"@type":"ListItem","position":2,"name":"Warehousing","item":"https:\/\/www.nunner.com\/zh\/%e4%bb%93%e5%82%a8\/"},{"@type":"ListItem","position":3,"name":"Shared warehouse"}]},{"@type":"WebSite","@id":"https:\/\/www.nunner.com\/pt\/#website","url":"https:\/\/www.nunner.com\/pt\/","name":"Nunner Log\u00edstica","description":"Nobody goes further","publisher":{"@id":"https:\/\/www.nunner.com\/pt\/#organization"},"potentialAction":[{"@type":"SearchAction","target":{"@type":"EntryPoint","urlTemplate":"https:\/\/www.nunner.com\/pt\/?s={search_term_string}"},"query-input":{"@type":"PropertyValueSpecification","valueRequired":true,"valueName":"search_term_string"}}],"inLanguage":"pt-PT"},{"@type":"Organization","@id":"https:\/\/www.nunner.com\/pt\/#organization","name":"Nunner","url":"https:\/\/www.nunner.com\/pt\/","logo":{"@type":"ImageObject","inLanguage":"pt-PT","@id":"https:\/\/www.nunner.com\/pt\/#\/schema\/logo\/image\/","url":"http:\/\/www.nunner.com\/wp-content\/uploads\/2021\/06\/Nunner-logo-fc.png","contentUrl":"http:\/\/www.nunner.com\/wp-content\/uploads\/2021\/06\/Nunner-logo-fc.png","width":570,"height":627,"caption":"Nunner"},"image":{"@id":"https:\/\/www.nunner.com\/pt\/#\/schema\/logo\/image\/"},"sameAs":["https:\/\/www.facebook.com\/Nunner-Logistics-1478544265712063\/","https:\/\/www.linkedin.com\/company\/5214685\/","https:\/\/plus.google.com\/u\/0\/105282352768544693550"]}]}},"_links":{"self":[{"href":"https:\/\/www.nunner.com\/pt\/wp-json\/wp\/v2\/pages\/976","targetHints":{"allow":["GET"]}}],"collection":[{"href":"https:\/\/www.nunner.com\/pt\/wp-json\/wp\/v2\/pages"}],"about":[{"href":"https:\/\/www.nunner.com\/pt\/wp-json\/wp\/v2\/types\/page"}],"author":[{"embeddable":true,"href":"https:\/\/www.nunner.com\/pt\/wp-json\/wp\/v2\/users\/1"}],"replies":[{"embeddable":true,"href":"https:\/\/www.nunner.com\/pt\/wp-json\/wp\/v2\/comments?post=976"}],"version-history":[{"count":3,"href":"https:\/\/www.nunner.com\/pt\/wp-json\/wp\/v2\/pages\/976\/revisions"}],"predecessor-version":[{"id":5778,"href":"https:\/\/www.nunner.com\/pt\/wp-json\/wp\/v2\/pages\/976\/revisions\/5778"}],"up":[{"embeddable":true,"href":"https:\/\/www.nunner.com\/pt\/wp-json\/wp\/v2\/pages\/331"}],"wp:attachment":[{"href":"https:\/\/www.nunner.com\/pt\/wp-json\/wp\/v2\/media?parent=976"}],"curies":[{"name":"wp","href":"https:\/\/api.w.org\/{rel}","templated":true}]}}