{"id":6238,"date":"2022-04-01T14:08:25","date_gmt":"2022-04-01T14:08:25","guid":{"rendered":"https:\/\/www.nunner.com\/?page_id=6238"},"modified":"2022-04-01T14:13:01","modified_gmt":"2022-04-01T14:13:01","slug":"engenharia-logistico-engenharia","status":"publish","type":"page","link":"https:\/\/www.nunner.com\/pt\/teams\/logistics-engineering\/","title":{"rendered":"Engenharia log\u00edstica"},"content":{"rendered":"<div data-elementor-type=\"wp-page\" data-elementor-id=\"6238\" class=\"elementor elementor-6238\" wpc-filter-elementor-widget=\"1\" data-elementor-post-type=\"page\">\n\t\t\t\t\t\t<section class=\"elementor-section elementor-top-section elementor-element elementor-element-3322a4c elementor-section-height-min-height elementor-section-boxed elementor-section-height-default elementor-section-items-middle\" data-id=\"3322a4c\" data-element_type=\"section\" data-e-type=\"section\" data-settings=\"{&quot;background_background&quot;:&quot;classic&quot;}\">\n\t\t\t\t\t\t\t<div class=\"elementor-background-overlay\"><\/div>\n\t\t\t\t\t\t\t<div class=\"elementor-container elementor-column-gap-default\">\n\t\t\t\t\t<div class=\"elementor-column elementor-col-100 elementor-top-column elementor-element elementor-element-1dc4034\" data-id=\"1dc4034\" data-element_type=\"column\" data-e-type=\"column\">\n\t\t\t<div class=\"elementor-widget-wrap elementor-element-populated\">\n\t\t\t\t\t\t<div class=\"elementor-element elementor-element-bd32531 elementor-widget elementor-widget-heading\" data-id=\"bd32531\" data-element_type=\"widget\" data-e-type=\"widget\" data-widget_type=\"heading.default\">\n\t\t\t\t<div class=\"elementor-widget-container\">\n\t\t\t\t\t<h1 class=\"elementor-heading-title elementor-size-default\">Engenharia log\u00edstica<\/h1>\t\t\t\t<\/div>\n\t\t\t\t<\/div>\n\t\t\t\t\t<\/div>\n\t\t<\/div>\n\t\t\t\t\t<\/div>\n\t\t<\/section>\n\t\t\t\t<section class=\"elementor-section elementor-top-section elementor-element elementor-element-cc79483 elementor-section-boxed elementor-section-height-default elementor-section-height-default\" data-id=\"cc79483\" data-element_type=\"section\" data-e-type=\"section\">\n\t\t\t\t\t\t<div class=\"elementor-container elementor-column-gap-default\">\n\t\t\t\t\t<div class=\"elementor-column elementor-col-100 elementor-top-column elementor-element elementor-element-2e0309b\" data-id=\"2e0309b\" data-element_type=\"column\" data-e-type=\"column\">\n\t\t\t<div class=\"elementor-widget-wrap elementor-element-populated\">\n\t\t\t\t\t\t<div class=\"elementor-element elementor-element-395225f elementor-nav-menu__align-center elementor-nav-menu--dropdown-tablet elementor-nav-menu__text-align-aside elementor-nav-menu--toggle elementor-nav-menu--burger elementor-widget elementor-widget-nav-menu\" data-id=\"395225f\" data-element_type=\"widget\" data-e-type=\"widget\" data-settings=\"{&quot;layout&quot;:&quot;horizontal&quot;,&quot;submenu_icon&quot;:{&quot;value&quot;:&quot;&lt;i class=\\&quot;fas fa-caret-down\\&quot; aria-hidden=\\&quot;true\\&quot;&gt;&lt;\\\/i&gt;&quot;,&quot;library&quot;:&quot;fa-solid&quot;},&quot;toggle&quot;:&quot;burger&quot;}\" data-widget_type=\"nav-menu.default\">\n\t\t\t\t<div class=\"elementor-widget-container\">\n\t\t\t\t\t\t\t\t<nav aria-label=\"Menu\" class=\"elementor-nav-menu--main elementor-nav-menu__container elementor-nav-menu--layout-horizontal e--pointer-underline e--animation-fade\">\n\t\t\t\t<ul id=\"menu-1-395225f\" class=\"elementor-nav-menu\"><li class=\"menu-item menu-item-type-post_type menu-item-object-page menu-item-6629\"><a href=\"https:\/\/www.nunner.com\/pt\/working-at-nunner\/\" class=\"elementor-item\">Working at Nunner<\/a><\/li>\n<li class=\"menu-item menu-item-type-post_type_archive menu-item-object-vacatures menu-item-6601\"><a href=\"https:\/\/www.nunner.com\/pt\/vacatures\/\" class=\"elementor-item\">Vis\u00e3o geral do trabalho<\/a><\/li>\n<li class=\"menu-item menu-item-type-post_type menu-item-object-page menu-item-6624\"><a href=\"https:\/\/www.nunner.com\/pt\/our-company\/\" class=\"elementor-item\">Our company<\/a><\/li>\n<li class=\"menu-item menu-item-type-post_type menu-item-object-page menu-item-6626\"><a href=\"https:\/\/www.nunner.com\/pt\/teams\/\" class=\"elementor-item\">Teams<\/a><\/li>\n<li class=\"menu-item menu-item-type-post_type menu-item-object-page menu-item-6642\"><a href=\"https:\/\/www.nunner.com\/pt\/academy\/\" class=\"elementor-item\">Academy<\/a><\/li>\n<li class=\"menu-item menu-item-type-post_type menu-item-object-page menu-item-6641\"><a href=\"https:\/\/www.nunner.com\/pt\/internships\/\" class=\"elementor-item\">Est\u00e1gios<\/a><\/li>\n<\/ul>\t\t\t<\/nav>\n\t\t\t\t\t<div class=\"elementor-menu-toggle\" role=\"button\" tabindex=\"0\" aria-label=\"Menu Toggle\" aria-expanded=\"false\">\n\t\t\t<i aria-hidden=\"true\" role=\"presentation\" class=\"elementor-menu-toggle__icon--open eicon-menu-bar\"><\/i><i aria-hidden=\"true\" role=\"presentation\" class=\"elementor-menu-toggle__icon--close eicon-close\"><\/i>\t\t<\/div>\n\t\t\t\t\t<nav class=\"elementor-nav-menu--dropdown elementor-nav-menu__container\" aria-hidden=\"true\">\n\t\t\t\t<ul id=\"menu-2-395225f\" class=\"elementor-nav-menu\"><li class=\"menu-item menu-item-type-post_type menu-item-object-page menu-item-6629\"><a href=\"https:\/\/www.nunner.com\/pt\/working-at-nunner\/\" class=\"elementor-item\" tabindex=\"-1\">Working at Nunner<\/a><\/li>\n<li class=\"menu-item menu-item-type-post_type_archive menu-item-object-vacatures menu-item-6601\"><a href=\"https:\/\/www.nunner.com\/pt\/vacatures\/\" class=\"elementor-item\" tabindex=\"-1\">Vis\u00e3o geral do trabalho<\/a><\/li>\n<li class=\"menu-item menu-item-type-post_type menu-item-object-page menu-item-6624\"><a href=\"https:\/\/www.nunner.com\/pt\/our-company\/\" class=\"elementor-item\" tabindex=\"-1\">Our company<\/a><\/li>\n<li class=\"menu-item menu-item-type-post_type menu-item-object-page menu-item-6626\"><a href=\"https:\/\/www.nunner.com\/pt\/teams\/\" class=\"elementor-item\" tabindex=\"-1\">Teams<\/a><\/li>\n<li class=\"menu-item menu-item-type-post_type menu-item-object-page menu-item-6642\"><a href=\"https:\/\/www.nunner.com\/pt\/academy\/\" class=\"elementor-item\" tabindex=\"-1\">Academy<\/a><\/li>\n<li class=\"menu-item menu-item-type-post_type menu-item-object-page menu-item-6641\"><a href=\"https:\/\/www.nunner.com\/pt\/internships\/\" class=\"elementor-item\" tabindex=\"-1\">Est\u00e1gios<\/a><\/li>\n<\/ul>\t\t\t<\/nav>\n\t\t\t\t\t\t<\/div>\n\t\t\t\t<\/div>\n\t\t\t\t\t<\/div>\n\t\t<\/div>\n\t\t\t\t\t<\/div>\n\t\t<\/section>\n\t\t\t\t<section class=\"elementor-section elementor-top-section elementor-element elementor-element-bed9117 elementor-section-boxed elementor-section-height-default elementor-section-height-default\" data-id=\"bed9117\" data-element_type=\"section\" data-e-type=\"section\" data-settings=\"{&quot;background_background&quot;:&quot;classic&quot;}\">\n\t\t\t\t\t\t<div class=\"elementor-container elementor-column-gap-default\">\n\t\t\t\t\t<div class=\"elementor-column elementor-col-100 elementor-top-column elementor-element elementor-element-a4a56ee\" data-id=\"a4a56ee\" data-element_type=\"column\" data-e-type=\"column\">\n\t\t\t<div class=\"elementor-widget-wrap elementor-element-populated\">\n\t\t\t\t\t\t<div class=\"elementor-element elementor-element-ae507e8 elementor-widget elementor-widget-heading\" data-id=\"ae507e8\" data-element_type=\"widget\" data-e-type=\"widget\" data-widget_type=\"heading.default\">\n\t\t\t\t<div class=\"elementor-widget-container\">\n\t\t\t\t\t<h2 class=\"elementor-heading-title elementor-size-default\">Problem solving skills<\/h2>\t\t\t\t<\/div>\n\t\t\t\t<\/div>\n\t\t\t\t<div class=\"elementor-element elementor-element-4bf2ed1 elementor-widget elementor-widget-text-editor\" data-id=\"4bf2ed1\" data-element_type=\"widget\" data-e-type=\"widget\" data-widget_type=\"text-editor.default\">\n\t\t\t\t<div class=\"elementor-widget-container\">\n\t\t\t\t\t\t\t\t\t<p>Our Logistics Engineering specialists provide innovative solutions for our customers\u2019 complex logistics needs in warehouse design, transportation, network design and supply chain management.<\/p><p>A capacidade de resolu\u00e7\u00e3o de problemas, uma forte ambi\u00e7\u00e3o e uma vontade pessoal de excel\u00eancia profissional ajudam os nossos engenheiros de log\u00edstica a manter o seu compromisso de melhoria cont\u00ednua.<\/p><p>Nunner offers a variety of logistics engineering roles in a dynamic environment. Ideally, candidates should have a university degree in logistics engineering or similar. Candidates with experience using advanced transportation and warehouse model tools may be qualified as well..<\/p><p>Os problemas log\u00edsticos complexos despertam o seu interesse? Deixe-o ser desafiado pela Nunner Logistics.<\/p>\t\t\t\t\t\t\t\t<\/div>\n\t\t\t\t<\/div>\n\t\t\t\t<div class=\"elementor-element elementor-element-f7e7c45 elementor-widget elementor-widget-heading\" data-id=\"f7e7c45\" data-element_type=\"widget\" data-e-type=\"widget\" data-widget_type=\"heading.default\">\n\t\t\t\t<div class=\"elementor-widget-container\">\n\t\t\t\t\t<h3 class=\"elementor-heading-title elementor-size-default\">Meet the team<\/h3>\t\t\t\t<\/div>\n\t\t\t\t<\/div>\n\t\t\t\t<div class=\"elementor-element elementor-element-60996f1 elementor-widget elementor-widget-text-editor\" data-id=\"60996f1\" data-element_type=\"widget\" data-e-type=\"widget\" data-widget_type=\"text-editor.default\">\n\t\t\t\t<div class=\"elementor-widget-container\">\n\t\t\t\t\t\t\t\t\t<p>Discover the exceptional stories behind the brilliant minds.<\/p>\t\t\t\t\t\t\t\t<\/div>\n\t\t\t\t<\/div>\n\t\t\t\t\t<\/div>\n\t\t<\/div>\n\t\t\t\t\t<\/div>\n\t\t<\/section>\n\t\t\t\t<section class=\"elementor-section elementor-top-section elementor-element elementor-element-94488cc elementor-section-boxed elementor-section-height-default elementor-section-height-default\" data-id=\"94488cc\" data-element_type=\"section\" data-e-type=\"section\" data-settings=\"{&quot;background_background&quot;:&quot;classic&quot;}\">\n\t\t\t\t\t\t<div class=\"elementor-container elementor-column-gap-default\">\n\t\t\t\t\t<div class=\"elementor-column elementor-col-100 elementor-top-column elementor-element elementor-element-8e1a9cb\" data-id=\"8e1a9cb\" data-element_type=\"column\" data-e-type=\"column\" data-settings=\"{&quot;background_background&quot;:&quot;classic&quot;}\">\n\t\t\t<div class=\"elementor-widget-wrap elementor-element-populated\">\n\t\t\t\t\t<div class=\"elementor-background-overlay\"><\/div>\n\t\t\t\t\t\t<div class=\"elementor-element elementor-element-c0cb43a elementor-view-default elementor-widget elementor-widget-icon\" data-id=\"c0cb43a\" data-element_type=\"widget\" data-e-type=\"widget\" data-widget_type=\"icon.default\">\n\t\t\t\t<div class=\"elementor-widget-container\">\n\t\t\t\t\t\t\t<div class=\"elementor-icon-wrapper\">\n\t\t\t<div class=\"elementor-icon\">\n\t\t\t<i aria-hidden=\"true\" class=\"far fa-play-circle\"><\/i>\t\t\t<\/div>\n\t\t<\/div>\n\t\t\t\t\t\t<\/div>\n\t\t\t\t<\/div>\n\t\t\t\t<div class=\"elementor-element elementor-element-eedd6f0 elementor-widget elementor-widget-heading\" data-id=\"eedd6f0\" data-element_type=\"widget\" data-e-type=\"widget\" data-widget_type=\"heading.default\">\n\t\t\t\t<div class=\"elementor-widget-container\">\n\t\t\t\t\t<h3 class=\"elementor-heading-title elementor-size-default\">Logistics coordinator - Melanie<\/h3>\t\t\t\t<\/div>\n\t\t\t\t<\/div>\n\t\t\t\t\t<\/div>\n\t\t<\/div>\n\t\t\t\t\t<\/div>\n\t\t<\/section>\n\t\t\t\t<\/div>","protected":false},"excerpt":{"rendered":"<p>Logistics engineering Problem solving skills Our Logistics Engineering specialists provide innovative solutions for our customers\u2019 complex logistics needs in warehouse design, transportation, network design and supply chain management. Problem solving skills, a strong ambition and a personal drive for professional excellence help our logistics engineers maintain their commitment to continuous improvement. Nunner offers a variety [&hellip;]<\/p>\n","protected":false},"author":1,"featured_media":0,"parent":6198,"menu_order":13,"comment_status":"closed","ping_status":"closed","template":"elementor_header_footer","meta":{"footnotes":""},"class_list":["post-6238","page","type-page","status-publish","hentry"],"yoast_head":"<!-- This site is optimized with the Yoast SEO plugin v27.3 - https:\/\/yoast.com\/product\/yoast-seo-wordpress\/ -->\n<title>Logistics engineering - Nunner Logistics<\/title>\n<meta name=\"robots\" content=\"index, follow, max-snippet:-1, max-image-preview:large, max-video-preview:-1\" \/>\n<link rel=\"canonical\" href=\"https:\/\/www.nunner.com\/pt\/carreira-4\/engenharia-logistico-engenharia\/\" \/>\n<meta property=\"og:locale\" content=\"pt_PT\" \/>\n<meta property=\"og:type\" content=\"article\" \/>\n<meta property=\"og:title\" content=\"Logistics engineering - Nunner Logistics\" \/>\n<meta property=\"og:description\" content=\"Logistics engineering Problem solving skills Our Logistics Engineering specialists provide innovative solutions for our customers\u2019 complex logistics needs in warehouse design, transportation, network design and supply chain management. Problem solving skills, a strong ambition and a personal drive for professional excellence help our logistics engineers maintain their commitment to continuous improvement. Nunner offers a variety [&hellip;]\" \/>\n<meta property=\"og:url\" content=\"https:\/\/www.nunner.com\/pt\/carreira-4\/engenharia-logistico-engenharia\/\" \/>\n<meta property=\"og:site_name\" content=\"Nunner Logistics\" \/>\n<meta property=\"article:publisher\" content=\"https:\/\/www.facebook.com\/Nunner-Logistics-1478544265712063\/\" \/>\n<meta property=\"article:modified_time\" content=\"2022-04-01T14:13:01+00:00\" \/>\n<meta name=\"twitter:card\" content=\"summary_large_image\" \/>\n<meta name=\"twitter:label1\" content=\"Tempo estimado de leitura\" \/>\n\t<meta name=\"twitter:data1\" content=\"1 minuto\" \/>\n<script type=\"application\/ld+json\" class=\"yoast-schema-graph\">{\"@context\":\"https:\\\/\\\/schema.org\",\"@graph\":[{\"@type\":\"WebPage\",\"@id\":\"https:\\\/\\\/www.nunner.com\\\/teams\\\/logistics-engineering\\\/\",\"url\":\"https:\\\/\\\/www.nunner.com\\\/teams\\\/logistics-engineering\\\/\",\"name\":\"Logistics engineering - Nunner Logistics\",\"isPartOf\":{\"@id\":\"https:\\\/\\\/www.nunner.com\\\/pt\\\/#website\"},\"datePublished\":\"2022-04-01T14:08:25+00:00\",\"dateModified\":\"2022-04-01T14:13:01+00:00\",\"breadcrumb\":{\"@id\":\"https:\\\/\\\/www.nunner.com\\\/teams\\\/logistics-engineering\\\/#breadcrumb\"},\"inLanguage\":\"pt-PT\",\"potentialAction\":[{\"@type\":\"ReadAction\",\"target\":[\"https:\\\/\\\/www.nunner.com\\\/teams\\\/logistics-engineering\\\/\"]}]},{\"@type\":\"BreadcrumbList\",\"@id\":\"https:\\\/\\\/www.nunner.com\\\/teams\\\/logistics-engineering\\\/#breadcrumb\",\"itemListElement\":[{\"@type\":\"ListItem\",\"position\":1,\"name\":\"Home\",\"item\":\"https:\\\/\\\/www.nunner.com\\\/\"},{\"@type\":\"ListItem\",\"position\":2,\"name\":\"Teams\",\"item\":\"https:\\\/\\\/www.nunner.com\\\/teams\\\/\"},{\"@type\":\"ListItem\",\"position\":3,\"name\":\"Logistics engineering\"}]},{\"@type\":\"WebSite\",\"@id\":\"https:\\\/\\\/www.nunner.com\\\/pt\\\/#website\",\"url\":\"https:\\\/\\\/www.nunner.com\\\/pt\\\/\",\"name\":\"Nunner Logistics\",\"description\":\"Nobody goes further\",\"publisher\":{\"@id\":\"https:\\\/\\\/www.nunner.com\\\/pt\\\/#organization\"},\"potentialAction\":[{\"@type\":\"SearchAction\",\"target\":{\"@type\":\"EntryPoint\",\"urlTemplate\":\"https:\\\/\\\/www.nunner.com\\\/pt\\\/?s={search_term_string}\"},\"query-input\":{\"@type\":\"PropertyValueSpecification\",\"valueRequired\":true,\"valueName\":\"search_term_string\"}}],\"inLanguage\":\"pt-PT\"},{\"@type\":\"Organization\",\"@id\":\"https:\\\/\\\/www.nunner.com\\\/pt\\\/#organization\",\"name\":\"Nunner\",\"url\":\"https:\\\/\\\/www.nunner.com\\\/pt\\\/\",\"logo\":{\"@type\":\"ImageObject\",\"inLanguage\":\"pt-PT\",\"@id\":\"https:\\\/\\\/www.nunner.com\\\/pt\\\/#\\\/schema\\\/logo\\\/image\\\/\",\"url\":\"http:\\\/\\\/www.nunner.com\\\/wp-content\\\/uploads\\\/2021\\\/06\\\/Nunner-logo-fc.png\",\"contentUrl\":\"http:\\\/\\\/www.nunner.com\\\/wp-content\\\/uploads\\\/2021\\\/06\\\/Nunner-logo-fc.png\",\"width\":570,\"height\":627,\"caption\":\"Nunner\"},\"image\":{\"@id\":\"https:\\\/\\\/www.nunner.com\\\/pt\\\/#\\\/schema\\\/logo\\\/image\\\/\"},\"sameAs\":[\"https:\\\/\\\/www.facebook.com\\\/Nunner-Logistics-1478544265712063\\\/\",\"https:\\\/\\\/www.linkedin.com\\\/company\\\/5214685\\\/\",\"https:\\\/\\\/plus.google.com\\\/u\\\/0\\\/105282352768544693550\"]}]}<\/script>\n<!-- \/ Yoast SEO plugin. -->","yoast_head_json":{"title":"Logistics engineering - Nunner Logistics","robots":{"index":"index","follow":"follow","max-snippet":"max-snippet:-1","max-image-preview":"max-image-preview:large","max-video-preview":"max-video-preview:-1"},"canonical":"https:\/\/www.nunner.com\/pt\/carreira-4\/engenharia-logistico-engenharia\/","og_locale":"pt_PT","og_type":"article","og_title":"Logistics engineering - Nunner Logistics","og_description":"Logistics engineering Problem solving skills Our Logistics Engineering specialists provide innovative solutions for our customers\u2019 complex logistics needs in warehouse design, transportation, network design and supply chain management. Problem solving skills, a strong ambition and a personal drive for professional excellence help our logistics engineers maintain their commitment to continuous improvement. Nunner offers a variety [&hellip;]","og_url":"https:\/\/www.nunner.com\/pt\/carreira-4\/engenharia-logistico-engenharia\/","og_site_name":"Nunner Logistics","article_publisher":"https:\/\/www.facebook.com\/Nunner-Logistics-1478544265712063\/","article_modified_time":"2022-04-01T14:13:01+00:00","twitter_card":"summary_large_image","twitter_misc":{"Tempo estimado de leitura":"1 minuto"},"schema":{"@context":"https:\/\/schema.org","@graph":[{"@type":"WebPage","@id":"https:\/\/www.nunner.com\/teams\/logistics-engineering\/","url":"https:\/\/www.nunner.com\/teams\/logistics-engineering\/","name":"Logistics engineering - Nunner Logistics","isPartOf":{"@id":"https:\/\/www.nunner.com\/pt\/#website"},"datePublished":"2022-04-01T14:08:25+00:00","dateModified":"2022-04-01T14:13:01+00:00","breadcrumb":{"@id":"https:\/\/www.nunner.com\/teams\/logistics-engineering\/#breadcrumb"},"inLanguage":"pt-PT","potentialAction":[{"@type":"ReadAction","target":["https:\/\/www.nunner.com\/teams\/logistics-engineering\/"]}]},{"@type":"BreadcrumbList","@id":"https:\/\/www.nunner.com\/teams\/logistics-engineering\/#breadcrumb","itemListElement":[{"@type":"ListItem","position":1,"name":"Home","item":"https:\/\/www.nunner.com\/"},{"@type":"ListItem","position":2,"name":"Teams","item":"https:\/\/www.nunner.com\/teams\/"},{"@type":"ListItem","position":3,"name":"Logistics engineering"}]},{"@type":"WebSite","@id":"https:\/\/www.nunner.com\/pt\/#website","url":"https:\/\/www.nunner.com\/pt\/","name":"Nunner Log\u00edstica","description":"Nobody goes further","publisher":{"@id":"https:\/\/www.nunner.com\/pt\/#organization"},"potentialAction":[{"@type":"SearchAction","target":{"@type":"EntryPoint","urlTemplate":"https:\/\/www.nunner.com\/pt\/?s={search_term_string}"},"query-input":{"@type":"PropertyValueSpecification","valueRequired":true,"valueName":"search_term_string"}}],"inLanguage":"pt-PT"},{"@type":"Organization","@id":"https:\/\/www.nunner.com\/pt\/#organization","name":"Nunner","url":"https:\/\/www.nunner.com\/pt\/","logo":{"@type":"ImageObject","inLanguage":"pt-PT","@id":"https:\/\/www.nunner.com\/pt\/#\/schema\/logo\/image\/","url":"http:\/\/www.nunner.com\/wp-content\/uploads\/2021\/06\/Nunner-logo-fc.png","contentUrl":"http:\/\/www.nunner.com\/wp-content\/uploads\/2021\/06\/Nunner-logo-fc.png","width":570,"height":627,"caption":"Nunner"},"image":{"@id":"https:\/\/www.nunner.com\/pt\/#\/schema\/logo\/image\/"},"sameAs":["https:\/\/www.facebook.com\/Nunner-Logistics-1478544265712063\/","https:\/\/www.linkedin.com\/company\/5214685\/","https:\/\/plus.google.com\/u\/0\/105282352768544693550"]}]}},"_links":{"self":[{"href":"https:\/\/www.nunner.com\/pt\/wp-json\/wp\/v2\/pages\/6238","targetHints":{"allow":["GET"]}}],"collection":[{"href":"https:\/\/www.nunner.com\/pt\/wp-json\/wp\/v2\/pages"}],"about":[{"href":"https:\/\/www.nunner.com\/pt\/wp-json\/wp\/v2\/types\/page"}],"author":[{"embeddable":true,"href":"https:\/\/www.nunner.com\/pt\/wp-json\/wp\/v2\/users\/1"}],"replies":[{"embeddable":true,"href":"https:\/\/www.nunner.com\/pt\/wp-json\/wp\/v2\/comments?post=6238"}],"version-history":[{"count":10,"href":"https:\/\/www.nunner.com\/pt\/wp-json\/wp\/v2\/pages\/6238\/revisions"}],"predecessor-version":[{"id":6254,"href":"https:\/\/www.nunner.com\/pt\/wp-json\/wp\/v2\/pages\/6238\/revisions\/6254"}],"up":[{"embeddable":true,"href":"https:\/\/www.nunner.com\/pt\/wp-json\/wp\/v2\/pages\/6198"}],"wp:attachment":[{"href":"https:\/\/www.nunner.com\/pt\/wp-json\/wp\/v2\/media?parent=6238"}],"curies":[{"name":"wp","href":"https:\/\/api.w.org\/{rel}","templated":true}]}}