{"id":1070,"date":"2021-06-15T12:28:32","date_gmt":"2021-06-15T12:28:32","guid":{"rendered":"http:\/\/www.nunner.com\/?page_id=1070"},"modified":"2021-08-02T08:36:05","modified_gmt":"2021-08-02T08:36:05","slug":"green-freight-europe","status":"publish","type":"page","link":"https:\/\/www.nunner.com\/pt\/csr\/initiatives-and-certifications\/green-freight-europe\/","title":{"rendered":"Carga Verde Europa"},"content":{"rendered":"<div data-elementor-type=\"wp-page\" data-elementor-id=\"1070\" class=\"elementor elementor-1070\" wpc-filter-elementor-widget=\"1\" data-elementor-post-type=\"page\">\n\t\t\t\t\t\t<section class=\"elementor-section elementor-top-section elementor-element elementor-element-3322a4c elementor-section-height-min-height elementor-section-boxed elementor-section-height-default elementor-section-items-middle\" data-id=\"3322a4c\" data-element_type=\"section\" data-e-type=\"section\" data-settings=\"{&quot;background_background&quot;:&quot;classic&quot;}\">\n\t\t\t\t\t\t<div class=\"elementor-container elementor-column-gap-default\">\n\t\t\t\t\t<div class=\"elementor-column elementor-col-100 elementor-top-column elementor-element elementor-element-1dc4034\" data-id=\"1dc4034\" data-element_type=\"column\" data-e-type=\"column\">\n\t\t\t<div class=\"elementor-widget-wrap\">\n\t\t\t\t\t\t\t<\/div>\n\t\t<\/div>\n\t\t\t\t\t<\/div>\n\t\t<\/section>\n\t\t\t\t<section class=\"elementor-section elementor-top-section elementor-element elementor-element-c92a537 elementor-section-boxed elementor-section-height-default elementor-section-height-default\" data-id=\"c92a537\" data-element_type=\"section\" data-e-type=\"section\">\n\t\t\t\t\t\t<div class=\"elementor-container elementor-column-gap-default\">\n\t\t\t\t\t<div class=\"elementor-column elementor-col-100 elementor-top-column elementor-element elementor-element-764e624\" data-id=\"764e624\" data-element_type=\"column\" data-e-type=\"column\">\n\t\t\t<div class=\"elementor-widget-wrap elementor-element-populated\">\n\t\t\t\t\t\t<div class=\"elementor-element elementor-element-cc10b0e elementor-align-center elementor-widget elementor-widget-breadcrumbs\" data-id=\"cc10b0e\" data-element_type=\"widget\" data-e-type=\"widget\" data-widget_type=\"breadcrumbs.default\">\n\t\t\t\t<div class=\"elementor-widget-container\">\n\t\t\t\t\t<p id=\"breadcrumbs\"><span><span><a href=\"https:\/\/www.nunner.com\/pt\/\">In\u00edcio<\/a><\/span><\/span><\/p>\t\t\t\t<\/div>\n\t\t\t\t<\/div>\n\t\t\t\t\t<\/div>\n\t\t<\/div>\n\t\t\t\t\t<\/div>\n\t\t<\/section>\n\t\t\t\t<section class=\"elementor-section elementor-top-section elementor-element elementor-element-c12dc73 elementor-section-boxed elementor-section-height-default elementor-section-height-default\" data-id=\"c12dc73\" data-element_type=\"section\" data-e-type=\"section\" data-settings=\"{&quot;background_background&quot;:&quot;classic&quot;}\">\n\t\t\t\t\t\t<div class=\"elementor-container elementor-column-gap-default\">\n\t\t\t\t\t<div class=\"elementor-column elementor-col-100 elementor-top-column elementor-element elementor-element-bad21cf\" data-id=\"bad21cf\" data-element_type=\"column\" data-e-type=\"column\">\n\t\t\t<div class=\"elementor-widget-wrap elementor-element-populated\">\n\t\t\t\t\t\t<div class=\"elementor-element elementor-element-0341042 elementor-widget elementor-widget-heading\" data-id=\"0341042\" data-element_type=\"widget\" data-e-type=\"widget\" data-widget_type=\"heading.default\">\n\t\t\t\t<div class=\"elementor-widget-container\">\n\t\t\t\t\t<h2 class=\"elementor-heading-title elementor-size-default\">Carga verde Europa<\/h2>\t\t\t\t<\/div>\n\t\t\t\t<\/div>\n\t\t\t\t<div class=\"elementor-element elementor-element-6dcb1f4 elementor-widget elementor-widget-image\" data-id=\"6dcb1f4\" data-element_type=\"widget\" data-e-type=\"widget\" data-widget_type=\"image.default\">\n\t\t\t\t<div class=\"elementor-widget-container\">\n\t\t\t\t\t\t\t\t\t\t\t\t\t\t\t<img fetchpriority=\"high\" decoding=\"async\" width=\"800\" height=\"296\" src=\"https:\/\/www.nunner.com\/wp-content\/uploads\/2021\/08\/Certifications-v2-Groot4.jpg\" class=\"attachment-large size-large wp-image-5982\" alt=\"\" srcset=\"https:\/\/www.nunner.com\/wp-content\/uploads\/2021\/08\/Certifications-v2-Groot4.jpg 800w, https:\/\/www.nunner.com\/wp-content\/uploads\/2021\/08\/Certifications-v2-Groot4-300x111.jpg 300w, https:\/\/www.nunner.com\/wp-content\/uploads\/2021\/08\/Certifications-v2-Groot4-768x284.jpg 768w, https:\/\/www.nunner.com\/wp-content\/uploads\/2021\/08\/Certifications-v2-Groot4-16x6.jpg 16w\" sizes=\"(max-width: 800px) 100vw, 800px\" \/>\t\t\t\t\t\t\t\t\t\t\t\t\t\t\t<\/div>\n\t\t\t\t<\/div>\n\t\t\t\t\t<\/div>\n\t\t<\/div>\n\t\t\t\t\t<\/div>\n\t\t<\/section>\n\t\t\t\t<section class=\"elementor-section elementor-top-section elementor-element elementor-element-61be406 elementor-section-boxed elementor-section-height-default elementor-section-height-default\" data-id=\"61be406\" data-element_type=\"section\" data-e-type=\"section\" data-settings=\"{&quot;background_background&quot;:&quot;classic&quot;}\">\n\t\t\t\t\t\t<div class=\"elementor-container elementor-column-gap-default\">\n\t\t\t\t\t<div class=\"elementor-column elementor-col-100 elementor-top-column elementor-element elementor-element-766cafb\" data-id=\"766cafb\" data-element_type=\"column\" data-e-type=\"column\">\n\t\t\t<div class=\"elementor-widget-wrap elementor-element-populated\">\n\t\t\t\t\t\t<div class=\"elementor-element elementor-element-d362e74 elementor-widget elementor-widget-text-editor\" data-id=\"d362e74\" data-element_type=\"widget\" data-e-type=\"widget\" data-widget_type=\"text-editor.default\">\n\t\t\t\t<div class=\"elementor-widget-container\">\n\t\t\t\t\t\t\t\t\t<p><strong>A Nunner Logistics \u00e9 um membro activo da Green Freight Europe.<br \/><\/strong>\"Green Freight Europe pretende ser reconhecido como o principal programa volunt\u00e1rio independente para melhorar o desempenho ambiental do transporte rodovi\u00e1rio de mercadorias na Europa\".<\/p><p><strong>A miss\u00e3o da Green Freight Europe:<br \/><\/strong>\"A iniciativa visa fornecer uma plataforma \u00fanica para a qual os carregadores e transportadores introduzam os dados operacionais necess\u00e1rios para calcular, validar e comparar o desempenho ambiental das suas opera\u00e7\u00f5es de transporte. A plataforma \u00e9 gerida por um hospedeiro neutro e independente que garante a confidencialidade da informa\u00e7\u00e3o e a transpar\u00eancia do processo\".<\/p><p><strong>O programa conduz a redu\u00e7\u00f5es de emiss\u00f5es de carbono por:<\/strong><\/p><ul><li>Estabelecer uma plataforma de monitoriza\u00e7\u00e3o e comunica\u00e7\u00e3o das emiss\u00f5es de carbono, para ajudar na aquisi\u00e7\u00e3o de servi\u00e7os de transporte e com base nas normas existentes<\/li><li>Promover a colabora\u00e7\u00e3o entre transportadoras e carregadores na condu\u00e7\u00e3o de ac\u00e7\u00f5es de melhoria e acompanhamento do progresso<\/li><li>Estabelecer um sistema de certifica\u00e7\u00e3o para premiar expedidores e transportadores que participam plenamente do programa.<\/li><\/ul><p><br \/>\u00c9 tamb\u00e9m a plataforma para as empresas partilharem as melhores pr\u00e1ticas, promoverem inova\u00e7\u00f5es e comunicarem as melhorias de sustentabilidade no transporte rodovi\u00e1rio de mercadorias europeu. Al\u00e9m disso, o GreenFreight Europe promove a coopera\u00e7\u00e3o com outras iniciativas, programas e grupos de trabalho relacionados globalmente. Para obter uma vis\u00e3o geral sobre os nossos parceiros, consulte \"LINK ASSOC\" e \"LINKG KNOWLEDGE\".<\/p><p>O GreenFreight Europe pretende trabalhar em estreita colabora\u00e7\u00e3o com a pol\u00edtica europeia e outros intervenientes relevantes. O primeiro foco ser\u00e1 o transporte rodovi\u00e1rio. Numa pr\u00f3xima fase, outras modalidades e opera\u00e7\u00f5es multimodais poder\u00e3o ser acrescentadas ao programa.<\/p>\t\t\t\t\t\t\t\t<\/div>\n\t\t\t\t<\/div>\n\t\t\t\t\t<\/div>\n\t\t<\/div>\n\t\t\t\t\t<\/div>\n\t\t<\/section>\n\t\t\t\t<\/div>","protected":false},"excerpt":{"rendered":"<p>Green freight Europe Nunner\u00a0Logistics is an active member of Green Freight Europe.\u201cGreen Freight Europe aims to be recognized as the leading independent voluntary program for improving environmental performance of road freight transport in Europe.\u201d Green Freight Europe\u2019s mission:\u201cThe initiative aims to provide a single platform to which shippers and carriers input operational data necessary to [&hellip;]<\/p>\n","protected":false},"author":1,"featured_media":0,"parent":1015,"menu_order":2,"comment_status":"closed","ping_status":"closed","template":"elementor_header_footer","meta":{"footnotes":""},"class_list":["post-1070","page","type-page","status-publish","hentry"],"yoast_head":"<!-- This site is optimized with the Yoast SEO plugin v27.3 - https:\/\/yoast.com\/product\/yoast-seo-wordpress\/ -->\n<title>Green Freight Europe - Nunner Logistics<\/title>\n<meta name=\"robots\" content=\"index, follow, max-snippet:-1, max-image-preview:large, max-video-preview:-1\" \/>\n<link rel=\"canonical\" href=\"https:\/\/www.nunner.com\/pt\/csr\/iniciativas-e-certificacoes\/green-freight-europe\/\" \/>\n<meta property=\"og:locale\" content=\"pt_PT\" \/>\n<meta property=\"og:type\" content=\"article\" \/>\n<meta property=\"og:title\" content=\"Green Freight Europe - Nunner Logistics\" \/>\n<meta property=\"og:description\" content=\"Green freight Europe Nunner\u00a0Logistics is an active member of Green Freight Europe.\u201cGreen Freight Europe aims to be recognized as the leading independent voluntary program for improving environmental performance of road freight transport in Europe.\u201d Green Freight Europe\u2019s mission:\u201cThe initiative aims to provide a single platform to which shippers and carriers input operational data necessary to [&hellip;]\" \/>\n<meta property=\"og:url\" content=\"https:\/\/www.nunner.com\/pt\/csr\/iniciativas-e-certificacoes\/green-freight-europe\/\" \/>\n<meta property=\"og:site_name\" content=\"Nunner Logistics\" \/>\n<meta property=\"article:publisher\" content=\"https:\/\/www.facebook.com\/Nunner-Logistics-1478544265712063\/\" \/>\n<meta property=\"article:modified_time\" content=\"2021-08-02T08:36:05+00:00\" \/>\n<meta property=\"og:image\" content=\"http:\/\/www.nunner.com\/wp-content\/uploads\/2021\/08\/Certifications-v2-Groot4.jpg\" \/>\n<meta name=\"twitter:card\" content=\"summary_large_image\" \/>\n<meta name=\"twitter:label1\" content=\"Tempo estimado de leitura\" \/>\n\t<meta name=\"twitter:data1\" content=\"2 minutos\" \/>\n<script type=\"application\/ld+json\" class=\"yoast-schema-graph\">{\"@context\":\"https:\\\/\\\/schema.org\",\"@graph\":[{\"@type\":\"WebPage\",\"@id\":\"https:\\\/\\\/www.nunner.com\\\/csr\\\/initiatives-and-certifications\\\/green-freight-europe\\\/\",\"url\":\"https:\\\/\\\/www.nunner.com\\\/csr\\\/initiatives-and-certifications\\\/green-freight-europe\\\/\",\"name\":\"Green Freight Europe - Nunner Logistics\",\"isPartOf\":{\"@id\":\"https:\\\/\\\/www.nunner.com\\\/pt\\\/#website\"},\"primaryImageOfPage\":{\"@id\":\"https:\\\/\\\/www.nunner.com\\\/csr\\\/initiatives-and-certifications\\\/green-freight-europe\\\/#primaryimage\"},\"image\":{\"@id\":\"https:\\\/\\\/www.nunner.com\\\/csr\\\/initiatives-and-certifications\\\/green-freight-europe\\\/#primaryimage\"},\"thumbnailUrl\":\"http:\\\/\\\/www.nunner.com\\\/wp-content\\\/uploads\\\/2021\\\/08\\\/Certifications-v2-Groot4.jpg\",\"datePublished\":\"2021-06-15T12:28:32+00:00\",\"dateModified\":\"2021-08-02T08:36:05+00:00\",\"breadcrumb\":{\"@id\":\"https:\\\/\\\/www.nunner.com\\\/csr\\\/initiatives-and-certifications\\\/green-freight-europe\\\/#breadcrumb\"},\"inLanguage\":\"pt-PT\",\"potentialAction\":[{\"@type\":\"ReadAction\",\"target\":[\"https:\\\/\\\/www.nunner.com\\\/csr\\\/initiatives-and-certifications\\\/green-freight-europe\\\/\"]}]},{\"@type\":\"ImageObject\",\"inLanguage\":\"pt-PT\",\"@id\":\"https:\\\/\\\/www.nunner.com\\\/csr\\\/initiatives-and-certifications\\\/green-freight-europe\\\/#primaryimage\",\"url\":\"http:\\\/\\\/www.nunner.com\\\/wp-content\\\/uploads\\\/2021\\\/08\\\/Certifications-v2-Groot4.jpg\",\"contentUrl\":\"http:\\\/\\\/www.nunner.com\\\/wp-content\\\/uploads\\\/2021\\\/08\\\/Certifications-v2-Groot4.jpg\"},{\"@type\":\"BreadcrumbList\",\"@id\":\"https:\\\/\\\/www.nunner.com\\\/csr\\\/initiatives-and-certifications\\\/green-freight-europe\\\/#breadcrumb\",\"itemListElement\":[{\"@type\":\"ListItem\",\"position\":1,\"name\":\"Home\",\"item\":\"https:\\\/\\\/www.nunner.com\\\/\"},{\"@type\":\"ListItem\",\"position\":2,\"name\":\"CSR\",\"item\":\"https:\\\/\\\/www.nunner.com\\\/pt\\\/csr\\\/\"},{\"@type\":\"ListItem\",\"position\":3,\"name\":\"Our CSR Initiatives &#038; Certifications\",\"item\":\"https:\\\/\\\/www.nunner.com\\\/pt\\\/csr\\\/iniciativas-e-certificacoes\\\/\"},{\"@type\":\"ListItem\",\"position\":4,\"name\":\"Green Freight Europe\"}]},{\"@type\":\"WebSite\",\"@id\":\"https:\\\/\\\/www.nunner.com\\\/pt\\\/#website\",\"url\":\"https:\\\/\\\/www.nunner.com\\\/pt\\\/\",\"name\":\"Nunner Logistics\",\"description\":\"Nobody goes further\",\"publisher\":{\"@id\":\"https:\\\/\\\/www.nunner.com\\\/pt\\\/#organization\"},\"potentialAction\":[{\"@type\":\"SearchAction\",\"target\":{\"@type\":\"EntryPoint\",\"urlTemplate\":\"https:\\\/\\\/www.nunner.com\\\/pt\\\/?s={search_term_string}\"},\"query-input\":{\"@type\":\"PropertyValueSpecification\",\"valueRequired\":true,\"valueName\":\"search_term_string\"}}],\"inLanguage\":\"pt-PT\"},{\"@type\":\"Organization\",\"@id\":\"https:\\\/\\\/www.nunner.com\\\/pt\\\/#organization\",\"name\":\"Nunner\",\"url\":\"https:\\\/\\\/www.nunner.com\\\/pt\\\/\",\"logo\":{\"@type\":\"ImageObject\",\"inLanguage\":\"pt-PT\",\"@id\":\"https:\\\/\\\/www.nunner.com\\\/pt\\\/#\\\/schema\\\/logo\\\/image\\\/\",\"url\":\"http:\\\/\\\/www.nunner.com\\\/wp-content\\\/uploads\\\/2021\\\/06\\\/Nunner-logo-fc.png\",\"contentUrl\":\"http:\\\/\\\/www.nunner.com\\\/wp-content\\\/uploads\\\/2021\\\/06\\\/Nunner-logo-fc.png\",\"width\":570,\"height\":627,\"caption\":\"Nunner\"},\"image\":{\"@id\":\"https:\\\/\\\/www.nunner.com\\\/pt\\\/#\\\/schema\\\/logo\\\/image\\\/\"},\"sameAs\":[\"https:\\\/\\\/www.facebook.com\\\/Nunner-Logistics-1478544265712063\\\/\",\"https:\\\/\\\/www.linkedin.com\\\/company\\\/5214685\\\/\",\"https:\\\/\\\/plus.google.com\\\/u\\\/0\\\/105282352768544693550\"]}]}<\/script>\n<!-- \/ Yoast SEO plugin. -->","yoast_head_json":{"title":"Green Freight Europe - Nunner Logistics","robots":{"index":"index","follow":"follow","max-snippet":"max-snippet:-1","max-image-preview":"max-image-preview:large","max-video-preview":"max-video-preview:-1"},"canonical":"https:\/\/www.nunner.com\/pt\/csr\/iniciativas-e-certificacoes\/green-freight-europe\/","og_locale":"pt_PT","og_type":"article","og_title":"Green Freight Europe - Nunner Logistics","og_description":"Green freight Europe Nunner\u00a0Logistics is an active member of Green Freight Europe.\u201cGreen Freight Europe aims to be recognized as the leading independent voluntary program for improving environmental performance of road freight transport in Europe.\u201d Green Freight Europe\u2019s mission:\u201cThe initiative aims to provide a single platform to which shippers and carriers input operational data necessary to [&hellip;]","og_url":"https:\/\/www.nunner.com\/pt\/csr\/iniciativas-e-certificacoes\/green-freight-europe\/","og_site_name":"Nunner Logistics","article_publisher":"https:\/\/www.facebook.com\/Nunner-Logistics-1478544265712063\/","article_modified_time":"2021-08-02T08:36:05+00:00","og_image":[{"url":"http:\/\/www.nunner.com\/wp-content\/uploads\/2021\/08\/Certifications-v2-Groot4.jpg","type":"","width":"","height":""}],"twitter_card":"summary_large_image","twitter_misc":{"Tempo estimado de leitura":"2 minutos"},"schema":{"@context":"https:\/\/schema.org","@graph":[{"@type":"WebPage","@id":"https:\/\/www.nunner.com\/csr\/initiatives-and-certifications\/green-freight-europe\/","url":"https:\/\/www.nunner.com\/csr\/initiatives-and-certifications\/green-freight-europe\/","name":"Green Freight Europe - Nunner Logistics","isPartOf":{"@id":"https:\/\/www.nunner.com\/pt\/#website"},"primaryImageOfPage":{"@id":"https:\/\/www.nunner.com\/csr\/initiatives-and-certifications\/green-freight-europe\/#primaryimage"},"image":{"@id":"https:\/\/www.nunner.com\/csr\/initiatives-and-certifications\/green-freight-europe\/#primaryimage"},"thumbnailUrl":"http:\/\/www.nunner.com\/wp-content\/uploads\/2021\/08\/Certifications-v2-Groot4.jpg","datePublished":"2021-06-15T12:28:32+00:00","dateModified":"2021-08-02T08:36:05+00:00","breadcrumb":{"@id":"https:\/\/www.nunner.com\/csr\/initiatives-and-certifications\/green-freight-europe\/#breadcrumb"},"inLanguage":"pt-PT","potentialAction":[{"@type":"ReadAction","target":["https:\/\/www.nunner.com\/csr\/initiatives-and-certifications\/green-freight-europe\/"]}]},{"@type":"ImageObject","inLanguage":"pt-PT","@id":"https:\/\/www.nunner.com\/csr\/initiatives-and-certifications\/green-freight-europe\/#primaryimage","url":"http:\/\/www.nunner.com\/wp-content\/uploads\/2021\/08\/Certifications-v2-Groot4.jpg","contentUrl":"http:\/\/www.nunner.com\/wp-content\/uploads\/2021\/08\/Certifications-v2-Groot4.jpg"},{"@type":"BreadcrumbList","@id":"https:\/\/www.nunner.com\/csr\/initiatives-and-certifications\/green-freight-europe\/#breadcrumb","itemListElement":[{"@type":"ListItem","position":1,"name":"Home","item":"https:\/\/www.nunner.com\/"},{"@type":"ListItem","position":2,"name":"CSR","item":"https:\/\/www.nunner.com\/pt\/csr\/"},{"@type":"ListItem","position":3,"name":"Our CSR Initiatives &#038; Certifications","item":"https:\/\/www.nunner.com\/pt\/csr\/iniciativas-e-certificacoes\/"},{"@type":"ListItem","position":4,"name":"Green Freight Europe"}]},{"@type":"WebSite","@id":"https:\/\/www.nunner.com\/pt\/#website","url":"https:\/\/www.nunner.com\/pt\/","name":"Nunner Log\u00edstica","description":"Nobody goes further","publisher":{"@id":"https:\/\/www.nunner.com\/pt\/#organization"},"potentialAction":[{"@type":"SearchAction","target":{"@type":"EntryPoint","urlTemplate":"https:\/\/www.nunner.com\/pt\/?s={search_term_string}"},"query-input":{"@type":"PropertyValueSpecification","valueRequired":true,"valueName":"search_term_string"}}],"inLanguage":"pt-PT"},{"@type":"Organization","@id":"https:\/\/www.nunner.com\/pt\/#organization","name":"Nunner","url":"https:\/\/www.nunner.com\/pt\/","logo":{"@type":"ImageObject","inLanguage":"pt-PT","@id":"https:\/\/www.nunner.com\/pt\/#\/schema\/logo\/image\/","url":"http:\/\/www.nunner.com\/wp-content\/uploads\/2021\/06\/Nunner-logo-fc.png","contentUrl":"http:\/\/www.nunner.com\/wp-content\/uploads\/2021\/06\/Nunner-logo-fc.png","width":570,"height":627,"caption":"Nunner"},"image":{"@id":"https:\/\/www.nunner.com\/pt\/#\/schema\/logo\/image\/"},"sameAs":["https:\/\/www.facebook.com\/Nunner-Logistics-1478544265712063\/","https:\/\/www.linkedin.com\/company\/5214685\/","https:\/\/plus.google.com\/u\/0\/105282352768544693550"]}]}},"_links":{"self":[{"href":"https:\/\/www.nunner.com\/pt\/wp-json\/wp\/v2\/pages\/1070","targetHints":{"allow":["GET"]}}],"collection":[{"href":"https:\/\/www.nunner.com\/pt\/wp-json\/wp\/v2\/pages"}],"about":[{"href":"https:\/\/www.nunner.com\/pt\/wp-json\/wp\/v2\/types\/page"}],"author":[{"embeddable":true,"href":"https:\/\/www.nunner.com\/pt\/wp-json\/wp\/v2\/users\/1"}],"replies":[{"embeddable":true,"href":"https:\/\/www.nunner.com\/pt\/wp-json\/wp\/v2\/comments?post=1070"}],"version-history":[{"count":6,"href":"https:\/\/www.nunner.com\/pt\/wp-json\/wp\/v2\/pages\/1070\/revisions"}],"predecessor-version":[{"id":6001,"href":"https:\/\/www.nunner.com\/pt\/wp-json\/wp\/v2\/pages\/1070\/revisions\/6001"}],"up":[{"embeddable":true,"href":"https:\/\/www.nunner.com\/pt\/wp-json\/wp\/v2\/pages\/1015"}],"wp:attachment":[{"href":"https:\/\/www.nunner.com\/pt\/wp-json\/wp\/v2\/media?parent=1070"}],"curies":[{"name":"wp","href":"https:\/\/api.w.org\/{rel}","templated":true}]}}