{"id":618,"date":"2021-06-15T09:23:12","date_gmt":"2021-06-15T09:23:12","guid":{"rendered":"http:\/\/www.nunner.com\/?page_id=618"},"modified":"2021-07-27T11:04:14","modified_gmt":"2021-07-27T11:04:14","slug":"cis-former-sovjet-union","status":"publish","type":"page","link":"https:\/\/www.nunner.com\/pl\/discover-us\/by-special-products\/cis-former-sovjet-union\/","title":{"rendered":"WNP (by\u0142y Zwi\u0105zek Radziecki)"},"content":{"rendered":"<div data-elementor-type=\"wp-page\" data-elementor-id=\"618\" class=\"elementor elementor-618\" wpc-filter-elementor-widget=\"1\" data-elementor-post-type=\"page\">\n\t\t\t\t\t\t<section class=\"elementor-section elementor-top-section elementor-element elementor-element-3322a4c elementor-section-height-min-height elementor-section-boxed elementor-section-height-default elementor-section-items-middle\" data-id=\"3322a4c\" data-element_type=\"section\" data-e-type=\"section\" data-settings=\"{&quot;background_background&quot;:&quot;classic&quot;}\">\n\t\t\t\t\t\t<div class=\"elementor-container elementor-column-gap-default\">\n\t\t\t\t\t<div class=\"elementor-column elementor-col-100 elementor-top-column elementor-element elementor-element-1dc4034\" data-id=\"1dc4034\" data-element_type=\"column\" data-e-type=\"column\">\n\t\t\t<div class=\"elementor-widget-wrap\">\n\t\t\t\t\t\t\t<\/div>\n\t\t<\/div>\n\t\t\t\t\t<\/div>\n\t\t<\/section>\n\t\t\t\t<section class=\"elementor-section elementor-top-section elementor-element elementor-element-8d0befb elementor-section-boxed elementor-section-height-default elementor-section-height-default\" data-id=\"8d0befb\" data-element_type=\"section\" data-e-type=\"section\">\n\t\t\t\t\t\t<div class=\"elementor-container elementor-column-gap-default\">\n\t\t\t\t\t<div class=\"elementor-column elementor-col-100 elementor-top-column elementor-element elementor-element-467a1ad\" data-id=\"467a1ad\" data-element_type=\"column\" data-e-type=\"column\">\n\t\t\t<div class=\"elementor-widget-wrap elementor-element-populated\">\n\t\t\t\t\t\t<div class=\"elementor-element elementor-element-edeb804 elementor-align-center elementor-widget elementor-widget-breadcrumbs\" data-id=\"edeb804\" data-element_type=\"widget\" data-e-type=\"widget\" data-widget_type=\"breadcrumbs.default\">\n\t\t\t\t<div class=\"elementor-widget-container\">\n\t\t\t\t\t<p id=\"breadcrumbs\"><span><span><a href=\"https:\/\/www.nunner.com\/pl\/\">Strona g\u0142\u00f3wna<\/a><\/span><\/span><\/p>\t\t\t\t<\/div>\n\t\t\t\t<\/div>\n\t\t\t\t\t<\/div>\n\t\t<\/div>\n\t\t\t\t\t<\/div>\n\t\t<\/section>\n\t\t\t\t<section class=\"elementor-section elementor-top-section elementor-element elementor-element-2b06ee7c elementor-section-boxed elementor-section-height-default elementor-section-height-default\" data-id=\"2b06ee7c\" data-element_type=\"section\" data-e-type=\"section\" data-settings=\"{&quot;background_background&quot;:&quot;classic&quot;}\">\n\t\t\t\t\t\t<div class=\"elementor-container elementor-column-gap-default\">\n\t\t\t\t\t<div class=\"elementor-column elementor-col-100 elementor-top-column elementor-element elementor-element-3c94937\" data-id=\"3c94937\" data-element_type=\"column\" data-e-type=\"column\">\n\t\t\t<div class=\"elementor-widget-wrap elementor-element-populated\">\n\t\t\t\t\t\t<div class=\"elementor-element elementor-element-5adda37 elementor-widget elementor-widget-heading\" data-id=\"5adda37\" data-element_type=\"widget\" data-e-type=\"widget\" data-widget_type=\"heading.default\">\n\t\t\t\t<div class=\"elementor-widget-container\">\n\t\t\t\t\t<h2 class=\"elementor-heading-title elementor-size-default\">WNP (by\u0142y Zwi\u0105zek Radziecki)<\/h2>\t\t\t\t<\/div>\n\t\t\t\t<\/div>\n\t\t\t\t<div class=\"elementor-element elementor-element-66a0f0ff elementor-widget elementor-widget-image\" data-id=\"66a0f0ff\" data-element_type=\"widget\" data-e-type=\"widget\" data-widget_type=\"image.default\">\n\t\t\t\t<div class=\"elementor-widget-container\">\n\t\t\t\t\t\t\t\t\t\t\t\t\t\t\t<img fetchpriority=\"high\" decoding=\"async\" width=\"800\" height=\"333\" src=\"https:\/\/www.nunner.com\/wp-content\/uploads\/2021\/07\/Fotolia_43453383_Subscription_Monthly_M-1024x426.jpg\" class=\"attachment-large size-large wp-image-5672\" alt=\"\" srcset=\"https:\/\/www.nunner.com\/wp-content\/uploads\/2021\/07\/Fotolia_43453383_Subscription_Monthly_M-1024x426.jpg 1024w, https:\/\/www.nunner.com\/wp-content\/uploads\/2021\/07\/Fotolia_43453383_Subscription_Monthly_M-300x125.jpg 300w, https:\/\/www.nunner.com\/wp-content\/uploads\/2021\/07\/Fotolia_43453383_Subscription_Monthly_M-768x320.jpg 768w, https:\/\/www.nunner.com\/wp-content\/uploads\/2021\/07\/Fotolia_43453383_Subscription_Monthly_M-1536x640.jpg 1536w, https:\/\/www.nunner.com\/wp-content\/uploads\/2021\/07\/Fotolia_43453383_Subscription_Monthly_M-16x7.jpg 16w, https:\/\/www.nunner.com\/wp-content\/uploads\/2021\/07\/Fotolia_43453383_Subscription_Monthly_M.jpg 1688w\" sizes=\"(max-width: 800px) 100vw, 800px\" \/>\t\t\t\t\t\t\t\t\t\t\t\t\t\t\t<\/div>\n\t\t\t\t<\/div>\n\t\t\t\t\t<\/div>\n\t\t<\/div>\n\t\t\t\t\t<\/div>\n\t\t<\/section>\n\t\t\t\t<section class=\"elementor-section elementor-top-section elementor-element elementor-element-01511e0 elementor-section-boxed elementor-section-height-default elementor-section-height-default\" data-id=\"01511e0\" data-element_type=\"section\" data-e-type=\"section\" data-settings=\"{&quot;background_background&quot;:&quot;classic&quot;}\">\n\t\t\t\t\t\t<div class=\"elementor-container elementor-column-gap-default\">\n\t\t\t\t\t<div class=\"elementor-column elementor-col-100 elementor-top-column elementor-element elementor-element-e7a7349\" data-id=\"e7a7349\" data-element_type=\"column\" data-e-type=\"column\">\n\t\t\t<div class=\"elementor-widget-wrap elementor-element-populated\">\n\t\t\t\t\t\t<div class=\"elementor-element elementor-element-f1f37c9 elementor-widget elementor-widget-text-editor\" data-id=\"f1f37c9\" data-element_type=\"widget\" data-e-type=\"widget\" data-widget_type=\"text-editor.default\">\n\t\t\t\t<div class=\"elementor-widget-container\">\n\t\t\t\t\t\t\t\t\t<p>Firma Nunner zna rynek i wymagania w krajach WNP lepiej ni\u017c jakakolwiek inna strona. Od 1987 roku Nunner dzia\u0142a na terytorium by\u0142ego Zwi\u0105zku Radzieckiego i by\u0142 pierwszym (!!) zagranicznym dostawc\u0105 us\u0142ug logistycznych, kt\u00f3ry otworzy\u0142 w\u0142asne przedstawicielstwo w Moskwie jeszcze w czasach Gorbatschova. Dzisiaj Nunner posiada pe\u0142en zakres us\u0142ug dla wszystkich przep\u0142yw\u00f3w transportowych na Bia\u0142orusi, w Rosji, na Ukrainie, w Gruzji, Mo\u0142dawii, Azerbejd\u017canie, Armenii, Turkmenistanie, Uzbekistanie, Kirgistanie, Tadzjikistanie i Kazachstanie.<\/p><p>Fracht drogowy: Firma Nunner oferuje LTL i FTL z ca\u0142ej Europy do najwa\u017cniejszych centr\u00f3w logistycznych w Rosji, Moskwy i Sankt Petersburga. Ale \u0142\u0105czymy si\u0119 r\u00f3wnie\u017c z innymi g\u0142\u00f3wnymi o\u015brodkami gospodarczymi, takimi jak Samara, Ni\u017cny Nowogr\u00f3d, Kaza\u0144, Jekaterynburg, Nowosybirsk i Rost\u00f3w. Z uwagi na rozw\u00f3j handlu detalicznego i przemys\u0142u staj\u0105 si\u0119 one w tych regionach coraz wa\u017cniejszymi centrami logistycznymi. Nasze biuro w Wilnie jest doskona\u0142ym wsparciem dla koordynacji z naszymi rosyjskimi biurami procesu \"zielonego \u015bwiat\u0142a\" i zabezpieczenia zdolno\u015bci przewozowych ci\u0119\u017car\u00f3wek.<\/p><p>Transport kolejowy: Firma Nunner oferuje przew\u00f3z wagon\u00f3w i kontener\u00f3w kolej\u0105 do wszystkich stacji w krajach WNP. Nasz agent na granicy polsko-bia\u0142oruskiej zabezpiecza prze\u0142adunek z ci\u0119\u017car\u00f3wki na poci\u0105g lub z poci\u0105gu na poci\u0105g. Rosja posiada drug\u0105 na \u015bwiecie pod wzgl\u0119dem d\u0142ugo\u015bci sie\u0107 kolejow\u0105 o d\u0142ugo\u015bci oko\u0142o 85.000 kilometr\u00f3w. 83 procent wszystkich towar\u00f3w w Rosji jest transportowanych t\u0105 sieci\u0105. R\u00f3wnie\u017c w innych krajach WNP sie\u0107 kolejowa jest rozleg\u0142a. Firma Nunner koncentruje si\u0119 na transporcie kolejowym mi\u0119dzy Rosj\u0105 a Europ\u0105, jak r\u00f3wnie\u017c na transporcie z Europy do Azji przez Rosj\u0119. Dzi\u0119ki kolei transsyberyjskiej firma Nunner oferuje obecnie czas transportu z Pusan do Helsinek wynosz\u0105cy 16 dni (47 dni w przypadku frachtu oceanicznego).<\/p><p>Shortsea: Us\u0142ugi Shortsea firmy Nunner obejmuj\u0105 trasy skandynawskie oraz trasy przez Morze \u015ar\u00f3dziemne, a tak\u017ce mo\u017cliwo\u015b\u0107 po\u0142\u0105czenia przez rzek\u0119 Wo\u0142g\u0119. Mamy doskona\u0142e kontakty ze wszystkimi armatorami statk\u00f3w kr\u00f3tkodystansowych w regionie Morza Ba\u0142tyckiego, co zapewnia konkurencyjne stawki i gwarancj\u0119 przestrzeni \u0142adunkowej przez ca\u0142y rok. Opr\u00f3cz us\u0142ug do wszystkich port\u00f3w w Sankt Petersburgu (w tym Kronsztadt, PLP, FCT, Ust-\u0141uga itp.), oferujemy r\u00f3wnie\u017c us\u0142ugi do port\u00f3w w K\u0142ajpedzie, Rydze i Talllinnie oraz organizujemy prze\u0142adunki na rosyjskie \"zaplecze\" kolej\u0105 lub ci\u0119\u017car\u00f3wkami. Wreszcie mamy r\u00f3wnie\u017c w ofercie obs\u0142ug\u0119 kr\u00f3tkodystansowych przewoz\u00f3w morskich do port\u00f3w fi\u0144skich z dalsz\u0105 wysy\u0142k\u0105 przez zielon\u0105 granic\u0119 do Rosji...<\/p><p>Kraj: na terenie Rosji firma Nunner wsp\u00f3\u0142pracuje z wybran\u0105 sieci\u0105 partner\u00f3w, co pozwala nam na obj\u0119cie ca\u0142ego terytorium Rosji w kr\u00f3tkim czasie, oferuj\u0105c klientom przejrzysto\u015b\u0107 statusu ich przesy\u0142ki. W zachodniej cz\u0119\u015bci kraju transportujemy g\u0142\u00f3wnie samochodami ci\u0119\u017carowymi, we wschodniej cz\u0119\u015bci wykorzystujemy rozbudowan\u0105 rosyjsk\u0105 sie\u0107 kolejow\u0105.<\/p>\t\t\t\t\t\t\t\t<\/div>\n\t\t\t\t<\/div>\n\t\t\t\t\t<\/div>\n\t\t<\/div>\n\t\t\t\t\t<\/div>\n\t\t<\/section>\n\t\t\t\t<\/div>","protected":false},"excerpt":{"rendered":"<p>CIS (former Sovjet Union) Nunner knows the market and the requirement in the CIS countries better than any other party. Since 1987 Nunner is active on the territory of the former Soviet Union and Nunner was the first (!!) foreign logistics service provider to open an own representative in Moscow still in the times of [&hellip;]<\/p>\n","protected":false},"author":1,"featured_media":0,"parent":195,"menu_order":4,"comment_status":"closed","ping_status":"closed","template":"","meta":{"footnotes":""},"class_list":["post-618","page","type-page","status-publish","hentry"],"yoast_head":"<!-- This site is optimized with the Yoast SEO plugin v27.3 - https:\/\/yoast.com\/product\/yoast-seo-wordpress\/ -->\n<title>CIS (Former Sovjet Union) - Nunner Logistics<\/title>\n<meta name=\"robots\" content=\"index, follow, max-snippet:-1, max-image-preview:large, max-video-preview:-1\" \/>\n<link rel=\"canonical\" href=\"https:\/\/www.nunner.com\/pl\/discover-us\/by-special-products\/cis-former-sovjet-union\/\" \/>\n<meta property=\"og:locale\" content=\"pl_PL\" \/>\n<meta property=\"og:type\" content=\"article\" \/>\n<meta property=\"og:title\" content=\"CIS (Former Sovjet Union) - Nunner Logistics\" \/>\n<meta property=\"og:description\" content=\"CIS (former Sovjet Union) Nunner knows the market and the requirement in the CIS countries better than any other party. Since 1987 Nunner is active on the territory of the former Soviet Union and Nunner was the first (!!) foreign logistics service provider to open an own representative in Moscow still in the times of [&hellip;]\" \/>\n<meta property=\"og:url\" content=\"https:\/\/www.nunner.com\/pl\/discover-us\/by-special-products\/cis-former-sovjet-union\/\" \/>\n<meta property=\"og:site_name\" content=\"Nunner Logistics\" \/>\n<meta property=\"article:publisher\" content=\"https:\/\/www.facebook.com\/Nunner-Logistics-1478544265712063\/\" \/>\n<meta property=\"article:modified_time\" content=\"2021-07-27T11:04:14+00:00\" \/>\n<meta property=\"og:image\" content=\"http:\/\/www.nunner.com\/wp-content\/uploads\/2021\/07\/Fotolia_43453383_Subscription_Monthly_M-1024x426.jpg\" \/>\n<meta name=\"twitter:card\" content=\"summary_large_image\" \/>\n<meta name=\"twitter:label1\" content=\"Szacowany czas czytania\" \/>\n\t<meta name=\"twitter:data1\" content=\"3 minuty\" \/>\n<script type=\"application\/ld+json\" class=\"yoast-schema-graph\">{\"@context\":\"https:\\\/\\\/schema.org\",\"@graph\":[{\"@type\":\"WebPage\",\"@id\":\"https:\\\/\\\/www.nunner.com\\\/discover-us\\\/by-special-products\\\/cis-former-sovjet-union\\\/\",\"url\":\"https:\\\/\\\/www.nunner.com\\\/discover-us\\\/by-special-products\\\/cis-former-sovjet-union\\\/\",\"name\":\"CIS (Former Sovjet Union) - Nunner Logistics\",\"isPartOf\":{\"@id\":\"https:\\\/\\\/www.nunner.com\\\/pt\\\/#website\"},\"primaryImageOfPage\":{\"@id\":\"https:\\\/\\\/www.nunner.com\\\/discover-us\\\/by-special-products\\\/cis-former-sovjet-union\\\/#primaryimage\"},\"image\":{\"@id\":\"https:\\\/\\\/www.nunner.com\\\/discover-us\\\/by-special-products\\\/cis-former-sovjet-union\\\/#primaryimage\"},\"thumbnailUrl\":\"http:\\\/\\\/www.nunner.com\\\/wp-content\\\/uploads\\\/2021\\\/07\\\/Fotolia_43453383_Subscription_Monthly_M-1024x426.jpg\",\"datePublished\":\"2021-06-15T09:23:12+00:00\",\"dateModified\":\"2021-07-27T11:04:14+00:00\",\"breadcrumb\":{\"@id\":\"https:\\\/\\\/www.nunner.com\\\/discover-us\\\/by-special-products\\\/cis-former-sovjet-union\\\/#breadcrumb\"},\"inLanguage\":\"pl-PL\",\"potentialAction\":[{\"@type\":\"ReadAction\",\"target\":[\"https:\\\/\\\/www.nunner.com\\\/discover-us\\\/by-special-products\\\/cis-former-sovjet-union\\\/\"]}]},{\"@type\":\"ImageObject\",\"inLanguage\":\"pl-PL\",\"@id\":\"https:\\\/\\\/www.nunner.com\\\/discover-us\\\/by-special-products\\\/cis-former-sovjet-union\\\/#primaryimage\",\"url\":\"http:\\\/\\\/www.nunner.com\\\/wp-content\\\/uploads\\\/2021\\\/07\\\/Fotolia_43453383_Subscription_Monthly_M-1024x426.jpg\",\"contentUrl\":\"http:\\\/\\\/www.nunner.com\\\/wp-content\\\/uploads\\\/2021\\\/07\\\/Fotolia_43453383_Subscription_Monthly_M-1024x426.jpg\"},{\"@type\":\"BreadcrumbList\",\"@id\":\"https:\\\/\\\/www.nunner.com\\\/discover-us\\\/by-special-products\\\/cis-former-sovjet-union\\\/#breadcrumb\",\"itemListElement\":[{\"@type\":\"ListItem\",\"position\":1,\"name\":\"Home\",\"item\":\"https:\\\/\\\/www.nunner.com\\\/\"},{\"@type\":\"ListItem\",\"position\":2,\"name\":\"Discover us\",\"item\":\"https:\\\/\\\/www.nunner.com\\\/de\\\/entdecken-us\\\/\"},{\"@type\":\"ListItem\",\"position\":3,\"name\":\"Special Products\",\"item\":\"https:\\\/\\\/www.nunner.com\\\/de\\\/entdecken-us\\\/by-special-products\\\/\"},{\"@type\":\"ListItem\",\"position\":4,\"name\":\"CIS (Former Sovjet Union)\"}]},{\"@type\":\"WebSite\",\"@id\":\"https:\\\/\\\/www.nunner.com\\\/pt\\\/#website\",\"url\":\"https:\\\/\\\/www.nunner.com\\\/pt\\\/\",\"name\":\"Nunner Logistics\",\"description\":\"Nobody goes further\",\"publisher\":{\"@id\":\"https:\\\/\\\/www.nunner.com\\\/pt\\\/#organization\"},\"potentialAction\":[{\"@type\":\"SearchAction\",\"target\":{\"@type\":\"EntryPoint\",\"urlTemplate\":\"https:\\\/\\\/www.nunner.com\\\/pt\\\/?s={search_term_string}\"},\"query-input\":{\"@type\":\"PropertyValueSpecification\",\"valueRequired\":true,\"valueName\":\"search_term_string\"}}],\"inLanguage\":\"pl-PL\"},{\"@type\":\"Organization\",\"@id\":\"https:\\\/\\\/www.nunner.com\\\/pt\\\/#organization\",\"name\":\"Nunner\",\"url\":\"https:\\\/\\\/www.nunner.com\\\/pt\\\/\",\"logo\":{\"@type\":\"ImageObject\",\"inLanguage\":\"pl-PL\",\"@id\":\"https:\\\/\\\/www.nunner.com\\\/pt\\\/#\\\/schema\\\/logo\\\/image\\\/\",\"url\":\"http:\\\/\\\/www.nunner.com\\\/wp-content\\\/uploads\\\/2021\\\/06\\\/Nunner-logo-fc.png\",\"contentUrl\":\"http:\\\/\\\/www.nunner.com\\\/wp-content\\\/uploads\\\/2021\\\/06\\\/Nunner-logo-fc.png\",\"width\":570,\"height\":627,\"caption\":\"Nunner\"},\"image\":{\"@id\":\"https:\\\/\\\/www.nunner.com\\\/pt\\\/#\\\/schema\\\/logo\\\/image\\\/\"},\"sameAs\":[\"https:\\\/\\\/www.facebook.com\\\/Nunner-Logistics-1478544265712063\\\/\",\"https:\\\/\\\/www.linkedin.com\\\/company\\\/5214685\\\/\",\"https:\\\/\\\/plus.google.com\\\/u\\\/0\\\/105282352768544693550\"]}]}<\/script>\n<!-- \/ Yoast SEO plugin. -->","yoast_head_json":{"title":"WNP (dawny Zwi\u0105zek Radziecki) - Nunner Logistics","robots":{"index":"index","follow":"follow","max-snippet":"max-snippet:-1","max-image-preview":"max-image-preview:large","max-video-preview":"max-video-preview:-1"},"canonical":"https:\/\/www.nunner.com\/pl\/discover-us\/by-special-products\/cis-former-sovjet-union\/","og_locale":"pl_PL","og_type":"article","og_title":"CIS (Former Sovjet Union) - Nunner Logistics","og_description":"CIS (former Sovjet Union) Nunner knows the market and the requirement in the CIS countries better than any other party. Since 1987 Nunner is active on the territory of the former Soviet Union and Nunner was the first (!!) foreign logistics service provider to open an own representative in Moscow still in the times of [&hellip;]","og_url":"https:\/\/www.nunner.com\/pl\/discover-us\/by-special-products\/cis-former-sovjet-union\/","og_site_name":"Nunner Logistics","article_publisher":"https:\/\/www.facebook.com\/Nunner-Logistics-1478544265712063\/","article_modified_time":"2021-07-27T11:04:14+00:00","og_image":[{"url":"http:\/\/www.nunner.com\/wp-content\/uploads\/2021\/07\/Fotolia_43453383_Subscription_Monthly_M-1024x426.jpg","type":"","width":"","height":""}],"twitter_card":"summary_large_image","twitter_misc":{"Szacowany czas czytania":"3 minuty"},"schema":{"@context":"https:\/\/schema.org","@graph":[{"@type":"WebPage","@id":"https:\/\/www.nunner.com\/discover-us\/by-special-products\/cis-former-sovjet-union\/","url":"https:\/\/www.nunner.com\/discover-us\/by-special-products\/cis-former-sovjet-union\/","name":"WNP (dawny Zwi\u0105zek Radziecki) - Nunner Logistics","isPartOf":{"@id":"https:\/\/www.nunner.com\/pt\/#website"},"primaryImageOfPage":{"@id":"https:\/\/www.nunner.com\/discover-us\/by-special-products\/cis-former-sovjet-union\/#primaryimage"},"image":{"@id":"https:\/\/www.nunner.com\/discover-us\/by-special-products\/cis-former-sovjet-union\/#primaryimage"},"thumbnailUrl":"http:\/\/www.nunner.com\/wp-content\/uploads\/2021\/07\/Fotolia_43453383_Subscription_Monthly_M-1024x426.jpg","datePublished":"2021-06-15T09:23:12+00:00","dateModified":"2021-07-27T11:04:14+00:00","breadcrumb":{"@id":"https:\/\/www.nunner.com\/discover-us\/by-special-products\/cis-former-sovjet-union\/#breadcrumb"},"inLanguage":"pl-PL","potentialAction":[{"@type":"ReadAction","target":["https:\/\/www.nunner.com\/discover-us\/by-special-products\/cis-former-sovjet-union\/"]}]},{"@type":"ImageObject","inLanguage":"pl-PL","@id":"https:\/\/www.nunner.com\/discover-us\/by-special-products\/cis-former-sovjet-union\/#primaryimage","url":"http:\/\/www.nunner.com\/wp-content\/uploads\/2021\/07\/Fotolia_43453383_Subscription_Monthly_M-1024x426.jpg","contentUrl":"http:\/\/www.nunner.com\/wp-content\/uploads\/2021\/07\/Fotolia_43453383_Subscription_Monthly_M-1024x426.jpg"},{"@type":"BreadcrumbList","@id":"https:\/\/www.nunner.com\/discover-us\/by-special-products\/cis-former-sovjet-union\/#breadcrumb","itemListElement":[{"@type":"ListItem","position":1,"name":"Home","item":"https:\/\/www.nunner.com\/"},{"@type":"ListItem","position":2,"name":"Discover us","item":"https:\/\/www.nunner.com\/de\/entdecken-us\/"},{"@type":"ListItem","position":3,"name":"Special Products","item":"https:\/\/www.nunner.com\/de\/entdecken-us\/by-special-products\/"},{"@type":"ListItem","position":4,"name":"CIS (Former Sovjet Union)"}]},{"@type":"WebSite","@id":"https:\/\/www.nunner.com\/pt\/#website","url":"https:\/\/www.nunner.com\/pt\/","name":"Logistyka Nunner","description":"Nobody goes further","publisher":{"@id":"https:\/\/www.nunner.com\/pt\/#organization"},"potentialAction":[{"@type":"SearchAction","target":{"@type":"EntryPoint","urlTemplate":"https:\/\/www.nunner.com\/pt\/?s={search_term_string}"},"query-input":{"@type":"PropertyValueSpecification","valueRequired":true,"valueName":"search_term_string"}}],"inLanguage":"pl-PL"},{"@type":"Organization","@id":"https:\/\/www.nunner.com\/pt\/#organization","name":"Nunner","url":"https:\/\/www.nunner.com\/pt\/","logo":{"@type":"ImageObject","inLanguage":"pl-PL","@id":"https:\/\/www.nunner.com\/pt\/#\/schema\/logo\/image\/","url":"http:\/\/www.nunner.com\/wp-content\/uploads\/2021\/06\/Nunner-logo-fc.png","contentUrl":"http:\/\/www.nunner.com\/wp-content\/uploads\/2021\/06\/Nunner-logo-fc.png","width":570,"height":627,"caption":"Nunner"},"image":{"@id":"https:\/\/www.nunner.com\/pt\/#\/schema\/logo\/image\/"},"sameAs":["https:\/\/www.facebook.com\/Nunner-Logistics-1478544265712063\/","https:\/\/www.linkedin.com\/company\/5214685\/","https:\/\/plus.google.com\/u\/0\/105282352768544693550"]}]}},"_links":{"self":[{"href":"https:\/\/www.nunner.com\/pl\/wp-json\/wp\/v2\/pages\/618","targetHints":{"allow":["GET"]}}],"collection":[{"href":"https:\/\/www.nunner.com\/pl\/wp-json\/wp\/v2\/pages"}],"about":[{"href":"https:\/\/www.nunner.com\/pl\/wp-json\/wp\/v2\/types\/page"}],"author":[{"embeddable":true,"href":"https:\/\/www.nunner.com\/pl\/wp-json\/wp\/v2\/users\/1"}],"replies":[{"embeddable":true,"href":"https:\/\/www.nunner.com\/pl\/wp-json\/wp\/v2\/comments?post=618"}],"version-history":[{"count":3,"href":"https:\/\/www.nunner.com\/pl\/wp-json\/wp\/v2\/pages\/618\/revisions"}],"predecessor-version":[{"id":5675,"href":"https:\/\/www.nunner.com\/pl\/wp-json\/wp\/v2\/pages\/618\/revisions\/5675"}],"up":[{"embeddable":true,"href":"https:\/\/www.nunner.com\/pl\/wp-json\/wp\/v2\/pages\/195"}],"wp:attachment":[{"href":"https:\/\/www.nunner.com\/pl\/wp-json\/wp\/v2\/media?parent=618"}],"curies":[{"name":"wp","href":"https:\/\/api.w.org\/{rel}","templated":true}]}}