{"id":941,"date":"2021-06-15T11:38:10","date_gmt":"2021-06-15T11:38:10","guid":{"rendered":"http:\/\/www.nunner.com\/?page_id=941"},"modified":"2021-07-30T11:01:18","modified_gmt":"2021-07-30T11:01:18","slug":"remplissage-de-conteneur-2","status":"publish","type":"page","link":"https:\/\/www.nunner.com\/fr\/ocean\/container-stuffing-2\/","title":{"rendered":"Rembourrage des conteneurs"},"content":{"rendered":"<div data-elementor-type=\"wp-page\" data-elementor-id=\"941\" class=\"elementor elementor-941\" wpc-filter-elementor-widget=\"1\" data-elementor-post-type=\"page\">\n\t\t\t\t\t\t<section class=\"elementor-section elementor-top-section elementor-element elementor-element-3322a4c elementor-section-height-min-height elementor-section-boxed elementor-section-height-default elementor-section-items-middle\" data-id=\"3322a4c\" data-element_type=\"section\" data-e-type=\"section\" data-settings=\"{&quot;background_background&quot;:&quot;classic&quot;}\">\n\t\t\t\t\t\t<div class=\"elementor-container elementor-column-gap-default\">\n\t\t\t\t\t<div class=\"elementor-column elementor-col-100 elementor-top-column elementor-element elementor-element-1dc4034\" data-id=\"1dc4034\" data-element_type=\"column\" data-e-type=\"column\">\n\t\t\t<div class=\"elementor-widget-wrap\">\n\t\t\t\t\t\t\t<\/div>\n\t\t<\/div>\n\t\t\t\t\t<\/div>\n\t\t<\/section>\n\t\t\t\t<section class=\"elementor-section elementor-top-section elementor-element elementor-element-cb43a76 elementor-section-boxed elementor-section-height-default elementor-section-height-default\" data-id=\"cb43a76\" data-element_type=\"section\" data-e-type=\"section\">\n\t\t\t\t\t\t<div class=\"elementor-container elementor-column-gap-default\">\n\t\t\t\t\t<div class=\"elementor-column elementor-col-100 elementor-top-column elementor-element elementor-element-a6d73a2\" data-id=\"a6d73a2\" data-element_type=\"column\" data-e-type=\"column\">\n\t\t\t<div class=\"elementor-widget-wrap elementor-element-populated\">\n\t\t\t\t\t\t<div class=\"elementor-element elementor-element-5841106 elementor-align-center elementor-widget elementor-widget-breadcrumbs\" data-id=\"5841106\" data-element_type=\"widget\" data-e-type=\"widget\" data-widget_type=\"breadcrumbs.default\">\n\t\t\t\t<div class=\"elementor-widget-container\">\n\t\t\t\t\t<p id=\"breadcrumbs\"><span><span><a href=\"https:\/\/www.nunner.com\/fr\/\">Accueil<\/a><\/span><\/span><\/p>\t\t\t\t<\/div>\n\t\t\t\t<\/div>\n\t\t\t\t\t<\/div>\n\t\t<\/div>\n\t\t\t\t\t<\/div>\n\t\t<\/section>\n\t\t\t\t<section class=\"elementor-section elementor-top-section elementor-element elementor-element-447f2117 elementor-section-boxed elementor-section-height-default elementor-section-height-default\" data-id=\"447f2117\" data-element_type=\"section\" data-e-type=\"section\" data-settings=\"{&quot;background_background&quot;:&quot;classic&quot;}\">\n\t\t\t\t\t\t<div class=\"elementor-container elementor-column-gap-default\">\n\t\t\t\t\t<div class=\"elementor-column elementor-col-100 elementor-top-column elementor-element elementor-element-7a2fcfaa\" data-id=\"7a2fcfaa\" data-element_type=\"column\" data-e-type=\"column\">\n\t\t\t<div class=\"elementor-widget-wrap elementor-element-populated\">\n\t\t\t\t\t\t<div class=\"elementor-element elementor-element-672f11c8 elementor-widget elementor-widget-image\" data-id=\"672f11c8\" data-element_type=\"widget\" data-e-type=\"widget\" data-widget_type=\"image.default\">\n\t\t\t\t<div class=\"elementor-widget-container\">\n\t\t\t\t\t\t\t\t\t\t\t\t\t\t\t<img fetchpriority=\"high\" decoding=\"async\" width=\"800\" height=\"296\" src=\"https:\/\/www.nunner.com\/wp-content\/uploads\/2021\/07\/shutterstock_262878239-bewerkt-600x222-2-1024x379.jpg\" class=\"attachment-large size-large wp-image-5864\" alt=\"\" srcset=\"https:\/\/www.nunner.com\/wp-content\/uploads\/2021\/07\/shutterstock_262878239-bewerkt-600x222-2-1024x379.jpg 1024w, https:\/\/www.nunner.com\/wp-content\/uploads\/2021\/07\/shutterstock_262878239-bewerkt-600x222-2-300x111.jpg 300w, https:\/\/www.nunner.com\/wp-content\/uploads\/2021\/07\/shutterstock_262878239-bewerkt-600x222-2-768x284.jpg 768w, https:\/\/www.nunner.com\/wp-content\/uploads\/2021\/07\/shutterstock_262878239-bewerkt-600x222-2-16x6.jpg 16w, https:\/\/www.nunner.com\/wp-content\/uploads\/2021\/07\/shutterstock_262878239-bewerkt-600x222-2.jpg 1200w\" sizes=\"(max-width: 800px) 100vw, 800px\" \/>\t\t\t\t\t\t\t\t\t\t\t\t\t\t\t<\/div>\n\t\t\t\t<\/div>\n\t\t\t\t\t<\/div>\n\t\t<\/div>\n\t\t\t\t\t<\/div>\n\t\t<\/section>\n\t\t\t\t<section class=\"elementor-section elementor-top-section elementor-element elementor-element-01511e0 elementor-section-boxed elementor-section-height-default elementor-section-height-default\" data-id=\"01511e0\" data-element_type=\"section\" data-e-type=\"section\" data-settings=\"{&quot;background_background&quot;:&quot;classic&quot;}\">\n\t\t\t\t\t\t<div class=\"elementor-container elementor-column-gap-default\">\n\t\t\t\t\t<div class=\"elementor-column elementor-col-100 elementor-top-column elementor-element elementor-element-e7a7349\" data-id=\"e7a7349\" data-element_type=\"column\" data-e-type=\"column\">\n\t\t\t<div class=\"elementor-widget-wrap elementor-element-populated\">\n\t\t\t\t\t\t<div class=\"elementor-element elementor-element-5adda37 elementor-widget elementor-widget-heading\" data-id=\"5adda37\" data-element_type=\"widget\" data-e-type=\"widget\" data-widget_type=\"heading.default\">\n\t\t\t\t<div class=\"elementor-widget-container\">\n\t\t\t\t\t<h2 class=\"elementor-heading-title elementor-size-default\">Remplissage des conteneurs<\/h2>\t\t\t\t<\/div>\n\t\t\t\t<\/div>\n\t\t\t\t<div class=\"elementor-element elementor-element-f1f37c9 elementor-widget elementor-widget-text-editor\" data-id=\"f1f37c9\" data-element_type=\"widget\" data-e-type=\"widget\" data-widget_type=\"text-editor.default\">\n\t\t\t\t<div class=\"elementor-widget-container\">\n\t\t\t\t\t\t\t\t\t<p>Pour \u00e9viter des probl\u00e8mes tels que le d\u00e9bordement de la cargaison ou le gaspillage d'espace, il est essentiel que les exp\u00e9diteurs aient un plan d'empotage avant le chargement de la cargaison dans le conteneur. Si vous ne vous sentez pas \u00e0 l'aise pour charger vous-m\u00eame la cargaison, Nunner peut l'enlever par camion partout dans le monde, la transborder dans un conteneur et l'empoter conform\u00e9ment aux r\u00e9glementations en mati\u00e8re de s\u00e9curit\u00e9 et d'assurance. Nunner vous fournit ci-dessous quelques informations de base qui peuvent vous aider dans vos calculs et votre planification.<\/p><p><strong>Mesure<br \/><\/strong>En g\u00e9n\u00e9ral, un conteneur de 20\u2032 peut contenir jusqu'\u00e0 28-30 cbm ou 980-1 060 pieds cubes, tandis qu'un 40\u2032 peut contenir environ 56-60 cbm ou 1 980-2 110 pieds cubes. La Capacit\u00e9 interne de chargement r\u00e9elle d'un conteneur d\u00e9pend non seulement des dimensions des bo\u00eetes en carton, mais aussi de nombreux autres facteurs tels que le mat\u00e9riau d'emballage et la comp\u00e9tence et l'exp\u00e9rience du personnel d'empotage.<\/p><p><strong>Poids<br \/><\/strong>Outre les dimensions de la cargaison, le plan d'empotage doit \u00e9galement prendre en compte le poids. Il est important de noter que dans de nombreux pays, les limites de poids autoris\u00e9es pour le transport routier et ferroviaire sont inf\u00e9rieures \u00e0 la charge utile maximale que peut supporter un conteneur.<\/p><p><strong>Utilisation de palettes<br \/><\/strong>La palettisation est largement appliqu\u00e9e dans certains pays pour accro\u00eetre l'efficacit\u00e9 de la manutention des marchandises. Lorsque des palettes sont utilis\u00e9es, il est important d'observer que :<\/p><ul><li>Il existe deux grands types de palettes, les \"europalettes\" et les palettes standard. La taille des \" europalettes \" est de 800 mm x 1 200 mm par pi\u00e8ce tandis que la taille des palettes standard est de 1 000 mm x 1 200 mm par pi\u00e8ce. Un conteneur de 20\u2032 peut contenir onze \"Europallets\" sur un niveau ou neuf \u00e0 dix palettes standard sur un niveau, tandis qu'un conteneur de 40\u2032 peut contenir 23-24 \"Europallets\" sur un niveau ou 20-21 palettes standard sur un niveau.<\/li><li>Les palettes en bois doivent \u00eatre suffisamment solides pour permettre le stockage de trois \u00e9tages lorsqu'elles sont charg\u00e9es.<\/li><li>Les cartons ne doivent pas d\u00e9passer les bords des palettes. Par contre, les cartons qui utilisent moins de 90% de la surface de la palette et qui ne sont pas align\u00e9s avec le bord de la palette peuvent se d\u00e9placer en transit.<\/li><\/ul><p><br \/>Dans de nombreux cas, les palettes sont remplac\u00e9es par des feuilles d'embarquement pour gagner de l'espace. Certains exp\u00e9diteurs n'utilisent ni palettes ni feuilles d'embarquement afin de faire entrer davantage de marchandises dans le conteneur.<\/p>\t\t\t\t\t\t\t\t<\/div>\n\t\t\t\t<\/div>\n\t\t\t\t\t<\/div>\n\t\t<\/div>\n\t\t\t\t\t<\/div>\n\t\t<\/section>\n\t\t\t\t<\/div>","protected":false},"excerpt":{"rendered":"<p>Container stuffing To avoid problems such as cargo overflow or wastage of space, it is essential for shippers to have a stuffing plan before cargo is loaded into the container. If you feel uncomfortable to load yourself Nunner can pick up the cargo by truck wherever in the world and tranship it in a container [&hellip;]<\/p>\n","protected":false},"author":1,"featured_media":0,"parent":320,"menu_order":3,"comment_status":"closed","ping_status":"closed","template":"elementor_header_footer","meta":{"footnotes":""},"class_list":["post-941","page","type-page","status-publish","hentry"],"yoast_head":"<!-- This site is optimized with the Yoast SEO plugin v27.3 - https:\/\/yoast.com\/product\/yoast-seo-wordpress\/ -->\n<title>Container Stuffing - Nunner Logistics<\/title>\n<meta name=\"robots\" content=\"index, follow, max-snippet:-1, max-image-preview:large, max-video-preview:-1\" \/>\n<link rel=\"canonical\" href=\"https:\/\/www.nunner.com\/fr\/ocean\/remplissage-de-conteneur-2\/\" \/>\n<meta property=\"og:locale\" content=\"fr_FR\" \/>\n<meta property=\"og:type\" content=\"article\" \/>\n<meta property=\"og:title\" content=\"Container Stuffing - Nunner Logistics\" \/>\n<meta property=\"og:description\" content=\"Container stuffing To avoid problems such as cargo overflow or wastage of space, it is essential for shippers to have a stuffing plan before cargo is loaded into the container. If you feel uncomfortable to load yourself Nunner can pick up the cargo by truck wherever in the world and tranship it in a container [&hellip;]\" \/>\n<meta property=\"og:url\" content=\"https:\/\/www.nunner.com\/fr\/ocean\/remplissage-de-conteneur-2\/\" \/>\n<meta property=\"og:site_name\" content=\"Nunner Logistics\" \/>\n<meta property=\"article:publisher\" content=\"https:\/\/www.facebook.com\/Nunner-Logistics-1478544265712063\/\" \/>\n<meta property=\"article:modified_time\" content=\"2021-07-30T11:01:18+00:00\" \/>\n<meta property=\"og:image\" content=\"http:\/\/www.nunner.com\/wp-content\/uploads\/2021\/07\/shutterstock_262878239-bewerkt-600x222-2-1024x379.jpg\" \/>\n<meta name=\"twitter:card\" content=\"summary_large_image\" \/>\n<meta name=\"twitter:label1\" content=\"Dur\u00e9e de lecture estim\u00e9e\" \/>\n\t<meta name=\"twitter:data1\" content=\"2 minutes\" \/>\n<script type=\"application\/ld+json\" class=\"yoast-schema-graph\">{\"@context\":\"https:\\\/\\\/schema.org\",\"@graph\":[{\"@type\":\"WebPage\",\"@id\":\"https:\\\/\\\/www.nunner.com\\\/es\\\/oceano\\\/contenedor-relleno-2\\\/\",\"url\":\"https:\\\/\\\/www.nunner.com\\\/es\\\/oceano\\\/contenedor-relleno-2\\\/\",\"name\":\"Container Stuffing - Nunner Logistics\",\"isPartOf\":{\"@id\":\"https:\\\/\\\/www.nunner.com\\\/pt\\\/#website\"},\"primaryImageOfPage\":{\"@id\":\"https:\\\/\\\/www.nunner.com\\\/es\\\/oceano\\\/contenedor-relleno-2\\\/#primaryimage\"},\"image\":{\"@id\":\"https:\\\/\\\/www.nunner.com\\\/es\\\/oceano\\\/contenedor-relleno-2\\\/#primaryimage\"},\"thumbnailUrl\":\"http:\\\/\\\/www.nunner.com\\\/wp-content\\\/uploads\\\/2021\\\/07\\\/shutterstock_262878239-bewerkt-600x222-2-1024x379.jpg\",\"datePublished\":\"2021-06-15T11:38:10+00:00\",\"dateModified\":\"2021-07-30T11:01:18+00:00\",\"breadcrumb\":{\"@id\":\"https:\\\/\\\/www.nunner.com\\\/es\\\/oceano\\\/contenedor-relleno-2\\\/#breadcrumb\"},\"inLanguage\":\"fr-FR\",\"potentialAction\":[{\"@type\":\"ReadAction\",\"target\":[\"https:\\\/\\\/www.nunner.com\\\/es\\\/oceano\\\/contenedor-relleno-2\\\/\"]}]},{\"@type\":\"ImageObject\",\"inLanguage\":\"fr-FR\",\"@id\":\"https:\\\/\\\/www.nunner.com\\\/es\\\/oceano\\\/contenedor-relleno-2\\\/#primaryimage\",\"url\":\"http:\\\/\\\/www.nunner.com\\\/wp-content\\\/uploads\\\/2021\\\/07\\\/shutterstock_262878239-bewerkt-600x222-2-1024x379.jpg\",\"contentUrl\":\"http:\\\/\\\/www.nunner.com\\\/wp-content\\\/uploads\\\/2021\\\/07\\\/shutterstock_262878239-bewerkt-600x222-2-1024x379.jpg\"},{\"@type\":\"BreadcrumbList\",\"@id\":\"https:\\\/\\\/www.nunner.com\\\/es\\\/oceano\\\/contenedor-relleno-2\\\/#breadcrumb\",\"itemListElement\":[{\"@type\":\"ListItem\",\"position\":1,\"name\":\"Home\",\"item\":\"https:\\\/\\\/www.nunner.com\\\/\"},{\"@type\":\"ListItem\",\"position\":2,\"name\":\"Ocean\",\"item\":\"https:\\\/\\\/www.nunner.com\\\/ocean\\\/\"},{\"@type\":\"ListItem\",\"position\":3,\"name\":\"Container Stuffing\"}]},{\"@type\":\"WebSite\",\"@id\":\"https:\\\/\\\/www.nunner.com\\\/pt\\\/#website\",\"url\":\"https:\\\/\\\/www.nunner.com\\\/pt\\\/\",\"name\":\"Nunner Logistics\",\"description\":\"Nobody goes further\",\"publisher\":{\"@id\":\"https:\\\/\\\/www.nunner.com\\\/pt\\\/#organization\"},\"potentialAction\":[{\"@type\":\"SearchAction\",\"target\":{\"@type\":\"EntryPoint\",\"urlTemplate\":\"https:\\\/\\\/www.nunner.com\\\/pt\\\/?s={search_term_string}\"},\"query-input\":{\"@type\":\"PropertyValueSpecification\",\"valueRequired\":true,\"valueName\":\"search_term_string\"}}],\"inLanguage\":\"fr-FR\"},{\"@type\":\"Organization\",\"@id\":\"https:\\\/\\\/www.nunner.com\\\/pt\\\/#organization\",\"name\":\"Nunner\",\"url\":\"https:\\\/\\\/www.nunner.com\\\/pt\\\/\",\"logo\":{\"@type\":\"ImageObject\",\"inLanguage\":\"fr-FR\",\"@id\":\"https:\\\/\\\/www.nunner.com\\\/pt\\\/#\\\/schema\\\/logo\\\/image\\\/\",\"url\":\"http:\\\/\\\/www.nunner.com\\\/wp-content\\\/uploads\\\/2021\\\/06\\\/Nunner-logo-fc.png\",\"contentUrl\":\"http:\\\/\\\/www.nunner.com\\\/wp-content\\\/uploads\\\/2021\\\/06\\\/Nunner-logo-fc.png\",\"width\":570,\"height\":627,\"caption\":\"Nunner\"},\"image\":{\"@id\":\"https:\\\/\\\/www.nunner.com\\\/pt\\\/#\\\/schema\\\/logo\\\/image\\\/\"},\"sameAs\":[\"https:\\\/\\\/www.facebook.com\\\/Nunner-Logistics-1478544265712063\\\/\",\"https:\\\/\\\/www.linkedin.com\\\/company\\\/5214685\\\/\",\"https:\\\/\\\/plus.google.com\\\/u\\\/0\\\/105282352768544693550\"]}]}<\/script>\n<!-- \/ Yoast SEO plugin. -->","yoast_head_json":{"title":"Remplissage de conteneurs - Nunner Logistics","robots":{"index":"index","follow":"follow","max-snippet":"max-snippet:-1","max-image-preview":"max-image-preview:large","max-video-preview":"max-video-preview:-1"},"canonical":"https:\/\/www.nunner.com\/fr\/ocean\/remplissage-de-conteneur-2\/","og_locale":"fr_FR","og_type":"article","og_title":"Container Stuffing - Nunner Logistics","og_description":"Container stuffing To avoid problems such as cargo overflow or wastage of space, it is essential for shippers to have a stuffing plan before cargo is loaded into the container. If you feel uncomfortable to load yourself Nunner can pick up the cargo by truck wherever in the world and tranship it in a container [&hellip;]","og_url":"https:\/\/www.nunner.com\/fr\/ocean\/remplissage-de-conteneur-2\/","og_site_name":"Nunner Logistics","article_publisher":"https:\/\/www.facebook.com\/Nunner-Logistics-1478544265712063\/","article_modified_time":"2021-07-30T11:01:18+00:00","og_image":[{"url":"http:\/\/www.nunner.com\/wp-content\/uploads\/2021\/07\/shutterstock_262878239-bewerkt-600x222-2-1024x379.jpg","type":"","width":"","height":""}],"twitter_card":"summary_large_image","twitter_misc":{"Dur\u00e9e de lecture estim\u00e9e":"2 minutes"},"schema":{"@context":"https:\/\/schema.org","@graph":[{"@type":"WebPage","@id":"https:\/\/www.nunner.com\/es\/oceano\/contenedor-relleno-2\/","url":"https:\/\/www.nunner.com\/es\/oceano\/contenedor-relleno-2\/","name":"Remplissage de conteneurs - Nunner Logistics","isPartOf":{"@id":"https:\/\/www.nunner.com\/pt\/#website"},"primaryImageOfPage":{"@id":"https:\/\/www.nunner.com\/es\/oceano\/contenedor-relleno-2\/#primaryimage"},"image":{"@id":"https:\/\/www.nunner.com\/es\/oceano\/contenedor-relleno-2\/#primaryimage"},"thumbnailUrl":"http:\/\/www.nunner.com\/wp-content\/uploads\/2021\/07\/shutterstock_262878239-bewerkt-600x222-2-1024x379.jpg","datePublished":"2021-06-15T11:38:10+00:00","dateModified":"2021-07-30T11:01:18+00:00","breadcrumb":{"@id":"https:\/\/www.nunner.com\/es\/oceano\/contenedor-relleno-2\/#breadcrumb"},"inLanguage":"fr-FR","potentialAction":[{"@type":"ReadAction","target":["https:\/\/www.nunner.com\/es\/oceano\/contenedor-relleno-2\/"]}]},{"@type":"ImageObject","inLanguage":"fr-FR","@id":"https:\/\/www.nunner.com\/es\/oceano\/contenedor-relleno-2\/#primaryimage","url":"http:\/\/www.nunner.com\/wp-content\/uploads\/2021\/07\/shutterstock_262878239-bewerkt-600x222-2-1024x379.jpg","contentUrl":"http:\/\/www.nunner.com\/wp-content\/uploads\/2021\/07\/shutterstock_262878239-bewerkt-600x222-2-1024x379.jpg"},{"@type":"BreadcrumbList","@id":"https:\/\/www.nunner.com\/es\/oceano\/contenedor-relleno-2\/#breadcrumb","itemListElement":[{"@type":"ListItem","position":1,"name":"Home","item":"https:\/\/www.nunner.com\/"},{"@type":"ListItem","position":2,"name":"Ocean","item":"https:\/\/www.nunner.com\/ocean\/"},{"@type":"ListItem","position":3,"name":"Container Stuffing"}]},{"@type":"WebSite","@id":"https:\/\/www.nunner.com\/pt\/#website","url":"https:\/\/www.nunner.com\/pt\/","name":"Nunner Logistics","description":"Nobody goes further","publisher":{"@id":"https:\/\/www.nunner.com\/pt\/#organization"},"potentialAction":[{"@type":"SearchAction","target":{"@type":"EntryPoint","urlTemplate":"https:\/\/www.nunner.com\/pt\/?s={search_term_string}"},"query-input":{"@type":"PropertyValueSpecification","valueRequired":true,"valueName":"search_term_string"}}],"inLanguage":"fr-FR"},{"@type":"Organization","@id":"https:\/\/www.nunner.com\/pt\/#organization","name":"Nunner","url":"https:\/\/www.nunner.com\/pt\/","logo":{"@type":"ImageObject","inLanguage":"fr-FR","@id":"https:\/\/www.nunner.com\/pt\/#\/schema\/logo\/image\/","url":"http:\/\/www.nunner.com\/wp-content\/uploads\/2021\/06\/Nunner-logo-fc.png","contentUrl":"http:\/\/www.nunner.com\/wp-content\/uploads\/2021\/06\/Nunner-logo-fc.png","width":570,"height":627,"caption":"Nunner"},"image":{"@id":"https:\/\/www.nunner.com\/pt\/#\/schema\/logo\/image\/"},"sameAs":["https:\/\/www.facebook.com\/Nunner-Logistics-1478544265712063\/","https:\/\/www.linkedin.com\/company\/5214685\/","https:\/\/plus.google.com\/u\/0\/105282352768544693550"]}]}},"_links":{"self":[{"href":"https:\/\/www.nunner.com\/fr\/wp-json\/wp\/v2\/pages\/941","targetHints":{"allow":["GET"]}}],"collection":[{"href":"https:\/\/www.nunner.com\/fr\/wp-json\/wp\/v2\/pages"}],"about":[{"href":"https:\/\/www.nunner.com\/fr\/wp-json\/wp\/v2\/types\/page"}],"author":[{"embeddable":true,"href":"https:\/\/www.nunner.com\/fr\/wp-json\/wp\/v2\/users\/1"}],"replies":[{"embeddable":true,"href":"https:\/\/www.nunner.com\/fr\/wp-json\/wp\/v2\/comments?post=941"}],"version-history":[{"count":12,"href":"https:\/\/www.nunner.com\/fr\/wp-json\/wp\/v2\/pages\/941\/revisions"}],"predecessor-version":[{"id":5867,"href":"https:\/\/www.nunner.com\/fr\/wp-json\/wp\/v2\/pages\/941\/revisions\/5867"}],"up":[{"embeddable":true,"href":"https:\/\/www.nunner.com\/fr\/wp-json\/wp\/v2\/pages\/320"}],"wp:attachment":[{"href":"https:\/\/www.nunner.com\/fr\/wp-json\/wp\/v2\/media?parent=941"}],"curies":[{"name":"wp","href":"https:\/\/api.w.org\/{rel}","templated":true}]}}