{"id":6239,"date":"2022-04-01T14:08:26","date_gmt":"2022-04-01T14:08:26","guid":{"rendered":"https:\/\/www.nunner.com\/?page_id=6239"},"modified":"2022-04-01T14:14:13","modified_gmt":"2022-04-01T14:14:13","slug":"carrera-2","status":"publish","type":"page","link":"https:\/\/www.nunner.com\/es\/teams\/warehouse\/","title":{"rendered":"Almac\u00e9n"},"content":{"rendered":"<div data-elementor-type=\"wp-page\" data-elementor-id=\"6239\" class=\"elementor elementor-6239\" wpc-filter-elementor-widget=\"1\" data-elementor-post-type=\"page\">\n\t\t\t\t\t\t<section class=\"elementor-section elementor-top-section elementor-element elementor-element-3322a4c elementor-section-height-min-height elementor-section-boxed elementor-section-height-default elementor-section-items-middle\" data-id=\"3322a4c\" data-element_type=\"section\" data-e-type=\"section\" data-settings=\"{&quot;background_background&quot;:&quot;classic&quot;}\">\n\t\t\t\t\t\t\t<div class=\"elementor-background-overlay\"><\/div>\n\t\t\t\t\t\t\t<div class=\"elementor-container elementor-column-gap-default\">\n\t\t\t\t\t<div class=\"elementor-column elementor-col-100 elementor-top-column elementor-element elementor-element-1dc4034\" data-id=\"1dc4034\" data-element_type=\"column\" data-e-type=\"column\">\n\t\t\t<div class=\"elementor-widget-wrap elementor-element-populated\">\n\t\t\t\t\t\t<div class=\"elementor-element elementor-element-bd32531 elementor-widget elementor-widget-heading\" data-id=\"bd32531\" data-element_type=\"widget\" data-e-type=\"widget\" data-widget_type=\"heading.default\">\n\t\t\t\t<div class=\"elementor-widget-container\">\n\t\t\t\t\t<h1 class=\"elementor-heading-title elementor-size-default\">Almac\u00e9n<\/h1>\t\t\t\t<\/div>\n\t\t\t\t<\/div>\n\t\t\t\t\t<\/div>\n\t\t<\/div>\n\t\t\t\t\t<\/div>\n\t\t<\/section>\n\t\t\t\t<section class=\"elementor-section elementor-top-section elementor-element elementor-element-cc79483 elementor-section-boxed elementor-section-height-default elementor-section-height-default\" data-id=\"cc79483\" data-element_type=\"section\" data-e-type=\"section\">\n\t\t\t\t\t\t<div class=\"elementor-container elementor-column-gap-default\">\n\t\t\t\t\t<div class=\"elementor-column elementor-col-100 elementor-top-column elementor-element elementor-element-2e0309b\" data-id=\"2e0309b\" data-element_type=\"column\" data-e-type=\"column\">\n\t\t\t<div class=\"elementor-widget-wrap elementor-element-populated\">\n\t\t\t\t\t\t<div class=\"elementor-element elementor-element-395225f elementor-nav-menu__align-center elementor-nav-menu--dropdown-tablet elementor-nav-menu__text-align-aside elementor-nav-menu--toggle elementor-nav-menu--burger elementor-widget elementor-widget-nav-menu\" data-id=\"395225f\" data-element_type=\"widget\" data-e-type=\"widget\" data-settings=\"{&quot;layout&quot;:&quot;horizontal&quot;,&quot;submenu_icon&quot;:{&quot;value&quot;:&quot;&lt;i class=\\&quot;fas fa-caret-down\\&quot; aria-hidden=\\&quot;true\\&quot;&gt;&lt;\\\/i&gt;&quot;,&quot;library&quot;:&quot;fa-solid&quot;},&quot;toggle&quot;:&quot;burger&quot;}\" data-widget_type=\"nav-menu.default\">\n\t\t\t\t<div class=\"elementor-widget-container\">\n\t\t\t\t\t\t\t\t<nav aria-label=\"Men\u00fa\" class=\"elementor-nav-menu--main elementor-nav-menu__container elementor-nav-menu--layout-horizontal e--pointer-underline e--animation-fade\">\n\t\t\t\t<ul id=\"menu-1-395225f\" class=\"elementor-nav-menu\"><li class=\"menu-item menu-item-type-post_type menu-item-object-page menu-item-6629\"><a href=\"https:\/\/www.nunner.com\/es\/working-at-nunner\/\" class=\"elementor-item\">Working at Nunner<\/a><\/li>\n<li class=\"menu-item menu-item-type-post_type_archive menu-item-object-vacatures menu-item-6601\"><a href=\"https:\/\/www.nunner.com\/es\/vacatures\/\" class=\"elementor-item\">Resumen del trabajo<\/a><\/li>\n<li class=\"menu-item menu-item-type-post_type menu-item-object-page menu-item-6624\"><a href=\"https:\/\/www.nunner.com\/es\/our-company\/\" class=\"elementor-item\">Nuestra empresa<\/a><\/li>\n<li class=\"menu-item menu-item-type-post_type menu-item-object-page menu-item-6626\"><a href=\"https:\/\/www.nunner.com\/es\/teams\/\" class=\"elementor-item\">Equipos<\/a><\/li>\n<li class=\"menu-item menu-item-type-post_type menu-item-object-page menu-item-6642\"><a href=\"https:\/\/www.nunner.com\/es\/academy\/\" class=\"elementor-item\">Academia<\/a><\/li>\n<li class=\"menu-item menu-item-type-post_type menu-item-object-page menu-item-6641\"><a href=\"https:\/\/www.nunner.com\/es\/internships\/\" class=\"elementor-item\">Pr\u00e1cticas<\/a><\/li>\n<\/ul>\t\t\t<\/nav>\n\t\t\t\t\t<div class=\"elementor-menu-toggle\" role=\"button\" tabindex=\"0\" aria-label=\"Alternar men\u00fa\" aria-expanded=\"false\">\n\t\t\t<i aria-hidden=\"true\" role=\"presentation\" class=\"elementor-menu-toggle__icon--open eicon-menu-bar\"><\/i><i aria-hidden=\"true\" role=\"presentation\" class=\"elementor-menu-toggle__icon--close eicon-close\"><\/i>\t\t<\/div>\n\t\t\t\t\t<nav class=\"elementor-nav-menu--dropdown elementor-nav-menu__container\" aria-hidden=\"true\">\n\t\t\t\t<ul id=\"menu-2-395225f\" class=\"elementor-nav-menu\"><li class=\"menu-item menu-item-type-post_type menu-item-object-page menu-item-6629\"><a href=\"https:\/\/www.nunner.com\/es\/working-at-nunner\/\" class=\"elementor-item\" tabindex=\"-1\">Working at Nunner<\/a><\/li>\n<li class=\"menu-item menu-item-type-post_type_archive menu-item-object-vacatures menu-item-6601\"><a href=\"https:\/\/www.nunner.com\/es\/vacatures\/\" class=\"elementor-item\" tabindex=\"-1\">Resumen del trabajo<\/a><\/li>\n<li class=\"menu-item menu-item-type-post_type menu-item-object-page menu-item-6624\"><a href=\"https:\/\/www.nunner.com\/es\/our-company\/\" class=\"elementor-item\" tabindex=\"-1\">Nuestra empresa<\/a><\/li>\n<li class=\"menu-item menu-item-type-post_type menu-item-object-page menu-item-6626\"><a href=\"https:\/\/www.nunner.com\/es\/teams\/\" class=\"elementor-item\" tabindex=\"-1\">Equipos<\/a><\/li>\n<li class=\"menu-item menu-item-type-post_type menu-item-object-page menu-item-6642\"><a href=\"https:\/\/www.nunner.com\/es\/academy\/\" class=\"elementor-item\" tabindex=\"-1\">Academia<\/a><\/li>\n<li class=\"menu-item menu-item-type-post_type menu-item-object-page menu-item-6641\"><a href=\"https:\/\/www.nunner.com\/es\/internships\/\" class=\"elementor-item\" tabindex=\"-1\">Pr\u00e1cticas<\/a><\/li>\n<\/ul>\t\t\t<\/nav>\n\t\t\t\t\t\t<\/div>\n\t\t\t\t<\/div>\n\t\t\t\t\t<\/div>\n\t\t<\/div>\n\t\t\t\t\t<\/div>\n\t\t<\/section>\n\t\t\t\t<section class=\"elementor-section elementor-top-section elementor-element elementor-element-bed9117 elementor-section-boxed elementor-section-height-default elementor-section-height-default\" data-id=\"bed9117\" data-element_type=\"section\" data-e-type=\"section\" data-settings=\"{&quot;background_background&quot;:&quot;classic&quot;}\">\n\t\t\t\t\t\t<div class=\"elementor-container elementor-column-gap-default\">\n\t\t\t\t\t<div class=\"elementor-column elementor-col-100 elementor-top-column elementor-element elementor-element-a4a56ee\" data-id=\"a4a56ee\" data-element_type=\"column\" data-e-type=\"column\">\n\t\t\t<div class=\"elementor-widget-wrap elementor-element-populated\">\n\t\t\t\t\t\t<div class=\"elementor-element elementor-element-ae507e8 elementor-widget elementor-widget-heading\" data-id=\"ae507e8\" data-element_type=\"widget\" data-e-type=\"widget\" data-widget_type=\"heading.default\">\n\t\t\t\t<div class=\"elementor-widget-container\">\n\t\t\t\t\t<h2 class=\"elementor-heading-title elementor-size-default\">Efficiently, accurately and timely<\/h2>\t\t\t\t<\/div>\n\t\t\t\t<\/div>\n\t\t\t\t<div class=\"elementor-element elementor-element-4bf2ed1 elementor-widget elementor-widget-text-editor\" data-id=\"4bf2ed1\" data-element_type=\"widget\" data-e-type=\"widget\" data-widget_type=\"text-editor.default\">\n\t\t\t\t<div class=\"elementor-widget-container\">\n\t\t\t\t\t\t\t\t\t<p>Cada d\u00eda, nuestro equipo de almac\u00e9n practica las normas de seguridad m\u00e1s estrictas mientras trabaja con eficiencia, precisi\u00f3n y puntualidad para satisfacer las necesidades de nuestros clientes de log\u00edstica en una gran variedad de industrias, desde electrodom\u00e9sticos hasta materiales de embalaje, suministros de automoci\u00f3n y otros bienes de consumo.<\/p><p>Nuestros empleados de almac\u00e9n trabajan en un entorno de ritmo r\u00e1pido en una variedad de funciones 5S, incluyendo la preparaci\u00f3n de pedidos, carretillas elevadoras, embalaje, inventario y env\u00edo y recepci\u00f3n. Son vitales para ayudarnos a optimizar los sistemas de almacenamiento y distribuci\u00f3n de nuestros clientes, ahorr\u00e1ndoles tiempo y dinero.<\/p><p>Valoramos a los empleados dedicados y fiables que pueden trabajar de forma independiente o en equipo. Nuestros trabajadores de almac\u00e9n reciben formaci\u00f3n para seguir mejorando sus habilidades.<\/p><p>\u00bfQuieres trabajar en un almac\u00e9n de \u00faltima generaci\u00f3n para ayudar a optimizar el flujo de inventario de los clientes? Considere la posibilidad de unirse a uno de nuestros equipos de almac\u00e9n..<\/p><p>Los puestos de trabajo incluyen: Trabajador de almac\u00e9n, Operador de carretilla elevadora, Supervisor de almac\u00e9n.<\/p>\t\t\t\t\t\t\t\t<\/div>\n\t\t\t\t<\/div>\n\t\t\t\t<div class=\"elementor-element elementor-element-f7e7c45 elementor-widget elementor-widget-heading\" data-id=\"f7e7c45\" data-element_type=\"widget\" data-e-type=\"widget\" data-widget_type=\"heading.default\">\n\t\t\t\t<div class=\"elementor-widget-container\">\n\t\t\t\t\t<h3 class=\"elementor-heading-title elementor-size-default\">Meet the team<\/h3>\t\t\t\t<\/div>\n\t\t\t\t<\/div>\n\t\t\t\t<div class=\"elementor-element elementor-element-60996f1 elementor-widget elementor-widget-text-editor\" data-id=\"60996f1\" data-element_type=\"widget\" data-e-type=\"widget\" data-widget_type=\"text-editor.default\">\n\t\t\t\t<div class=\"elementor-widget-container\">\n\t\t\t\t\t\t\t\t\t<p>Discover the exceptional stories behind the brilliant minds.<\/p>\t\t\t\t\t\t\t\t<\/div>\n\t\t\t\t<\/div>\n\t\t\t\t\t<\/div>\n\t\t<\/div>\n\t\t\t\t\t<\/div>\n\t\t<\/section>\n\t\t\t\t<section class=\"elementor-section elementor-top-section elementor-element elementor-element-94488cc elementor-section-boxed elementor-section-height-default elementor-section-height-default\" data-id=\"94488cc\" data-element_type=\"section\" data-e-type=\"section\" data-settings=\"{&quot;background_background&quot;:&quot;classic&quot;}\">\n\t\t\t\t\t\t<div class=\"elementor-container elementor-column-gap-default\">\n\t\t\t\t\t<div class=\"elementor-column elementor-col-100 elementor-top-column elementor-element elementor-element-8e1a9cb\" data-id=\"8e1a9cb\" data-element_type=\"column\" data-e-type=\"column\" data-settings=\"{&quot;background_background&quot;:&quot;classic&quot;}\">\n\t\t\t<div class=\"elementor-widget-wrap elementor-element-populated\">\n\t\t\t\t\t<div class=\"elementor-background-overlay\"><\/div>\n\t\t\t\t\t\t<div class=\"elementor-element elementor-element-c0cb43a elementor-view-default elementor-widget elementor-widget-icon\" data-id=\"c0cb43a\" data-element_type=\"widget\" data-e-type=\"widget\" data-widget_type=\"icon.default\">\n\t\t\t\t<div class=\"elementor-widget-container\">\n\t\t\t\t\t\t\t<div class=\"elementor-icon-wrapper\">\n\t\t\t<div class=\"elementor-icon\">\n\t\t\t<i aria-hidden=\"true\" class=\"far fa-play-circle\"><\/i>\t\t\t<\/div>\n\t\t<\/div>\n\t\t\t\t\t\t<\/div>\n\t\t\t\t<\/div>\n\t\t\t\t<div class=\"elementor-element elementor-element-eedd6f0 elementor-widget elementor-widget-heading\" data-id=\"eedd6f0\" data-element_type=\"widget\" data-e-type=\"widget\" data-widget_type=\"heading.default\">\n\t\t\t\t<div class=\"elementor-widget-container\">\n\t\t\t\t\t<h3 class=\"elementor-heading-title elementor-size-default\">Warehouse coordinator - Melanie<\/h3>\t\t\t\t<\/div>\n\t\t\t\t<\/div>\n\t\t\t\t\t<\/div>\n\t\t<\/div>\n\t\t\t\t\t<\/div>\n\t\t<\/section>\n\t\t\t\t<\/div>","protected":false},"excerpt":{"rendered":"<p>Warehouse Efficiently, accurately and timely Every day, our warehouse team practices the highest safety standards while working efficiently, accurately and timely to meet the needs of our logistics customers in a variety of industries \u2013 from consumer appliances to packaging materials, automotive supplies and other consumer goods. Our warehouse employees work in a fast-paced environment [&hellip;]<\/p>\n","protected":false},"author":1,"featured_media":0,"parent":6198,"menu_order":13,"comment_status":"closed","ping_status":"closed","template":"elementor_header_footer","meta":{"footnotes":""},"class_list":["post-6239","page","type-page","status-publish","hentry"],"yoast_head":"<!-- This site is optimized with the Yoast SEO plugin v27.3 - https:\/\/yoast.com\/product\/yoast-seo-wordpress\/ -->\n<title>Warehouse - Nunner Logistics<\/title>\n<meta name=\"robots\" content=\"index, follow, max-snippet:-1, max-image-preview:large, max-video-preview:-1\" \/>\n<link rel=\"canonical\" href=\"https:\/\/www.nunner.com\/es\/carrera-7\/carrera-2\/\" \/>\n<meta property=\"og:locale\" content=\"es_ES\" \/>\n<meta property=\"og:type\" content=\"article\" \/>\n<meta property=\"og:title\" content=\"Warehouse - Nunner Logistics\" \/>\n<meta property=\"og:description\" content=\"Warehouse Efficiently, accurately and timely Every day, our warehouse team practices the highest safety standards while working efficiently, accurately and timely to meet the needs of our logistics customers in a variety of industries \u2013 from consumer appliances to packaging materials, automotive supplies and other consumer goods. Our warehouse employees work in a fast-paced environment [&hellip;]\" \/>\n<meta property=\"og:url\" content=\"https:\/\/www.nunner.com\/es\/carrera-7\/carrera-2\/\" \/>\n<meta property=\"og:site_name\" content=\"Nunner Logistics\" \/>\n<meta property=\"article:publisher\" content=\"https:\/\/www.facebook.com\/Nunner-Logistics-1478544265712063\/\" \/>\n<meta property=\"article:modified_time\" content=\"2022-04-01T14:14:13+00:00\" \/>\n<meta name=\"twitter:card\" content=\"summary_large_image\" \/>\n<meta name=\"twitter:label1\" content=\"Tiempo de lectura\" \/>\n\t<meta name=\"twitter:data1\" content=\"1 minuto\" \/>\n<script type=\"application\/ld+json\" class=\"yoast-schema-graph\">{\"@context\":\"https:\\\/\\\/schema.org\",\"@graph\":[{\"@type\":\"WebPage\",\"@id\":\"https:\\\/\\\/www.nunner.com\\\/teams\\\/warehouse\\\/\",\"url\":\"https:\\\/\\\/www.nunner.com\\\/teams\\\/warehouse\\\/\",\"name\":\"Warehouse - Nunner Logistics\",\"isPartOf\":{\"@id\":\"https:\\\/\\\/www.nunner.com\\\/pt\\\/#website\"},\"datePublished\":\"2022-04-01T14:08:26+00:00\",\"dateModified\":\"2022-04-01T14:14:13+00:00\",\"breadcrumb\":{\"@id\":\"https:\\\/\\\/www.nunner.com\\\/teams\\\/warehouse\\\/#breadcrumb\"},\"inLanguage\":\"es\",\"potentialAction\":[{\"@type\":\"ReadAction\",\"target\":[\"https:\\\/\\\/www.nunner.com\\\/teams\\\/warehouse\\\/\"]}]},{\"@type\":\"BreadcrumbList\",\"@id\":\"https:\\\/\\\/www.nunner.com\\\/teams\\\/warehouse\\\/#breadcrumb\",\"itemListElement\":[{\"@type\":\"ListItem\",\"position\":1,\"name\":\"Home\",\"item\":\"https:\\\/\\\/www.nunner.com\\\/\"},{\"@type\":\"ListItem\",\"position\":2,\"name\":\"Teams\",\"item\":\"https:\\\/\\\/www.nunner.com\\\/teams\\\/\"},{\"@type\":\"ListItem\",\"position\":3,\"name\":\"Warehouse\"}]},{\"@type\":\"WebSite\",\"@id\":\"https:\\\/\\\/www.nunner.com\\\/pt\\\/#website\",\"url\":\"https:\\\/\\\/www.nunner.com\\\/pt\\\/\",\"name\":\"Nunner Logistics\",\"description\":\"Nobody goes further\",\"publisher\":{\"@id\":\"https:\\\/\\\/www.nunner.com\\\/pt\\\/#organization\"},\"potentialAction\":[{\"@type\":\"SearchAction\",\"target\":{\"@type\":\"EntryPoint\",\"urlTemplate\":\"https:\\\/\\\/www.nunner.com\\\/pt\\\/?s={search_term_string}\"},\"query-input\":{\"@type\":\"PropertyValueSpecification\",\"valueRequired\":true,\"valueName\":\"search_term_string\"}}],\"inLanguage\":\"es\"},{\"@type\":\"Organization\",\"@id\":\"https:\\\/\\\/www.nunner.com\\\/pt\\\/#organization\",\"name\":\"Nunner\",\"url\":\"https:\\\/\\\/www.nunner.com\\\/pt\\\/\",\"logo\":{\"@type\":\"ImageObject\",\"inLanguage\":\"es\",\"@id\":\"https:\\\/\\\/www.nunner.com\\\/pt\\\/#\\\/schema\\\/logo\\\/image\\\/\",\"url\":\"http:\\\/\\\/www.nunner.com\\\/wp-content\\\/uploads\\\/2021\\\/06\\\/Nunner-logo-fc.png\",\"contentUrl\":\"http:\\\/\\\/www.nunner.com\\\/wp-content\\\/uploads\\\/2021\\\/06\\\/Nunner-logo-fc.png\",\"width\":570,\"height\":627,\"caption\":\"Nunner\"},\"image\":{\"@id\":\"https:\\\/\\\/www.nunner.com\\\/pt\\\/#\\\/schema\\\/logo\\\/image\\\/\"},\"sameAs\":[\"https:\\\/\\\/www.facebook.com\\\/Nunner-Logistics-1478544265712063\\\/\",\"https:\\\/\\\/www.linkedin.com\\\/company\\\/5214685\\\/\",\"https:\\\/\\\/plus.google.com\\\/u\\\/0\\\/105282352768544693550\"]}]}<\/script>\n<!-- \/ Yoast SEO plugin. -->","yoast_head_json":{"title":"Almac\u00e9n - Nunner Logistics","robots":{"index":"index","follow":"follow","max-snippet":"max-snippet:-1","max-image-preview":"max-image-preview:large","max-video-preview":"max-video-preview:-1"},"canonical":"https:\/\/www.nunner.com\/es\/carrera-7\/carrera-2\/","og_locale":"es_ES","og_type":"article","og_title":"Warehouse - Nunner Logistics","og_description":"Warehouse Efficiently, accurately and timely Every day, our warehouse team practices the highest safety standards while working efficiently, accurately and timely to meet the needs of our logistics customers in a variety of industries \u2013 from consumer appliances to packaging materials, automotive supplies and other consumer goods. Our warehouse employees work in a fast-paced environment [&hellip;]","og_url":"https:\/\/www.nunner.com\/es\/carrera-7\/carrera-2\/","og_site_name":"Nunner Logistics","article_publisher":"https:\/\/www.facebook.com\/Nunner-Logistics-1478544265712063\/","article_modified_time":"2022-04-01T14:14:13+00:00","twitter_card":"summary_large_image","twitter_misc":{"Tiempo de lectura":"1 minuto"},"schema":{"@context":"https:\/\/schema.org","@graph":[{"@type":"WebPage","@id":"https:\/\/www.nunner.com\/teams\/warehouse\/","url":"https:\/\/www.nunner.com\/teams\/warehouse\/","name":"Almac\u00e9n - Nunner Logistics","isPartOf":{"@id":"https:\/\/www.nunner.com\/pt\/#website"},"datePublished":"2022-04-01T14:08:26+00:00","dateModified":"2022-04-01T14:14:13+00:00","breadcrumb":{"@id":"https:\/\/www.nunner.com\/teams\/warehouse\/#breadcrumb"},"inLanguage":"es","potentialAction":[{"@type":"ReadAction","target":["https:\/\/www.nunner.com\/teams\/warehouse\/"]}]},{"@type":"BreadcrumbList","@id":"https:\/\/www.nunner.com\/teams\/warehouse\/#breadcrumb","itemListElement":[{"@type":"ListItem","position":1,"name":"Home","item":"https:\/\/www.nunner.com\/"},{"@type":"ListItem","position":2,"name":"Teams","item":"https:\/\/www.nunner.com\/teams\/"},{"@type":"ListItem","position":3,"name":"Warehouse"}]},{"@type":"WebSite","@id":"https:\/\/www.nunner.com\/pt\/#website","url":"https:\/\/www.nunner.com\/pt\/","name":"Log\u00edstica de Nunner","description":"Nobody goes further","publisher":{"@id":"https:\/\/www.nunner.com\/pt\/#organization"},"potentialAction":[{"@type":"SearchAction","target":{"@type":"EntryPoint","urlTemplate":"https:\/\/www.nunner.com\/pt\/?s={search_term_string}"},"query-input":{"@type":"PropertyValueSpecification","valueRequired":true,"valueName":"search_term_string"}}],"inLanguage":"es"},{"@type":"Organization","@id":"https:\/\/www.nunner.com\/pt\/#organization","name":"Nunner","url":"https:\/\/www.nunner.com\/pt\/","logo":{"@type":"ImageObject","inLanguage":"es","@id":"https:\/\/www.nunner.com\/pt\/#\/schema\/logo\/image\/","url":"http:\/\/www.nunner.com\/wp-content\/uploads\/2021\/06\/Nunner-logo-fc.png","contentUrl":"http:\/\/www.nunner.com\/wp-content\/uploads\/2021\/06\/Nunner-logo-fc.png","width":570,"height":627,"caption":"Nunner"},"image":{"@id":"https:\/\/www.nunner.com\/pt\/#\/schema\/logo\/image\/"},"sameAs":["https:\/\/www.facebook.com\/Nunner-Logistics-1478544265712063\/","https:\/\/www.linkedin.com\/company\/5214685\/","https:\/\/plus.google.com\/u\/0\/105282352768544693550"]}]}},"_links":{"self":[{"href":"https:\/\/www.nunner.com\/es\/wp-json\/wp\/v2\/pages\/6239","targetHints":{"allow":["GET"]}}],"collection":[{"href":"https:\/\/www.nunner.com\/es\/wp-json\/wp\/v2\/pages"}],"about":[{"href":"https:\/\/www.nunner.com\/es\/wp-json\/wp\/v2\/types\/page"}],"author":[{"embeddable":true,"href":"https:\/\/www.nunner.com\/es\/wp-json\/wp\/v2\/users\/1"}],"replies":[{"embeddable":true,"href":"https:\/\/www.nunner.com\/es\/wp-json\/wp\/v2\/comments?post=6239"}],"version-history":[{"count":4,"href":"https:\/\/www.nunner.com\/es\/wp-json\/wp\/v2\/pages\/6239\/revisions"}],"predecessor-version":[{"id":6258,"href":"https:\/\/www.nunner.com\/es\/wp-json\/wp\/v2\/pages\/6239\/revisions\/6258"}],"up":[{"embeddable":true,"href":"https:\/\/www.nunner.com\/es\/wp-json\/wp\/v2\/pages\/6198"}],"wp:attachment":[{"href":"https:\/\/www.nunner.com\/es\/wp-json\/wp\/v2\/media?parent=6239"}],"curies":[{"name":"wp","href":"https:\/\/api.w.org\/{rel}","templated":true}]}}