{"id":573,"date":"2021-06-15T09:09:29","date_gmt":"2021-06-15T09:09:29","guid":{"rendered":"http:\/\/www.nunner.com\/?page_id=573"},"modified":"2021-07-27T10:40:17","modified_gmt":"2021-07-27T10:40:17","slug":"medizinisch-pharmazeutische-produkte","status":"publish","type":"page","link":"https:\/\/www.nunner.com\/de\/discover-us\/by-industry\/health-care-and-pharmaceuticals\/","title":{"rendered":"Gesundheitspflege &amp; Pharmazeutika"},"content":{"rendered":"<div data-elementor-type=\"wp-page\" data-elementor-id=\"573\" class=\"elementor elementor-573\" wpc-filter-elementor-widget=\"1\" data-elementor-post-type=\"page\">\n\t\t\t\t\t\t<section class=\"elementor-section elementor-top-section elementor-element elementor-element-3322a4c elementor-section-height-min-height elementor-section-boxed elementor-section-height-default elementor-section-items-middle\" data-id=\"3322a4c\" data-element_type=\"section\" data-e-type=\"section\" data-settings=\"{&quot;background_background&quot;:&quot;classic&quot;}\">\n\t\t\t\t\t\t<div class=\"elementor-container elementor-column-gap-default\">\n\t\t\t\t\t<div class=\"elementor-column elementor-col-100 elementor-top-column elementor-element elementor-element-1dc4034\" data-id=\"1dc4034\" data-element_type=\"column\" data-e-type=\"column\">\n\t\t\t<div class=\"elementor-widget-wrap\">\n\t\t\t\t\t\t\t<\/div>\n\t\t<\/div>\n\t\t\t\t\t<\/div>\n\t\t<\/section>\n\t\t\t\t<section class=\"elementor-section elementor-top-section elementor-element elementor-element-57adf79 elementor-section-boxed elementor-section-height-default elementor-section-height-default\" data-id=\"57adf79\" data-element_type=\"section\" data-e-type=\"section\">\n\t\t\t\t\t\t<div class=\"elementor-container elementor-column-gap-default\">\n\t\t\t\t\t<div class=\"elementor-column elementor-col-100 elementor-top-column elementor-element elementor-element-a70d700\" data-id=\"a70d700\" data-element_type=\"column\" data-e-type=\"column\">\n\t\t\t<div class=\"elementor-widget-wrap elementor-element-populated\">\n\t\t\t\t\t\t<div class=\"elementor-element elementor-element-b63b0c8 elementor-align-center elementor-widget elementor-widget-breadcrumbs\" data-id=\"b63b0c8\" data-element_type=\"widget\" data-e-type=\"widget\" data-widget_type=\"breadcrumbs.default\">\n\t\t\t\t<div class=\"elementor-widget-container\">\n\t\t\t\t\t<p id=\"breadcrumbs\"><span><span><a href=\"https:\/\/www.nunner.com\/de\/\">Startseite<\/a><\/span><\/span><\/p>\t\t\t\t<\/div>\n\t\t\t\t<\/div>\n\t\t\t\t\t<\/div>\n\t\t<\/div>\n\t\t\t\t\t<\/div>\n\t\t<\/section>\n\t\t\t\t<section class=\"elementor-section elementor-top-section elementor-element elementor-element-3c12d913 elementor-section-boxed elementor-section-height-default elementor-section-height-default\" data-id=\"3c12d913\" data-element_type=\"section\" data-e-type=\"section\" data-settings=\"{&quot;background_background&quot;:&quot;classic&quot;}\">\n\t\t\t\t\t\t<div class=\"elementor-container elementor-column-gap-default\">\n\t\t\t\t\t<div class=\"elementor-column elementor-col-100 elementor-top-column elementor-element elementor-element-3491edc\" data-id=\"3491edc\" data-element_type=\"column\" data-e-type=\"column\">\n\t\t\t<div class=\"elementor-widget-wrap elementor-element-populated\">\n\t\t\t\t\t\t<div class=\"elementor-element elementor-element-c35b4c8 elementor-widget elementor-widget-heading\" data-id=\"c35b4c8\" data-element_type=\"widget\" data-e-type=\"widget\" data-widget_type=\"heading.default\">\n\t\t\t\t<div class=\"elementor-widget-container\">\n\t\t\t\t\t<h2 class=\"elementor-heading-title elementor-size-default\">Healthcare &amp; Pharmaceuticals<\/h2>\t\t\t\t<\/div>\n\t\t\t\t<\/div>\n\t\t\t\t<div class=\"elementor-element elementor-element-9fc2aaa elementor-widget elementor-widget-image\" data-id=\"9fc2aaa\" data-element_type=\"widget\" data-e-type=\"widget\" data-widget_type=\"image.default\">\n\t\t\t\t<div class=\"elementor-widget-container\">\n\t\t\t\t\t\t\t\t\t\t\t\t\t\t\t<img fetchpriority=\"high\" decoding=\"async\" width=\"800\" height=\"334\" src=\"https:\/\/www.nunner.com\/wp-content\/uploads\/2021\/07\/Nunner-Health-care-en-Pharmaceuticals-1024x427.jpg\" class=\"attachment-large size-large wp-image-5604\" alt=\"\" srcset=\"https:\/\/www.nunner.com\/wp-content\/uploads\/2021\/07\/Nunner-Health-care-en-Pharmaceuticals-1024x427.jpg 1024w, https:\/\/www.nunner.com\/wp-content\/uploads\/2021\/07\/Nunner-Health-care-en-Pharmaceuticals-300x125.jpg 300w, https:\/\/www.nunner.com\/wp-content\/uploads\/2021\/07\/Nunner-Health-care-en-Pharmaceuticals-768x320.jpg 768w, https:\/\/www.nunner.com\/wp-content\/uploads\/2021\/07\/Nunner-Health-care-en-Pharmaceuticals-16x7.jpg 16w, https:\/\/www.nunner.com\/wp-content\/uploads\/2021\/07\/Nunner-Health-care-en-Pharmaceuticals.jpg 1200w\" sizes=\"(max-width: 800px) 100vw, 800px\" \/>\t\t\t\t\t\t\t\t\t\t\t\t\t\t\t<\/div>\n\t\t\t\t<\/div>\n\t\t\t\t\t<\/div>\n\t\t<\/div>\n\t\t\t\t\t<\/div>\n\t\t<\/section>\n\t\t\t\t<section class=\"elementor-section elementor-top-section elementor-element elementor-element-080ee9e elementor-section-boxed elementor-section-height-default elementor-section-height-default\" data-id=\"080ee9e\" data-element_type=\"section\" data-e-type=\"section\" data-settings=\"{&quot;background_background&quot;:&quot;classic&quot;}\">\n\t\t\t\t\t\t<div class=\"elementor-container elementor-column-gap-default\">\n\t\t\t\t\t<div class=\"elementor-column elementor-col-100 elementor-top-column elementor-element elementor-element-8cda5f4\" data-id=\"8cda5f4\" data-element_type=\"column\" data-e-type=\"column\">\n\t\t\t<div class=\"elementor-widget-wrap elementor-element-populated\">\n\t\t\t\t\t\t<div class=\"elementor-element elementor-element-b94c1fe elementor-widget elementor-widget-text-editor\" data-id=\"b94c1fe\" data-element_type=\"widget\" data-e-type=\"widget\" data-widget_type=\"text-editor.default\">\n\t\t\t\t<div class=\"elementor-widget-container\">\n\t\t\t\t\t\t\t\t\t<p>Nunner wei\u00df, wie wichtig die Produktqualit\u00e4t und der Produktkettennachweis in der Gesundheits- und Pharmaindustrie sind. Wir bieten die logistischen Prozesse und Technologien, die erforderlich sind, um dies zu gew\u00e4hrleisten. Zerbrochene Verpackungen oder Medikamente, die nicht innerhalb der geforderten Temperaturbereiche gehalten werden, k\u00f6nnen, abgesehen davon, dass sie von den Empf\u00e4ngern abgelehnt werden, zu lebensbedrohlichen Situationen f\u00fchren. Nunner betreibt Supply-Chain-L\u00f6sungen, die sicherstellen, dass zeit- und temperaturempfindliche Produkte sicher ihr Ziel erreichen. Echtzeit-\u00dcberwachung der Temperatur, Siegel, Bulldoglocks, \u00dcberpr\u00fcfung der Fahrer und geschlossene K\u00fchlkettenl\u00f6sungen gew\u00e4hrleisten die Unversehrtheit der Produkte bei der Ankunft.<\/p>\t\t\t\t\t\t\t\t<\/div>\n\t\t\t\t<\/div>\n\t\t\t\t\t<\/div>\n\t\t<\/div>\n\t\t\t\t\t<\/div>\n\t\t<\/section>\n\t\t\t\t<\/div>","protected":false},"excerpt":{"rendered":"<p>Healthcare &#038; Pharmaceuticals Nunner knows how critical product quality and chain of custody are in the health care &amp; pharmaceutical industry. We provide the logistics processes and technology that are required to ensure them. Broken packages or medicines not maintained within required temperature ranges can apart from being refused by consignees, cause life-threatening situations. Nunner [&hellip;]<\/p>\n","protected":false},"author":1,"featured_media":0,"parent":176,"menu_order":2,"comment_status":"closed","ping_status":"closed","template":"","meta":{"footnotes":""},"class_list":["post-573","page","type-page","status-publish","hentry"],"yoast_head":"<!-- This site is optimized with the Yoast SEO plugin v27.3 - https:\/\/yoast.com\/product\/yoast-seo-wordpress\/ -->\n<title>Health care &amp; Pharmaceuticals - Nunner Logistics<\/title>\n<meta name=\"robots\" content=\"index, follow, max-snippet:-1, max-image-preview:large, max-video-preview:-1\" \/>\n<link rel=\"canonical\" href=\"https:\/\/www.nunner.com\/de\/entdecken-us\/branchenbezogen\/medizinisch-pharmazeutische-produkte\/\" \/>\n<meta property=\"og:locale\" content=\"de_DE\" \/>\n<meta property=\"og:type\" content=\"article\" \/>\n<meta property=\"og:title\" content=\"Health care &amp; Pharmaceuticals - Nunner Logistics\" \/>\n<meta property=\"og:description\" content=\"Healthcare &#038; Pharmaceuticals Nunner knows how critical product quality and chain of custody are in the health care &amp; pharmaceutical industry. We provide the logistics processes and technology that are required to ensure them. Broken packages or medicines not maintained within required temperature ranges can apart from being refused by consignees, cause life-threatening situations. Nunner [&hellip;]\" \/>\n<meta property=\"og:url\" content=\"https:\/\/www.nunner.com\/de\/entdecken-us\/branchenbezogen\/medizinisch-pharmazeutische-produkte\/\" \/>\n<meta property=\"og:site_name\" content=\"Nunner Logistics\" \/>\n<meta property=\"article:publisher\" content=\"https:\/\/www.facebook.com\/Nunner-Logistics-1478544265712063\/\" \/>\n<meta property=\"article:modified_time\" content=\"2021-07-27T10:40:17+00:00\" \/>\n<meta property=\"og:image\" content=\"http:\/\/www.nunner.com\/wp-content\/uploads\/2021\/07\/Nunner-Health-care-en-Pharmaceuticals-1024x427.jpg\" \/>\n<meta name=\"twitter:card\" content=\"summary_large_image\" \/>\n<meta name=\"twitter:label1\" content=\"Gesch\u00e4tzte Lesezeit\" \/>\n\t<meta name=\"twitter:data1\" content=\"1\u00a0Minute\" \/>\n<script type=\"application\/ld+json\" class=\"yoast-schema-graph\">{\"@context\":\"https:\\\/\\\/schema.org\",\"@graph\":[{\"@type\":\"WebPage\",\"@id\":\"https:\\\/\\\/www.nunner.com\\\/discover-us\\\/by-industry\\\/health-care-and-pharmaceuticals\\\/\",\"url\":\"https:\\\/\\\/www.nunner.com\\\/discover-us\\\/by-industry\\\/health-care-and-pharmaceuticals\\\/\",\"name\":\"Health care & Pharmaceuticals - Nunner Logistics\",\"isPartOf\":{\"@id\":\"https:\\\/\\\/www.nunner.com\\\/pt\\\/#website\"},\"primaryImageOfPage\":{\"@id\":\"https:\\\/\\\/www.nunner.com\\\/discover-us\\\/by-industry\\\/health-care-and-pharmaceuticals\\\/#primaryimage\"},\"image\":{\"@id\":\"https:\\\/\\\/www.nunner.com\\\/discover-us\\\/by-industry\\\/health-care-and-pharmaceuticals\\\/#primaryimage\"},\"thumbnailUrl\":\"http:\\\/\\\/www.nunner.com\\\/wp-content\\\/uploads\\\/2021\\\/07\\\/Nunner-Health-care-en-Pharmaceuticals-1024x427.jpg\",\"datePublished\":\"2021-06-15T09:09:29+00:00\",\"dateModified\":\"2021-07-27T10:40:17+00:00\",\"breadcrumb\":{\"@id\":\"https:\\\/\\\/www.nunner.com\\\/discover-us\\\/by-industry\\\/health-care-and-pharmaceuticals\\\/#breadcrumb\"},\"inLanguage\":\"de\",\"potentialAction\":[{\"@type\":\"ReadAction\",\"target\":[\"https:\\\/\\\/www.nunner.com\\\/discover-us\\\/by-industry\\\/health-care-and-pharmaceuticals\\\/\"]}]},{\"@type\":\"ImageObject\",\"inLanguage\":\"de\",\"@id\":\"https:\\\/\\\/www.nunner.com\\\/discover-us\\\/by-industry\\\/health-care-and-pharmaceuticals\\\/#primaryimage\",\"url\":\"http:\\\/\\\/www.nunner.com\\\/wp-content\\\/uploads\\\/2021\\\/07\\\/Nunner-Health-care-en-Pharmaceuticals-1024x427.jpg\",\"contentUrl\":\"http:\\\/\\\/www.nunner.com\\\/wp-content\\\/uploads\\\/2021\\\/07\\\/Nunner-Health-care-en-Pharmaceuticals-1024x427.jpg\"},{\"@type\":\"BreadcrumbList\",\"@id\":\"https:\\\/\\\/www.nunner.com\\\/discover-us\\\/by-industry\\\/health-care-and-pharmaceuticals\\\/#breadcrumb\",\"itemListElement\":[{\"@type\":\"ListItem\",\"position\":1,\"name\":\"Home\",\"item\":\"https:\\\/\\\/www.nunner.com\\\/\"},{\"@type\":\"ListItem\",\"position\":2,\"name\":\"Discover us\",\"item\":\"https:\\\/\\\/www.nunner.com\\\/de\\\/entdecken-us\\\/\"},{\"@type\":\"ListItem\",\"position\":3,\"name\":\"By Industry\",\"item\":\"https:\\\/\\\/www.nunner.com\\\/discover-us\\\/by-industry\\\/\"},{\"@type\":\"ListItem\",\"position\":4,\"name\":\"Health care &#038; Pharmaceuticals\"}]},{\"@type\":\"WebSite\",\"@id\":\"https:\\\/\\\/www.nunner.com\\\/pt\\\/#website\",\"url\":\"https:\\\/\\\/www.nunner.com\\\/pt\\\/\",\"name\":\"Nunner Logistics\",\"description\":\"Nobody goes further\",\"publisher\":{\"@id\":\"https:\\\/\\\/www.nunner.com\\\/pt\\\/#organization\"},\"potentialAction\":[{\"@type\":\"SearchAction\",\"target\":{\"@type\":\"EntryPoint\",\"urlTemplate\":\"https:\\\/\\\/www.nunner.com\\\/pt\\\/?s={search_term_string}\"},\"query-input\":{\"@type\":\"PropertyValueSpecification\",\"valueRequired\":true,\"valueName\":\"search_term_string\"}}],\"inLanguage\":\"de\"},{\"@type\":\"Organization\",\"@id\":\"https:\\\/\\\/www.nunner.com\\\/pt\\\/#organization\",\"name\":\"Nunner\",\"url\":\"https:\\\/\\\/www.nunner.com\\\/pt\\\/\",\"logo\":{\"@type\":\"ImageObject\",\"inLanguage\":\"de\",\"@id\":\"https:\\\/\\\/www.nunner.com\\\/pt\\\/#\\\/schema\\\/logo\\\/image\\\/\",\"url\":\"http:\\\/\\\/www.nunner.com\\\/wp-content\\\/uploads\\\/2021\\\/06\\\/Nunner-logo-fc.png\",\"contentUrl\":\"http:\\\/\\\/www.nunner.com\\\/wp-content\\\/uploads\\\/2021\\\/06\\\/Nunner-logo-fc.png\",\"width\":570,\"height\":627,\"caption\":\"Nunner\"},\"image\":{\"@id\":\"https:\\\/\\\/www.nunner.com\\\/pt\\\/#\\\/schema\\\/logo\\\/image\\\/\"},\"sameAs\":[\"https:\\\/\\\/www.facebook.com\\\/Nunner-Logistics-1478544265712063\\\/\",\"https:\\\/\\\/www.linkedin.com\\\/company\\\/5214685\\\/\",\"https:\\\/\\\/plus.google.com\\\/u\\\/0\\\/105282352768544693550\"]}]}<\/script>\n<!-- \/ Yoast SEO plugin. -->","yoast_head_json":{"title":"Gesundheitswesen &amp; Pharmazeutika - Nunner Logistics","robots":{"index":"index","follow":"follow","max-snippet":"max-snippet:-1","max-image-preview":"max-image-preview:large","max-video-preview":"max-video-preview:-1"},"canonical":"https:\/\/www.nunner.com\/de\/entdecken-us\/branchenbezogen\/medizinisch-pharmazeutische-produkte\/","og_locale":"de_DE","og_type":"article","og_title":"Health care & Pharmaceuticals - Nunner Logistics","og_description":"Healthcare &#038; Pharmaceuticals Nunner knows how critical product quality and chain of custody are in the health care &amp; pharmaceutical industry. We provide the logistics processes and technology that are required to ensure them. Broken packages or medicines not maintained within required temperature ranges can apart from being refused by consignees, cause life-threatening situations. Nunner [&hellip;]","og_url":"https:\/\/www.nunner.com\/de\/entdecken-us\/branchenbezogen\/medizinisch-pharmazeutische-produkte\/","og_site_name":"Nunner Logistics","article_publisher":"https:\/\/www.facebook.com\/Nunner-Logistics-1478544265712063\/","article_modified_time":"2021-07-27T10:40:17+00:00","og_image":[{"url":"http:\/\/www.nunner.com\/wp-content\/uploads\/2021\/07\/Nunner-Health-care-en-Pharmaceuticals-1024x427.jpg","type":"","width":"","height":""}],"twitter_card":"summary_large_image","twitter_misc":{"Gesch\u00e4tzte Lesezeit":"1\u00a0Minute"},"schema":{"@context":"https:\/\/schema.org","@graph":[{"@type":"WebPage","@id":"https:\/\/www.nunner.com\/discover-us\/by-industry\/health-care-and-pharmaceuticals\/","url":"https:\/\/www.nunner.com\/discover-us\/by-industry\/health-care-and-pharmaceuticals\/","name":"Gesundheitswesen &amp; Pharmazeutika - Nunner Logistics","isPartOf":{"@id":"https:\/\/www.nunner.com\/pt\/#website"},"primaryImageOfPage":{"@id":"https:\/\/www.nunner.com\/discover-us\/by-industry\/health-care-and-pharmaceuticals\/#primaryimage"},"image":{"@id":"https:\/\/www.nunner.com\/discover-us\/by-industry\/health-care-and-pharmaceuticals\/#primaryimage"},"thumbnailUrl":"http:\/\/www.nunner.com\/wp-content\/uploads\/2021\/07\/Nunner-Health-care-en-Pharmaceuticals-1024x427.jpg","datePublished":"2021-06-15T09:09:29+00:00","dateModified":"2021-07-27T10:40:17+00:00","breadcrumb":{"@id":"https:\/\/www.nunner.com\/discover-us\/by-industry\/health-care-and-pharmaceuticals\/#breadcrumb"},"inLanguage":"de","potentialAction":[{"@type":"ReadAction","target":["https:\/\/www.nunner.com\/discover-us\/by-industry\/health-care-and-pharmaceuticals\/"]}]},{"@type":"ImageObject","inLanguage":"de","@id":"https:\/\/www.nunner.com\/discover-us\/by-industry\/health-care-and-pharmaceuticals\/#primaryimage","url":"http:\/\/www.nunner.com\/wp-content\/uploads\/2021\/07\/Nunner-Health-care-en-Pharmaceuticals-1024x427.jpg","contentUrl":"http:\/\/www.nunner.com\/wp-content\/uploads\/2021\/07\/Nunner-Health-care-en-Pharmaceuticals-1024x427.jpg"},{"@type":"BreadcrumbList","@id":"https:\/\/www.nunner.com\/discover-us\/by-industry\/health-care-and-pharmaceuticals\/#breadcrumb","itemListElement":[{"@type":"ListItem","position":1,"name":"Home","item":"https:\/\/www.nunner.com\/"},{"@type":"ListItem","position":2,"name":"Discover us","item":"https:\/\/www.nunner.com\/de\/entdecken-us\/"},{"@type":"ListItem","position":3,"name":"By Industry","item":"https:\/\/www.nunner.com\/discover-us\/by-industry\/"},{"@type":"ListItem","position":4,"name":"Health care &#038; Pharmaceuticals"}]},{"@type":"WebSite","@id":"https:\/\/www.nunner.com\/pt\/#website","url":"https:\/\/www.nunner.com\/pt\/","name":"Nunner Logistik","description":"Nobody goes further","publisher":{"@id":"https:\/\/www.nunner.com\/pt\/#organization"},"potentialAction":[{"@type":"SearchAction","target":{"@type":"EntryPoint","urlTemplate":"https:\/\/www.nunner.com\/pt\/?s={search_term_string}"},"query-input":{"@type":"PropertyValueSpecification","valueRequired":true,"valueName":"search_term_string"}}],"inLanguage":"de"},{"@type":"Organization","@id":"https:\/\/www.nunner.com\/pt\/#organization","name":"Nunner","url":"https:\/\/www.nunner.com\/pt\/","logo":{"@type":"ImageObject","inLanguage":"de","@id":"https:\/\/www.nunner.com\/pt\/#\/schema\/logo\/image\/","url":"http:\/\/www.nunner.com\/wp-content\/uploads\/2021\/06\/Nunner-logo-fc.png","contentUrl":"http:\/\/www.nunner.com\/wp-content\/uploads\/2021\/06\/Nunner-logo-fc.png","width":570,"height":627,"caption":"Nunner"},"image":{"@id":"https:\/\/www.nunner.com\/pt\/#\/schema\/logo\/image\/"},"sameAs":["https:\/\/www.facebook.com\/Nunner-Logistics-1478544265712063\/","https:\/\/www.linkedin.com\/company\/5214685\/","https:\/\/plus.google.com\/u\/0\/105282352768544693550"]}]}},"_links":{"self":[{"href":"https:\/\/www.nunner.com\/de\/wp-json\/wp\/v2\/pages\/573","targetHints":{"allow":["GET"]}}],"collection":[{"href":"https:\/\/www.nunner.com\/de\/wp-json\/wp\/v2\/pages"}],"about":[{"href":"https:\/\/www.nunner.com\/de\/wp-json\/wp\/v2\/types\/page"}],"author":[{"embeddable":true,"href":"https:\/\/www.nunner.com\/de\/wp-json\/wp\/v2\/users\/1"}],"replies":[{"embeddable":true,"href":"https:\/\/www.nunner.com\/de\/wp-json\/wp\/v2\/comments?post=573"}],"version-history":[{"count":12,"href":"https:\/\/www.nunner.com\/de\/wp-json\/wp\/v2\/pages\/573\/revisions"}],"predecessor-version":[{"id":5643,"href":"https:\/\/www.nunner.com\/de\/wp-json\/wp\/v2\/pages\/573\/revisions\/5643"}],"up":[{"embeddable":true,"href":"https:\/\/www.nunner.com\/de\/wp-json\/wp\/v2\/pages\/176"}],"wp:attachment":[{"href":"https:\/\/www.nunner.com\/de\/wp-json\/wp\/v2\/media?parent=573"}],"curies":[{"name":"wp","href":"https:\/\/api.w.org\/{rel}","templated":true}]}}